{"id":88792,"date":"2021-02-21T21:05:56","date_gmt":"2021-02-21T21:05:56","guid":{"rendered":"https:\/\/www.autonvaraosahaku.fi\/?product=vaico-v10-2345-jaahdytysnesteen-laippa"},"modified":"2021-02-21T21:05:58","modified_gmt":"2021-02-21T21:05:58","slug":"vaico-v10-2345-jaahdytysnesteen-laippa","status":"publish","type":"product","link":"https:\/\/www.autonvaraosahaku.fi\/?product=vaico-v10-2345-jaahdytysnesteen-laippa","title":{"rendered":"VAICO V10-2345 J\u00e4\u00e4hdytysnesteen laippa"},"content":{"rendered":"<p>Asennuspuoli: Takana; Suodatintyyppi: pikakiinnityksell\u00e4; OE-numerolle: 038 121 144 A; Paino [kg]: 0,07; Pakkausleveys [cm]: 6,6; Pakkauskorkeus [mm]: 3,5; Pakkaussyvyys [cm]: 7,7; lis\u00e4tieto: CST99; TECDOC-moottorinumero: 13443; VW: PASSAT Variant 3B6,SHARAN 7M8, 7M9, 7M6,PASSAT Variant 3B5,PASSAT 3B2,PASSAT 3B3; AUDI: A4 8D2, B5,A4 Avant 8E5, B6,A6 Avant 4B5, C5,A4 Avant 8D5, B5,A4 8E2, B6,A6 4B2, C5; SKODA: SUPERB 3U4; 038121144A, 038121144A, 38121144A, 038121144A, 38121144A, 038121144A<\/p>\n","protected":false},"excerpt":{"rendered":"<p>VAICO J\u00e4\u00e4hdytysnesteen Laippa V10-2345  VW,AUDI,SKODA,PASSAT Variant 3B6,SHARAN 7M8, 7M9, 7M6,PASSAT Variant 3B5,PASSAT 3B2,PASSAT 3B3,A4 8D2, B5<\/p>\n","protected":false},"featured_media":0,"template":"","meta":{"site-sidebar-layout":"default","site-content-layout":"default","ast-global-header-display":"","ast-main-header-display":"","ast-hfb-above-header-display":"","ast-hfb-below-header-display":"","ast-hfb-mobile-header-display":"","site-post-title":"","ast-breadcrumbs-content":"","ast-featured-img":"","footer-sml-layout":"","theme-transparent-header-meta":"","adv-header-id-meta":"","stick-header-meta":"","header-above-stick-meta":"","header-main-stick-meta":"","header-below-stick-meta":""},"pwb-brand":[330],"product_cat":[207],"product_tag":[],"class_list":{"0":"post-88792","1":"product","2":"type-product","3":"status-publish","5":"pwb-brand-vaico","6":"product_cat-jaahdytysnesteen-laippa","7":"desktop-align-left","8":"tablet-align-left","9":"mobile-align-left","11":"first","12":"instock","13":"product-type-external"},"brands":[{"id":330,"name":"VAICO","slug":"vaico"}],"_links":{"self":[{"href":"https:\/\/www.autonvaraosahaku.fi\/index.php?rest_route=\/wp\/v2\/product\/88792","targetHints":{"allow":["GET"]}}],"collection":[{"href":"https:\/\/www.autonvaraosahaku.fi\/index.php?rest_route=\/wp\/v2\/product"}],"about":[{"href":"https:\/\/www.autonvaraosahaku.fi\/index.php?rest_route=\/wp\/v2\/types\/product"}],"wp:attachment":[{"href":"https:\/\/www.autonvaraosahaku.fi\/index.php?rest_route=%2Fwp%2Fv2%2Fmedia&parent=88792"}],"wp:term":[{"taxonomy":"pwb-brand","embeddable":true,"href":"https:\/\/www.autonvaraosahaku.fi\/index.php?rest_route=%2Fwp%2Fv2%2Fpwb-brand&post=88792"},{"taxonomy":"product_cat","embeddable":true,"href":"https:\/\/www.autonvaraosahaku.fi\/index.php?rest_route=%2Fwp%2Fv2%2Fproduct_cat&post=88792"},{"taxonomy":"product_tag","embeddable":true,"href":"https:\/\/www.autonvaraosahaku.fi\/index.php?rest_route=%2Fwp%2Fv2%2Fproduct_tag&post=88792"}],"curies":[{"name":"wp","href":"https:\/\/api.w.org\/{rel}","templated":true}]}}