{"id":88793,"date":"2021-02-21T21:05:56","date_gmt":"2021-02-21T21:05:56","guid":{"rendered":"https:\/\/www.autonvaraosahaku.fi\/?product=nrf-55321-jaahdytin"},"modified":"2021-02-21T21:05:59","modified_gmt":"2021-02-21T21:05:59","slug":"nrf-55321-jaahdytin","status":"publish","type":"product","link":"https:\/\/www.autonvaraosahaku.fi\/?product=nrf-55321-jaahdytin","title":{"rendered":"NRF 55321 J\u00e4\u00e4hdytin"},"content":{"rendered":"<p>Materiaali: Alumiini; Verkon pituus [mm]: 435; Verkon leveys [mm]: 650; Verkon syvyys [mm]: 34; J\u00e4\u00e4hdytintyyppi: J\u00e4\u00e4hdytysrivat juotetut; Valmistusvuosi alkaen: 10\/1998; BMW: 5 E39,5 Touring E39,7 E38; 1360060, 1360061, 1436060, 1436061, 1463061, 17111360060, 17111360061, 17111436060, 17111436061, 17111463061; Syyl\u00e4ri,J\u00e4\u00e4hdytin,Moottorin J\u00e4\u00e4hdytys<\/p>\n","protected":false},"excerpt":{"rendered":"<p>NRF J\u00e4\u00e4hdytin 55321 Syyl\u00e4ri,J\u00e4\u00e4hdytin,Moottorin J\u00e4\u00e4hdytys BMW,5 E39,5 Touring E39,7 E38<\/p>\n","protected":false},"featured_media":0,"template":"","meta":{"site-sidebar-layout":"default","site-content-layout":"default","ast-global-header-display":"","ast-main-header-display":"","ast-hfb-above-header-display":"","ast-hfb-below-header-display":"","ast-hfb-mobile-header-display":"","site-post-title":"","ast-breadcrumbs-content":"","ast-featured-img":"","footer-sml-layout":"","theme-transparent-header-meta":"","adv-header-id-meta":"","stick-header-meta":"","header-above-stick-meta":"","header-main-stick-meta":"","header-below-stick-meta":""},"pwb-brand":[85],"product_cat":[421],"product_tag":[],"class_list":{"0":"post-88793","1":"product","2":"type-product","3":"status-publish","5":"pwb-brand-nrf","6":"product_cat-jaahdytin","7":"desktop-align-left","8":"tablet-align-left","9":"mobile-align-left","11":"first","12":"instock","13":"product-type-external"},"brands":[{"id":85,"name":"NRF","slug":"nrf"}],"_links":{"self":[{"href":"https:\/\/www.autonvaraosahaku.fi\/index.php?rest_route=\/wp\/v2\/product\/88793","targetHints":{"allow":["GET"]}}],"collection":[{"href":"https:\/\/www.autonvaraosahaku.fi\/index.php?rest_route=\/wp\/v2\/product"}],"about":[{"href":"https:\/\/www.autonvaraosahaku.fi\/index.php?rest_route=\/wp\/v2\/types\/product"}],"wp:attachment":[{"href":"https:\/\/www.autonvaraosahaku.fi\/index.php?rest_route=%2Fwp%2Fv2%2Fmedia&parent=88793"}],"wp:term":[{"taxonomy":"pwb-brand","embeddable":true,"href":"https:\/\/www.autonvaraosahaku.fi\/index.php?rest_route=%2Fwp%2Fv2%2Fpwb-brand&post=88793"},{"taxonomy":"product_cat","embeddable":true,"href":"https:\/\/www.autonvaraosahaku.fi\/index.php?rest_route=%2Fwp%2Fv2%2Fproduct_cat&post=88793"},{"taxonomy":"product_tag","embeddable":true,"href":"https:\/\/www.autonvaraosahaku.fi\/index.php?rest_route=%2Fwp%2Fv2%2Fproduct_tag&post=88793"}],"curies":[{"name":"wp","href":"https:\/\/api.w.org\/{rel}","templated":true}]}}