{"id":88803,"date":"2021-02-21T21:05:56","date_gmt":"2021-02-21T21:05:56","guid":{"rendered":"https:\/\/www.autonvaraosahaku.fi\/?product=zimmermann-23312-200-9-jarrupalat"},"modified":"2021-02-21T21:06:04","modified_gmt":"2021-02-21T21:06:04","slug":"zimmermann-23312-200-9-jarrupalat","status":"publish","type":"product","link":"https:\/\/www.autonvaraosahaku.fi\/?product=zimmermann-23312-200-9-jarrupalat","title":{"rendered":"ZIMMERMANN 23312.200.9 Jarrupalat"},"content":{"rendered":"<p>Jarruj\u00e4rjestelm\u00e4: Ate &#8211; Teves; Leveys (mm): 155; Korkeus (mm): 68; Paksuus [mm]: 20; Kulumisenilmaisimen liitos: Kulumisenilmaisemelle; Tarkistuskilpi: ECE R90 APPROVED, ECE R90 APPROVED; M\u00e4\u00e4r\u00e4yksikk\u00f6: Akselisarja; Asennuspuoli: Vorderachse; BMW: 3 E90,5 E60,5 Touring E61,3 Coupe E92,3 Cabriolet E93,7 E65, E66, E67,1 Coupe E82,6 E63,6 Cabriolet E64; 34112283865, 34112288873, 34112339270, 34116753668, 34116761283, 34116763089, 34116763591, 34116764540, 34116767580, 34116781873, 34116794915, 34116794918; Jarrupalasarja,Jarrupala, Levyjarru<\/p>\n","protected":false},"excerpt":{"rendered":"<p>ZIMMERMANN Jarrupalat pb:z 23312.200.9 Jarrupalasarja,Jarrupala, Levyjarru BMW,3 E90,5 E60,5 Touring E61,3 Coupe E92,3 Cabriolet E93,7 E65, E66, E67<\/p>\n","protected":false},"featured_media":0,"template":"","meta":{"site-sidebar-layout":"default","site-content-layout":"default","ast-global-header-display":"","ast-main-header-display":"","ast-hfb-above-header-display":"","ast-hfb-below-header-display":"","ast-hfb-mobile-header-display":"","site-post-title":"","ast-breadcrumbs-content":"","ast-featured-img":"","footer-sml-layout":"","theme-transparent-header-meta":"","adv-header-id-meta":"","stick-header-meta":"","header-above-stick-meta":"","header-main-stick-meta":"","header-below-stick-meta":""},"pwb-brand":[145],"product_cat":[100],"product_tag":[],"class_list":{"0":"post-88803","1":"product","2":"type-product","3":"status-publish","5":"pwb-brand-zimmermann","6":"product_cat-jarrupalat","7":"desktop-align-left","8":"tablet-align-left","9":"mobile-align-left","11":"first","12":"instock","13":"product-type-external"},"brands":[{"id":145,"name":"ZIMMERMANN","slug":"zimmermann"}],"_links":{"self":[{"href":"https:\/\/www.autonvaraosahaku.fi\/index.php?rest_route=\/wp\/v2\/product\/88803","targetHints":{"allow":["GET"]}}],"collection":[{"href":"https:\/\/www.autonvaraosahaku.fi\/index.php?rest_route=\/wp\/v2\/product"}],"about":[{"href":"https:\/\/www.autonvaraosahaku.fi\/index.php?rest_route=\/wp\/v2\/types\/product"}],"wp:attachment":[{"href":"https:\/\/www.autonvaraosahaku.fi\/index.php?rest_route=%2Fwp%2Fv2%2Fmedia&parent=88803"}],"wp:term":[{"taxonomy":"pwb-brand","embeddable":true,"href":"https:\/\/www.autonvaraosahaku.fi\/index.php?rest_route=%2Fwp%2Fv2%2Fpwb-brand&post=88803"},{"taxonomy":"product_cat","embeddable":true,"href":"https:\/\/www.autonvaraosahaku.fi\/index.php?rest_route=%2Fwp%2Fv2%2Fproduct_cat&post=88803"},{"taxonomy":"product_tag","embeddable":true,"href":"https:\/\/www.autonvaraosahaku.fi\/index.php?rest_route=%2Fwp%2Fv2%2Fproduct_tag&post=88803"}],"curies":[{"name":"wp","href":"https:\/\/api.w.org\/{rel}","templated":true}]}}