{"id":88809,"date":"2021-02-21T21:05:56","date_gmt":"2021-02-21T21:05:56","guid":{"rendered":"https:\/\/www.autonvaraosahaku.fi\/?product=nrf-50437-jaahdytin"},"modified":"2021-02-21T21:06:07","modified_gmt":"2021-02-21T21:06:07","slug":"nrf-50437-jaahdytin","status":"publish","type":"product","link":"https:\/\/www.autonvaraosahaku.fi\/?product=nrf-50437-jaahdytin","title":{"rendered":"NRF 50437 J\u00e4\u00e4hdytin"},"content":{"rendered":"<p>Materiaali: Alumiini; Verkon pituus [mm]: 554; Verkon leveys [mm]: 380; Verkon syvyys [mm]: 29; Laatu \/ luokka: Easy Fit; J\u00e4\u00e4hdytintyyppi: J\u00e4\u00e4hdytysrivat juotetut; Tuotelinja: EASY FIT; Vaihteistomalli: Schaltgetriebe 5 Gang; PEUGEOT: 207 WA_, WC_,307 SW 3H,207 CC WD_,307 CC 3B,407 SW 6E_,307 3A\/C,207 SW WK_,308 SW,308 4A_, 4C_,5008,307 Break 3E,407 6D_,3008,PARTNER Tepee,RCZ,308 CC,1007 KM_,PARTNER Kasten 5,407 Coupe 6C_,PARTNER Kasten,207 Van,PARTNER Pritsche\/Fahrgestell,5008 II; CITRO\u00cbN: C2 JM_,BERLINGO B9,C5 III Break TD_,C4 Picasso I UD_,C4 Grand Picasso I UA_,C4 I LC_,BERLINGO Kasten M_,C5 II Break RE_,C5 III RD_,C4 Coupe LA_,C4 II B7,C5 II RC_,BERLINGO Kasten B9,C4 Grand Picasso II,DS4,DS5,C4 Stufenheck L,C2 ENTERPRISE,BERLINGO Pritsche\/Fahrgestell B9,C4 Stufenheck N; DS: DS5,DS 4 \/ DS 4 CROSSBACK; 1330F5, 1330J7, 1330S5, 1330S8, 1330W2, 1330Y5, 133308, 133377, 133379, 133387, 133391, 1333A2, 96455874, 9645587480, 96465776, 9646577680, 96805334, 9680533480, 1330F5, 1330J7, 1330S5, 1330S8, 1330W2, 1330Y5, 133308, 133377, 133379, 133387, 133391, 1333A2, 96455874, 9645587480, 96465776, 9646577680, 96805334, 9680533480; Syyl\u00e4ri,J\u00e4\u00e4hdytin,Moottorin J\u00e4\u00e4hdytys<\/p>\n","protected":false},"excerpt":{"rendered":"<p>NRF J\u00e4\u00e4hdytin 50437 Syyl\u00e4ri,J\u00e4\u00e4hdytin,Moottorin J\u00e4\u00e4hdytys PEUGEOT,CITRO\u00cbN,DS,207 WA_, WC_,307 SW 3H,207 CC WD_,307 CC 3B,407 SW 6E_,307 3A\/C<\/p>\n","protected":false},"featured_media":0,"template":"","meta":{"site-sidebar-layout":"default","site-content-layout":"default","ast-global-header-display":"","ast-main-header-display":"","ast-hfb-above-header-display":"","ast-hfb-below-header-display":"","ast-hfb-mobile-header-display":"","site-post-title":"","ast-breadcrumbs-content":"","ast-featured-img":"","footer-sml-layout":"","theme-transparent-header-meta":"","adv-header-id-meta":"","stick-header-meta":"","header-above-stick-meta":"","header-main-stick-meta":"","header-below-stick-meta":""},"pwb-brand":[85],"product_cat":[421],"product_tag":[],"class_list":{"0":"post-88809","1":"product","2":"type-product","3":"status-publish","5":"pwb-brand-nrf","6":"product_cat-jaahdytin","7":"desktop-align-left","8":"tablet-align-left","9":"mobile-align-left","11":"first","12":"instock","13":"product-type-external"},"brands":[{"id":85,"name":"NRF","slug":"nrf"}],"_links":{"self":[{"href":"https:\/\/www.autonvaraosahaku.fi\/index.php?rest_route=\/wp\/v2\/product\/88809","targetHints":{"allow":["GET"]}}],"collection":[{"href":"https:\/\/www.autonvaraosahaku.fi\/index.php?rest_route=\/wp\/v2\/product"}],"about":[{"href":"https:\/\/www.autonvaraosahaku.fi\/index.php?rest_route=\/wp\/v2\/types\/product"}],"wp:attachment":[{"href":"https:\/\/www.autonvaraosahaku.fi\/index.php?rest_route=%2Fwp%2Fv2%2Fmedia&parent=88809"}],"wp:term":[{"taxonomy":"pwb-brand","embeddable":true,"href":"https:\/\/www.autonvaraosahaku.fi\/index.php?rest_route=%2Fwp%2Fv2%2Fpwb-brand&post=88809"},{"taxonomy":"product_cat","embeddable":true,"href":"https:\/\/www.autonvaraosahaku.fi\/index.php?rest_route=%2Fwp%2Fv2%2Fproduct_cat&post=88809"},{"taxonomy":"product_tag","embeddable":true,"href":"https:\/\/www.autonvaraosahaku.fi\/index.php?rest_route=%2Fwp%2Fv2%2Fproduct_tag&post=88809"}],"curies":[{"name":"wp","href":"https:\/\/api.w.org\/{rel}","templated":true}]}}