{"id":8882,"date":"2021-02-21T14:04:20","date_gmt":"2021-02-21T14:04:20","guid":{"rendered":"https:\/\/www.autonvaraosahaku.fi\/?product=master-sport-24011301841-pcs-ms-jarrulevyt"},"modified":"2021-02-21T14:04:20","modified_gmt":"2021-02-21T14:04:20","slug":"master-sport-24011301841-pcs-ms-jarrulevyt","status":"publish","type":"product","link":"https:\/\/www.autonvaraosahaku.fi\/?product=master-sport-24011301841-pcs-ms-jarrulevyt","title":{"rendered":"MASTER-SPORT 24011301841-PCS-MS Jarrulevyt"},"content":{"rendered":"<p>L\u00e4pimitta [mm]: 266,0; Jarrulevytyyppi: Vakiomalli; Jarrulevyn paksuus (mm): 13,0; Korkeus (mm): 27,2; Reik\u00e4-\u00d8 [mm]: 13,0, 13; V\u00e4himm\u00e4ispaksuus (mm): 11,0; Sis\u00e4l\u00e4pimitta [mm]: 133,0; Reikien m\u00e4\u00e4r\u00e4: 4; keskitt\u00e4misl\u00e4pimitta [mm]: 66,0; Reik\u00e4ympyr\u00e4-\u00d8 [mm]: 108,0; Nettopaino [kg]: 4,24; Bruttopaino [kg]: 4,43; M\u00e4\u00e4r\u00e4yksikk\u00f6: Kappale; Asennuspuoli: Vorderachse; CITRO\u00cbN: BERLINGO MF,C2 JM_,C3 I FC_,BERLINGO Kasten M_,C2 ENTERPRISE,C-ELYSEE,C4 CACTUS; PEUGEOT: PARTNER Combispace 5F,PARTNER Kasten 5,301; 1608691680, 4246R4, 424982, 1608691680, 4246R2; Jarrulevy<\/p>\n","protected":false},"excerpt":{"rendered":"<p>MASTER-SPORT Jarrulevyt 24011301841-PCS-MS Jarrulevy CITRO\u00cbN,PEUGEOT,BERLINGO MF,C2 JM_,C3 I FC_,BERLINGO Kasten M_,C2 ENTERPRISE,C-ELYSEE,C4 CACTUS<\/p>\n","protected":false},"featured_media":0,"template":"","meta":{"site-sidebar-layout":"default","site-content-layout":"default","ast-global-header-display":"","ast-main-header-display":"","ast-hfb-above-header-display":"","ast-hfb-below-header-display":"","ast-hfb-mobile-header-display":"","site-post-title":"","ast-breadcrumbs-content":"","ast-featured-img":"","footer-sml-layout":"","theme-transparent-header-meta":"","adv-header-id-meta":"","stick-header-meta":"","header-above-stick-meta":"","header-main-stick-meta":"","header-below-stick-meta":""},"pwb-brand":[61],"product_cat":[66],"product_tag":[],"class_list":{"0":"post-8882","1":"product","2":"type-product","3":"status-publish","5":"pwb-brand-master-sport","6":"product_cat-jarrulevyt","7":"desktop-align-left","8":"tablet-align-left","9":"mobile-align-left","11":"first","12":"instock","13":"product-type-external"},"brands":[{"id":61,"name":"MASTER-SPORT","slug":"master-sport"}],"_links":{"self":[{"href":"https:\/\/www.autonvaraosahaku.fi\/index.php?rest_route=\/wp\/v2\/product\/8882","targetHints":{"allow":["GET"]}}],"collection":[{"href":"https:\/\/www.autonvaraosahaku.fi\/index.php?rest_route=\/wp\/v2\/product"}],"about":[{"href":"https:\/\/www.autonvaraosahaku.fi\/index.php?rest_route=\/wp\/v2\/types\/product"}],"wp:attachment":[{"href":"https:\/\/www.autonvaraosahaku.fi\/index.php?rest_route=%2Fwp%2Fv2%2Fmedia&parent=8882"}],"wp:term":[{"taxonomy":"pwb-brand","embeddable":true,"href":"https:\/\/www.autonvaraosahaku.fi\/index.php?rest_route=%2Fwp%2Fv2%2Fpwb-brand&post=8882"},{"taxonomy":"product_cat","embeddable":true,"href":"https:\/\/www.autonvaraosahaku.fi\/index.php?rest_route=%2Fwp%2Fv2%2Fproduct_cat&post=8882"},{"taxonomy":"product_tag","embeddable":true,"href":"https:\/\/www.autonvaraosahaku.fi\/index.php?rest_route=%2Fwp%2Fv2%2Fproduct_tag&post=8882"}],"curies":[{"name":"wp","href":"https:\/\/api.w.org\/{rel}","templated":true}]}}