{"id":88826,"date":"2021-02-21T21:06:09","date_gmt":"2021-02-21T21:06:09","guid":{"rendered":"https:\/\/www.autonvaraosahaku.fi\/?product=a-b-s-36010-1-jarrupalat"},"modified":"2021-02-21T21:06:19","modified_gmt":"2021-02-21T21:06:19","slug":"a-b-s-36010-1-jarrupalat","status":"publish","type":"product","link":"https:\/\/www.autonvaraosahaku.fi\/?product=a-b-s-36010-1-jarrupalat","title":{"rendered":"A.B.S. 36010\/1 Jarrupalat"},"content":{"rendered":"<p>Leveys 1 (mm): 55,8; Korkeus 1 (mm): 53,1; Paksuus 1 [mm]: 14; Jarruj\u00e4rjestelm\u00e4: ATE; Kulumisenilmaisimen liitos: ilman kulumisanturia; Paino [kg]: 0,64; M\u00e4\u00e4r\u00e4yksikk\u00f6: Akselisarja; Asennuspuoli: Hinterachse; ALFA ROMEO: SPIDER 115,SPIDER 105,GIULIA,GT,1750-2000,GIULIA GT; SAAB: 900 I Cabriolet,900 I Combi Coupe,900 I AC4, AM4,90,99 Combi Coupe; 8961856, 8993230, 9101916, 9102716; Jarrupalasarja,Jarrupala, Levyjarru<\/p>\n","protected":false},"excerpt":{"rendered":"<p>A.B.S. Jarrupalat 36010\/1 Jarrupalasarja,Jarrupala, Levyjarru ALFA ROMEO,SAAB,SPIDER 115,SPIDER 105,GIULIA,GT,1750-2000,GIULIA GT,900 I Cabriolet<\/p>\n","protected":false},"featured_media":0,"template":"","meta":{"site-sidebar-layout":"default","site-content-layout":"default","ast-global-header-display":"","ast-main-header-display":"","ast-hfb-above-header-display":"","ast-hfb-below-header-display":"","ast-hfb-mobile-header-display":"","site-post-title":"","ast-breadcrumbs-content":"","ast-featured-img":"","footer-sml-layout":"","theme-transparent-header-meta":"","adv-header-id-meta":"","stick-header-meta":"","header-above-stick-meta":"","header-main-stick-meta":"","header-below-stick-meta":""},"pwb-brand":[326],"product_cat":[100],"product_tag":[],"class_list":{"0":"post-88826","1":"product","2":"type-product","3":"status-publish","5":"pwb-brand-a-b-s","6":"product_cat-jarrupalat","7":"desktop-align-left","8":"tablet-align-left","9":"mobile-align-left","11":"first","12":"instock","13":"product-type-external"},"brands":[{"id":326,"name":"A.B.S.","slug":"a-b-s"}],"_links":{"self":[{"href":"https:\/\/www.autonvaraosahaku.fi\/index.php?rest_route=\/wp\/v2\/product\/88826","targetHints":{"allow":["GET"]}}],"collection":[{"href":"https:\/\/www.autonvaraosahaku.fi\/index.php?rest_route=\/wp\/v2\/product"}],"about":[{"href":"https:\/\/www.autonvaraosahaku.fi\/index.php?rest_route=\/wp\/v2\/types\/product"}],"wp:attachment":[{"href":"https:\/\/www.autonvaraosahaku.fi\/index.php?rest_route=%2Fwp%2Fv2%2Fmedia&parent=88826"}],"wp:term":[{"taxonomy":"pwb-brand","embeddable":true,"href":"https:\/\/www.autonvaraosahaku.fi\/index.php?rest_route=%2Fwp%2Fv2%2Fpwb-brand&post=88826"},{"taxonomy":"product_cat","embeddable":true,"href":"https:\/\/www.autonvaraosahaku.fi\/index.php?rest_route=%2Fwp%2Fv2%2Fproduct_cat&post=88826"},{"taxonomy":"product_tag","embeddable":true,"href":"https:\/\/www.autonvaraosahaku.fi\/index.php?rest_route=%2Fwp%2Fv2%2Fproduct_tag&post=88826"}],"curies":[{"name":"wp","href":"https:\/\/api.w.org\/{rel}","templated":true}]}}