{"id":88830,"date":"2021-02-21T21:06:22","date_gmt":"2021-02-21T21:06:22","guid":{"rendered":"https:\/\/www.autonvaraosahaku.fi\/?product=ufi-24-366-00-polttoainesuodatin"},"modified":"2021-02-21T21:06:23","modified_gmt":"2021-02-21T21:06:23","slug":"ufi-24-366-00-polttoainesuodatin","status":"publish","type":"product","link":"https:\/\/www.autonvaraosahaku.fi\/?product=ufi-24-366-00-polttoainesuodatin","title":{"rendered":"UFI 24.366.00 Polttoainesuodatin"},"content":{"rendered":"<p>Ulkol\u00e4pimitta [mm]: 90,0; Sis\u00e4l\u00e4pimitta [mm]: 65,0; Ulkol\u00e4pimitta 2 [mm]: 73,0; Ulkol\u00e4pimitta 1 [mm]: 98,5; kierre 2: M 36 X 1,5; Kierre 1: M 20 X 1,5; Korkeus (mm): 139,0; Valmistusvuoteen: 05\/1986; KIA: PREGIO Kasten TB,PREGIO Bus,K2500 SD; HYUNDAI: GALLOPER II JK-01,H-1 Kasten,H-1 \/ STAREX,GALLOPER I,H100 Bus P,H100 Kasten,H100 Pick-up,H100 Pritsche\/Fahrgestell,PORTER Pick-up; DAIHATSU: FOURTRAK F7, F8,ROCKY Soft Top F7, F8,WILDCAT\/ROCKY F70,WILDCAT\/ROCKY F75; SUZUKI: GRAND VITARA I FT; OPEL: CAMPO TF_,MONTEREY A UBS_; MITSUBISHI: PAJERO III V7_W, V6_W,L 200 K7_T, K6_T,PAJERO II V3_W, V2_W, V4_W,L 300 Bus P0_W, P1_W, P2_W,PAJERO SPORT K90,PAJERO I L04_G, L14_G,PAJERO CLASSIC V2_W,L 400 \/ SPACE GEAR Bus PD_W, PC_W, PA_V, PB_V,GALLOPER JK-01,L 300 Pritsche\/Fahrgestell L03_P,L 300 Kasten L03_P,PAJERO SPORT VAN K90,PAJERO III Gel\u00e4ndewagen offen V6_W, V7_W,L 300 Kasten P0_W, P1_W,L 300 Bus LO3_P\/G, L0_2P,PAJERO I Canvas Top L04_G,L 200 K3_T, K2_T, K1_T, K0_T,PAJERO II Canvas Top V2_W, V4_W,COLT II C1_A,LANCER III Station Wagon C1_V, C3_V,L 400 Kasten PD_W, PC_W, PB_V, PA_W, PA_V,GALANT II A16_,L 300 Pritsche\/Fahrgestell P1_T,LANCER III C1_A, C6_A,GALANT II Station Wagon A16_V; ASIA MOTORS: ROCSTA; VAUXHALL: BRAVA Pick-up,MONTEREY; ISUZU: TROOPER UBS,TROOPER Soft Top UBS,TROOPER UB,CAMPO KB,TROOPER Soft Top UB; BEDFORD: MIDI Kasten; 2330387308, 2330387309, 5025102, 3197344000, 3197344001, 3197344100, 3197344101, 31973H1000, 5132400320, 8941214310, 8941673980, 8941773270, 8942387570, 8942480700, 8942480702, 8943329550, 8943691991, 8943691993, 8943692990, 8943692991, 8943692992, 8943692993, 8944838500, 94369299, 0K60C23570, K60C23570, CD130022, MB220900, XB220900, 4300019, 818506, 818511, 1541178E10, VFF79<\/p>\n","protected":false},"excerpt":{"rendered":"<p>UFI Polttoainesuodatin 24.366.00  KIA,HYUNDAI,DAIHATSU,PREGIO Kasten TB,PREGIO Bus,K2500 SD,GALLOPER II JK-01,H-1 Kasten,H-1 \/ STAREX,GALLOPER I<\/p>\n","protected":false},"featured_media":0,"template":"","meta":{"site-sidebar-layout":"default","site-content-layout":"default","ast-global-header-display":"","ast-main-header-display":"","ast-hfb-above-header-display":"","ast-hfb-below-header-display":"","ast-hfb-mobile-header-display":"","site-post-title":"","ast-breadcrumbs-content":"","ast-featured-img":"","footer-sml-layout":"","theme-transparent-header-meta":"","adv-header-id-meta":"","stick-header-meta":"","header-above-stick-meta":"","header-main-stick-meta":"","header-below-stick-meta":""},"pwb-brand":[109],"product_cat":[29],"product_tag":[],"class_list":{"0":"post-88830","1":"product","2":"type-product","3":"status-publish","5":"pwb-brand-ufi","6":"product_cat-polttoainesuodatin","7":"desktop-align-left","8":"tablet-align-left","9":"mobile-align-left","11":"first","12":"instock","13":"product-type-external"},"brands":[{"id":109,"name":"UFI","slug":"ufi"}],"_links":{"self":[{"href":"https:\/\/www.autonvaraosahaku.fi\/index.php?rest_route=\/wp\/v2\/product\/88830","targetHints":{"allow":["GET"]}}],"collection":[{"href":"https:\/\/www.autonvaraosahaku.fi\/index.php?rest_route=\/wp\/v2\/product"}],"about":[{"href":"https:\/\/www.autonvaraosahaku.fi\/index.php?rest_route=\/wp\/v2\/types\/product"}],"wp:attachment":[{"href":"https:\/\/www.autonvaraosahaku.fi\/index.php?rest_route=%2Fwp%2Fv2%2Fmedia&parent=88830"}],"wp:term":[{"taxonomy":"pwb-brand","embeddable":true,"href":"https:\/\/www.autonvaraosahaku.fi\/index.php?rest_route=%2Fwp%2Fv2%2Fpwb-brand&post=88830"},{"taxonomy":"product_cat","embeddable":true,"href":"https:\/\/www.autonvaraosahaku.fi\/index.php?rest_route=%2Fwp%2Fv2%2Fproduct_cat&post=88830"},{"taxonomy":"product_tag","embeddable":true,"href":"https:\/\/www.autonvaraosahaku.fi\/index.php?rest_route=%2Fwp%2Fv2%2Fproduct_tag&post=88830"}],"curies":[{"name":"wp","href":"https:\/\/api.w.org\/{rel}","templated":true}]}}