{"id":88839,"date":"2021-02-21T21:06:22","date_gmt":"2021-02-21T21:06:22","guid":{"rendered":"https:\/\/www.autonvaraosahaku.fi\/?product=mapco-51657hps-koiranluu"},"modified":"2021-02-21T21:06:29","modified_gmt":"2021-02-21T21:06:29","slug":"mapco-51657hps-koiranluu","status":"publish","type":"product","link":"https:\/\/www.autonvaraosahaku.fi\/?product=mapco-51657hps-koiranluu","title":{"rendered":"MAPCO 51657HPS Koiranluu"},"content":{"rendered":"<p>Laatu: HPS standard; Tanko \/ tuki: Yhdystanko; Asennuspuoli: Etuakseli, vasen; Pituus (mm): 290; Kierremitta: M10x1,5; Tarvittava kappalem\u00e4\u00e4r\u00e4: 1; parilliset tuotenumerot: 51658HPS; Valmistusvuosi alkaen: 03\/2009; BMW: 3 Touring E91,3 E90,1 E87,X1 E84,1 E81,3 Coupe E92,3 Cabriolet E93,1 Cabriolet E88,1 Coupe E82,Z4 E89; 31356765933; Kallistuksenvakaajan Yhdystanko,Tanko, Kallistuksenvaimennin<\/p>\n","protected":false},"excerpt":{"rendered":"<p>MAPCO Koiranluu 51657HPS Kallistuksenvakaajan Yhdystanko,Tanko, Kallistuksenvaimennin BMW,3 Touring E91,3 E90,1 E87,X1 E84,1 E81,3 Coupe E92<\/p>\n","protected":false},"featured_media":0,"template":"","meta":{"site-sidebar-layout":"default","site-content-layout":"default","ast-global-header-display":"","ast-main-header-display":"","ast-hfb-above-header-display":"","ast-hfb-below-header-display":"","ast-hfb-mobile-header-display":"","site-post-title":"","ast-breadcrumbs-content":"","ast-featured-img":"","footer-sml-layout":"","theme-transparent-header-meta":"","adv-header-id-meta":"","stick-header-meta":"","header-above-stick-meta":"","header-main-stick-meta":"","header-below-stick-meta":""},"pwb-brand":[36],"product_cat":[38],"product_tag":[],"class_list":{"0":"post-88839","1":"product","2":"type-product","3":"status-publish","5":"pwb-brand-mapco","6":"product_cat-koiranluu","7":"desktop-align-left","8":"tablet-align-left","9":"mobile-align-left","11":"first","12":"instock","13":"product-type-external"},"brands":[{"id":36,"name":"MAPCO","slug":"mapco"}],"_links":{"self":[{"href":"https:\/\/www.autonvaraosahaku.fi\/index.php?rest_route=\/wp\/v2\/product\/88839","targetHints":{"allow":["GET"]}}],"collection":[{"href":"https:\/\/www.autonvaraosahaku.fi\/index.php?rest_route=\/wp\/v2\/product"}],"about":[{"href":"https:\/\/www.autonvaraosahaku.fi\/index.php?rest_route=\/wp\/v2\/types\/product"}],"wp:attachment":[{"href":"https:\/\/www.autonvaraosahaku.fi\/index.php?rest_route=%2Fwp%2Fv2%2Fmedia&parent=88839"}],"wp:term":[{"taxonomy":"pwb-brand","embeddable":true,"href":"https:\/\/www.autonvaraosahaku.fi\/index.php?rest_route=%2Fwp%2Fv2%2Fpwb-brand&post=88839"},{"taxonomy":"product_cat","embeddable":true,"href":"https:\/\/www.autonvaraosahaku.fi\/index.php?rest_route=%2Fwp%2Fv2%2Fproduct_cat&post=88839"},{"taxonomy":"product_tag","embeddable":true,"href":"https:\/\/www.autonvaraosahaku.fi\/index.php?rest_route=%2Fwp%2Fv2%2Fproduct_tag&post=88839"}],"curies":[{"name":"wp","href":"https:\/\/api.w.org\/{rel}","templated":true}]}}