{"id":88844,"date":"2021-02-21T21:06:22","date_gmt":"2021-02-21T21:06:22","guid":{"rendered":"https:\/\/www.autonvaraosahaku.fi\/?product=mapco-63900-polttoainesuodatin"},"modified":"2021-02-21T21:06:31","modified_gmt":"2021-02-21T21:06:31","slug":"mapco-63900-polttoainesuodatin","status":"publish","type":"product","link":"https:\/\/www.autonvaraosahaku.fi\/?product=mapco-63900-polttoainesuodatin","title":{"rendered":"MAPCO 63900 Polttoainesuodatin"},"content":{"rendered":"<p>Suodatintyyppi: Suodatinpanos; Ulkol\u00e4pimitta [mm]: 72; Sis\u00e4l\u00e4pimitta [mm]: 17; Korkeus (mm): 110; VOLVO: V70 II SW,XC90 I,S60 I,S80 I TS, XY,XC70 CROSS COUNTRY,XC70 II,S80 II AS; 30671010, 30792514, 32242175, 8621882<\/p>\n","protected":false},"excerpt":{"rendered":"<p>MAPCO Polttoainesuodatin 63900  VOLVO,V70 II SW,XC90 I,S60 I,S80 I TS, XY,XC70 CROSS COUNTRY,XC70 II,S80 II AS<\/p>\n","protected":false},"featured_media":0,"template":"","meta":{"site-sidebar-layout":"default","site-content-layout":"default","ast-global-header-display":"","ast-main-header-display":"","ast-hfb-above-header-display":"","ast-hfb-below-header-display":"","ast-hfb-mobile-header-display":"","site-post-title":"","ast-breadcrumbs-content":"","ast-featured-img":"","footer-sml-layout":"","theme-transparent-header-meta":"","adv-header-id-meta":"","stick-header-meta":"","header-above-stick-meta":"","header-main-stick-meta":"","header-below-stick-meta":""},"pwb-brand":[36],"product_cat":[29],"product_tag":[],"class_list":{"0":"post-88844","1":"product","2":"type-product","3":"status-publish","5":"pwb-brand-mapco","6":"product_cat-polttoainesuodatin","7":"desktop-align-left","8":"tablet-align-left","9":"mobile-align-left","11":"first","12":"instock","13":"product-type-external"},"brands":[{"id":36,"name":"MAPCO","slug":"mapco"}],"_links":{"self":[{"href":"https:\/\/www.autonvaraosahaku.fi\/index.php?rest_route=\/wp\/v2\/product\/88844","targetHints":{"allow":["GET"]}}],"collection":[{"href":"https:\/\/www.autonvaraosahaku.fi\/index.php?rest_route=\/wp\/v2\/product"}],"about":[{"href":"https:\/\/www.autonvaraosahaku.fi\/index.php?rest_route=\/wp\/v2\/types\/product"}],"wp:attachment":[{"href":"https:\/\/www.autonvaraosahaku.fi\/index.php?rest_route=%2Fwp%2Fv2%2Fmedia&parent=88844"}],"wp:term":[{"taxonomy":"pwb-brand","embeddable":true,"href":"https:\/\/www.autonvaraosahaku.fi\/index.php?rest_route=%2Fwp%2Fv2%2Fpwb-brand&post=88844"},{"taxonomy":"product_cat","embeddable":true,"href":"https:\/\/www.autonvaraosahaku.fi\/index.php?rest_route=%2Fwp%2Fv2%2Fproduct_cat&post=88844"},{"taxonomy":"product_tag","embeddable":true,"href":"https:\/\/www.autonvaraosahaku.fi\/index.php?rest_route=%2Fwp%2Fv2%2Fproduct_tag&post=88844"}],"curies":[{"name":"wp","href":"https:\/\/api.w.org\/{rel}","templated":true}]}}