{"id":88854,"date":"2021-02-21T21:06:36","date_gmt":"2021-02-21T21:06:36","guid":{"rendered":"https:\/\/www.autonvaraosahaku.fi\/?product=contitech-ct1077wp1-vesipumppu-jakohihnasarja"},"modified":"2021-02-21T21:06:39","modified_gmt":"2021-02-21T21:06:39","slug":"contitech-ct1077wp1-vesipumppu-jakohihnasarja","status":"publish","type":"product","link":"https:\/\/www.autonvaraosahaku.fi\/?product=contitech-ct1077wp1-vesipumppu-jakohihnasarja","title":{"rendered":"CONTITECH CT1077WP1 Vesipumppu + jakohihnasarja"},"content":{"rendered":"<p>Pakkauspituus [cm]: 28; Pakkausleveys [cm]: 17,5; Pakkauskorkeus [mm]: 24; Hammasluku: 146; Paino [kg]: 1,874; Leveys (mm): 24; Valmistusvuoteen: 06\/2010; CHEVROLET: ORLANDO J309,CRUZE J300,AVEO Schr\u00e4gheck T250, T255,AVEO Schr\u00e4gheck T300,CRUZE Schr\u00e4gheck J305,AVEO Stufenheck T250, T255,AVEO Stufenheck T300; OPEL: CORSA D,ZAFIRA B A05,ASTRA H Caravan L35,MERIVA,ASTRA G CC F48_, F08_,ASTRA H L48,ASTRA G Caravan F35_,INSIGNIA Caravan,VECTRA C Caravan,ASTRA J,ASTRA H GTC L08,SIGNUM,VECTRA C,ZAFIRA TOURER C P12,VECTRA C GTS,ASTRA H TwinTop L67,INSIGNIA,ASTRA G Cabriolet F67,INSIGNIA Stufenheck,ASTRA G Coupe F07_,ASTRA G Stufenheck F69_,ZAFIRA B Van,ASTRA J Stufenheck,ASTRA H Stufenheck L69,ASTRA H Kasten L70; SAAB: 9-5 YS3G; ALFA ROMEO: 159 Sportwagon 939,159 939; FIAT: STILO 192,CROMA 194; VAUXHALL: CORSA Mk III D L_8,INSIGNIA Mk I A,ZAFIRA Mk II B M75,ASTRA Mk V H CC,VECTRA Mk II C CC,INSIGNIA Mk I A Estate,ASTRA Mk V H Estate,VECTRA Mk II C Estate,ASTRA Mk IV G CC,ASTRA Mk V H Convertible,VECTRA Mk II C,INSIGNIA Mk I A Sedan,SIGNUM,MERIVA Mk I A,ASTRAVAN Mk V H,ASTRA Mk IV G Coupe F67,ASTRA Mk IV G Estate,ASTRA Mk IV G Convertible<\/p>\n","protected":false},"excerpt":{"rendered":"<p>CONTITECH Vesipumppu + Jakohihnasarja CT1077WP1  CHEVROLET,OPEL,SAAB,ORLANDO J309,CRUZE J300,AVEO Schr\u00e4gheck T250, T255,AVEO Schr\u00e4gheck T300<\/p>\n","protected":false},"featured_media":0,"template":"","meta":{"site-sidebar-layout":"default","site-content-layout":"default","ast-global-header-display":"","ast-main-header-display":"","ast-hfb-above-header-display":"","ast-hfb-below-header-display":"","ast-hfb-mobile-header-display":"","site-post-title":"","ast-breadcrumbs-content":"","ast-featured-img":"","footer-sml-layout":"","theme-transparent-header-meta":"","adv-header-id-meta":"","stick-header-meta":"","header-above-stick-meta":"","header-main-stick-meta":"","header-below-stick-meta":""},"pwb-brand":[187],"product_cat":[321],"product_tag":[],"class_list":{"0":"post-88854","1":"product","2":"type-product","3":"status-publish","5":"pwb-brand-contitech","6":"product_cat-vesipumppu-jakohihnasarja","7":"desktop-align-left","8":"tablet-align-left","9":"mobile-align-left","11":"first","12":"instock","13":"product-type-external"},"brands":[{"id":187,"name":"CONTITECH","slug":"contitech"}],"_links":{"self":[{"href":"https:\/\/www.autonvaraosahaku.fi\/index.php?rest_route=\/wp\/v2\/product\/88854","targetHints":{"allow":["GET"]}}],"collection":[{"href":"https:\/\/www.autonvaraosahaku.fi\/index.php?rest_route=\/wp\/v2\/product"}],"about":[{"href":"https:\/\/www.autonvaraosahaku.fi\/index.php?rest_route=\/wp\/v2\/types\/product"}],"wp:attachment":[{"href":"https:\/\/www.autonvaraosahaku.fi\/index.php?rest_route=%2Fwp%2Fv2%2Fmedia&parent=88854"}],"wp:term":[{"taxonomy":"pwb-brand","embeddable":true,"href":"https:\/\/www.autonvaraosahaku.fi\/index.php?rest_route=%2Fwp%2Fv2%2Fpwb-brand&post=88854"},{"taxonomy":"product_cat","embeddable":true,"href":"https:\/\/www.autonvaraosahaku.fi\/index.php?rest_route=%2Fwp%2Fv2%2Fproduct_cat&post=88854"},{"taxonomy":"product_tag","embeddable":true,"href":"https:\/\/www.autonvaraosahaku.fi\/index.php?rest_route=%2Fwp%2Fv2%2Fproduct_tag&post=88854"}],"curies":[{"name":"wp","href":"https:\/\/api.w.org\/{rel}","templated":true}]}}