{"id":88869,"date":"2021-02-21T21:06:36","date_gmt":"2021-02-21T21:06:36","guid":{"rendered":"https:\/\/www.autonvaraosahaku.fi\/?product=zimmermann-24681-166-1-jarrupalat"},"modified":"2021-02-21T21:06:47","modified_gmt":"2021-02-21T21:06:47","slug":"zimmermann-24681-166-1-jarrupalat","status":"publish","type":"product","link":"https:\/\/www.autonvaraosahaku.fi\/?product=zimmermann-24681-166-1-jarrupalat","title":{"rendered":"ZIMMERMANN 24681.166.1 Jarrupalat"},"content":{"rendered":"<p>Jarruj\u00e4rjestelm\u00e4: BREMBO; Leveys (mm): 189; Korkeus (mm): 93; Paksuus [mm]: 17; Kulumisenilmaisimen liitos: Kulumisenilmaisemelle; Tarkistuskilpi: ECE R90 APPROVED; M\u00e4\u00e4r\u00e4yksikk\u00f6: Akselisarja; Asennuspuoli: Vorderachse; MERCEDES-BENZ: E-CLASS W211,C-CLASS W204,C-CLASS T-Model S204,E-CLASS T-Model S211,E-CLASS W212,E-CLASS T-Model S212,CLK C209,S-CLASS W221,CLS C219,SL R230,M-CLASS W166,C-CLASS Coupe C204,CLS C218,S-CLASS Coupe C216,CLS Shooting Brake X218,S-CLASS W222, V222, X222,GL-CLASS X166,SL R231,SLS AMG C197,C-CLASS W205,GLC X253,GLE W166,C-CLASS Coupe C205,GLC Coupe C253,GLE Coupe C292,AMG GT \/ GT S C190,GLS X166,S-CLASS Coupe C217; 0004202020, 0004204400, 0004206600, 0044207620, 0044207820, 0044208920, 0044209520, 0054201120, 0054203320, 0054206620, 0054208920, 0064202920, 0064205420, 0064207720, 0074202120, 0074205320, 0074205920, 0074206520, 0074207620, 0084202020, 0084203020, A0004202020, A0004204400, A0004206600, A0044207620, A0044207820, A0044208920, A0044209520, A0054201120, A0054203320, A0054206620, A0054208920, A0064202920, A0064205420, A0064207720, A0074202120, A0074205320, A0074205920, A0074206520, A0074207620, A0084202020, A0084203020; Jarrupalasarja,Jarrupala, Levyjarru<\/p>\n","protected":false},"excerpt":{"rendered":"<p>ZIMMERMANN Jarrupalat 24681.166.1 Jarrupalasarja,Jarrupala, Levyjarru MERCEDES-BENZ,E-CLASS W211,C-CLASS W204,C-CLASS T-Model S204<\/p>\n","protected":false},"featured_media":0,"template":"","meta":{"site-sidebar-layout":"default","site-content-layout":"default","ast-global-header-display":"","ast-main-header-display":"","ast-hfb-above-header-display":"","ast-hfb-below-header-display":"","ast-hfb-mobile-header-display":"","site-post-title":"","ast-breadcrumbs-content":"","ast-featured-img":"","footer-sml-layout":"","theme-transparent-header-meta":"","adv-header-id-meta":"","stick-header-meta":"","header-above-stick-meta":"","header-main-stick-meta":"","header-below-stick-meta":""},"pwb-brand":[145],"product_cat":[100],"product_tag":[],"class_list":{"0":"post-88869","1":"product","2":"type-product","3":"status-publish","5":"pwb-brand-zimmermann","6":"product_cat-jarrupalat","7":"desktop-align-left","8":"tablet-align-left","9":"mobile-align-left","11":"first","12":"instock","13":"product-type-external"},"brands":[{"id":145,"name":"ZIMMERMANN","slug":"zimmermann"}],"_links":{"self":[{"href":"https:\/\/www.autonvaraosahaku.fi\/index.php?rest_route=\/wp\/v2\/product\/88869","targetHints":{"allow":["GET"]}}],"collection":[{"href":"https:\/\/www.autonvaraosahaku.fi\/index.php?rest_route=\/wp\/v2\/product"}],"about":[{"href":"https:\/\/www.autonvaraosahaku.fi\/index.php?rest_route=\/wp\/v2\/types\/product"}],"wp:attachment":[{"href":"https:\/\/www.autonvaraosahaku.fi\/index.php?rest_route=%2Fwp%2Fv2%2Fmedia&parent=88869"}],"wp:term":[{"taxonomy":"pwb-brand","embeddable":true,"href":"https:\/\/www.autonvaraosahaku.fi\/index.php?rest_route=%2Fwp%2Fv2%2Fpwb-brand&post=88869"},{"taxonomy":"product_cat","embeddable":true,"href":"https:\/\/www.autonvaraosahaku.fi\/index.php?rest_route=%2Fwp%2Fv2%2Fproduct_cat&post=88869"},{"taxonomy":"product_tag","embeddable":true,"href":"https:\/\/www.autonvaraosahaku.fi\/index.php?rest_route=%2Fwp%2Fv2%2Fproduct_tag&post=88869"}],"curies":[{"name":"wp","href":"https:\/\/api.w.org\/{rel}","templated":true}]}}