{"id":88886,"date":"2021-02-21T21:06:48","date_gmt":"2021-02-21T21:06:48","guid":{"rendered":"https:\/\/www.autonvaraosahaku.fi\/?product=zimmermann-20675-170-1-jarrupalat"},"modified":"2021-02-21T21:06:58","modified_gmt":"2021-02-21T21:06:58","slug":"zimmermann-20675-170-1-jarrupalat","status":"publish","type":"product","link":"https:\/\/www.autonvaraosahaku.fi\/?product=zimmermann-20675-170-1-jarrupalat","title":{"rendered":"ZIMMERMANN 20675.170.1 Jarrupalat"},"content":{"rendered":"<p>Jarruj\u00e4rjestelm\u00e4: Ate &#8211; Teves; Leveys (mm): 125; Korkeus (mm): 38; Paksuus [mm]: 17; Kulumisenilmaisimen liitos: Kulumisenilmaisemelle; M\u00e4\u00e4r\u00e4yksikk\u00f6: Akselisarja; Asennuspuoli: Hinterachse; BMW: 3 E30,3 Cabriolet E30,5 E28,6 E24,3 Touring E30,7 E23,Z1; 34211153196, 34211153913, 34211154398, 34211154399, 34211154613, 34211154614, 34211156744, 34211156745, 34211156746, 34211156747, 34211156748, 34211156749, 34211157514, 34211157757, 34211157758, 34211157925, 34211157926, 34211158323, 34211158643, 34211158912, 34211159003, 34211159273, 34211159276, 34211159912, 34212226013; Jarrupalasarja,Jarrupala, Levyjarru<\/p>\n","protected":false},"excerpt":{"rendered":"<p>ZIMMERMANN Jarrupalat 20675.170.1 Jarrupalasarja,Jarrupala, Levyjarru BMW,3 E30,3 Cabriolet E30,5 E28,6 E24,3 Touring E30,7 E23,Z1<\/p>\n","protected":false},"featured_media":0,"template":"","meta":{"site-sidebar-layout":"default","site-content-layout":"default","ast-global-header-display":"","ast-main-header-display":"","ast-hfb-above-header-display":"","ast-hfb-below-header-display":"","ast-hfb-mobile-header-display":"","site-post-title":"","ast-breadcrumbs-content":"","ast-featured-img":"","footer-sml-layout":"","theme-transparent-header-meta":"","adv-header-id-meta":"","stick-header-meta":"","header-above-stick-meta":"","header-main-stick-meta":"","header-below-stick-meta":""},"pwb-brand":[145],"product_cat":[100],"product_tag":[],"class_list":{"0":"post-88886","1":"product","2":"type-product","3":"status-publish","5":"pwb-brand-zimmermann","6":"product_cat-jarrupalat","7":"desktop-align-left","8":"tablet-align-left","9":"mobile-align-left","11":"first","12":"instock","13":"product-type-external"},"brands":[{"id":145,"name":"ZIMMERMANN","slug":"zimmermann"}],"_links":{"self":[{"href":"https:\/\/www.autonvaraosahaku.fi\/index.php?rest_route=\/wp\/v2\/product\/88886","targetHints":{"allow":["GET"]}}],"collection":[{"href":"https:\/\/www.autonvaraosahaku.fi\/index.php?rest_route=\/wp\/v2\/product"}],"about":[{"href":"https:\/\/www.autonvaraosahaku.fi\/index.php?rest_route=\/wp\/v2\/types\/product"}],"wp:attachment":[{"href":"https:\/\/www.autonvaraosahaku.fi\/index.php?rest_route=%2Fwp%2Fv2%2Fmedia&parent=88886"}],"wp:term":[{"taxonomy":"pwb-brand","embeddable":true,"href":"https:\/\/www.autonvaraosahaku.fi\/index.php?rest_route=%2Fwp%2Fv2%2Fpwb-brand&post=88886"},{"taxonomy":"product_cat","embeddable":true,"href":"https:\/\/www.autonvaraosahaku.fi\/index.php?rest_route=%2Fwp%2Fv2%2Fproduct_cat&post=88886"},{"taxonomy":"product_tag","embeddable":true,"href":"https:\/\/www.autonvaraosahaku.fi\/index.php?rest_route=%2Fwp%2Fv2%2Fproduct_tag&post=88886"}],"curies":[{"name":"wp","href":"https:\/\/api.w.org\/{rel}","templated":true}]}}