{"id":88891,"date":"2021-02-21T21:07:00","date_gmt":"2021-02-21T21:07:00","guid":{"rendered":"https:\/\/www.autonvaraosahaku.fi\/?product=a-b-s-9269-jarrukengat"},"modified":"2021-02-21T21:07:01","modified_gmt":"2021-02-21T21:07:01","slug":"a-b-s-9269-jarrukengat","status":"publish","type":"product","link":"https:\/\/www.autonvaraosahaku.fi\/?product=a-b-s-9269-jarrukengat","title":{"rendered":"A.B.S. 9269 Jarrukeng\u00e4t"},"content":{"rendered":"<p>L\u00e4pimitta [mm]: 203; Leveys (mm): 32; Jarruj\u00e4rjestelm\u00e4: MANDO; Paino [kg]: 1,36; Asennuspuoli: Hinterachse; HYUNDAI: GETZ TB,i10 PA,i20 PB, PBT,ELANTRA Stufenheck MD, UD,ACCENT IV RB,i20 GB,ACCENT IV Stufenheck RB,i20 Coupe,i10 Stufenheck,ELANTRA Stufenheck AD; KIA: RIO III UB,RIO III Stufenheck UB,RIO IV YB; 583050UA00, 583050XA10, 583051CA10, 583053XA00, 58305B4A70, 58305C7A00, 583500PA00, 583503XA00, 58350F2A00, 583050UA00, 583053XA00, 58350H8A00, 58350H9A00; Jarrukenk\u00e4sarja<\/p>\n","protected":false},"excerpt":{"rendered":"<p>A.B.S. Jarrukeng\u00e4t 9269 Jarrukenk\u00e4sarja HYUNDAI,KIA,GETZ TB,i10 PA,i20 PB, PBT,ELANTRA Stufenheck MD, UD,ACCENT IV RB,i20 GB,ACCENT IV Stufenheck RB<\/p>\n","protected":false},"featured_media":0,"template":"","meta":{"site-sidebar-layout":"default","site-content-layout":"default","ast-global-header-display":"","ast-main-header-display":"","ast-hfb-above-header-display":"","ast-hfb-below-header-display":"","ast-hfb-mobile-header-display":"","site-post-title":"","ast-breadcrumbs-content":"","ast-featured-img":"","footer-sml-layout":"","theme-transparent-header-meta":"","adv-header-id-meta":"","stick-header-meta":"","header-above-stick-meta":"","header-main-stick-meta":"","header-below-stick-meta":""},"pwb-brand":[326],"product_cat":[176],"product_tag":[],"class_list":{"0":"post-88891","1":"product","2":"type-product","3":"status-publish","5":"pwb-brand-a-b-s","6":"product_cat-jarrukengat","7":"desktop-align-left","8":"tablet-align-left","9":"mobile-align-left","11":"first","12":"instock","13":"product-type-external"},"brands":[{"id":326,"name":"A.B.S.","slug":"a-b-s"}],"_links":{"self":[{"href":"https:\/\/www.autonvaraosahaku.fi\/index.php?rest_route=\/wp\/v2\/product\/88891","targetHints":{"allow":["GET"]}}],"collection":[{"href":"https:\/\/www.autonvaraosahaku.fi\/index.php?rest_route=\/wp\/v2\/product"}],"about":[{"href":"https:\/\/www.autonvaraosahaku.fi\/index.php?rest_route=\/wp\/v2\/types\/product"}],"wp:attachment":[{"href":"https:\/\/www.autonvaraosahaku.fi\/index.php?rest_route=%2Fwp%2Fv2%2Fmedia&parent=88891"}],"wp:term":[{"taxonomy":"pwb-brand","embeddable":true,"href":"https:\/\/www.autonvaraosahaku.fi\/index.php?rest_route=%2Fwp%2Fv2%2Fpwb-brand&post=88891"},{"taxonomy":"product_cat","embeddable":true,"href":"https:\/\/www.autonvaraosahaku.fi\/index.php?rest_route=%2Fwp%2Fv2%2Fproduct_cat&post=88891"},{"taxonomy":"product_tag","embeddable":true,"href":"https:\/\/www.autonvaraosahaku.fi\/index.php?rest_route=%2Fwp%2Fv2%2Fproduct_tag&post=88891"}],"curies":[{"name":"wp","href":"https:\/\/api.w.org\/{rel}","templated":true}]}}