{"id":8890,"date":"2021-02-21T14:04:20","date_gmt":"2021-02-21T14:04:20","guid":{"rendered":"https:\/\/www.autonvaraosahaku.fi\/?product=metelli-23-0835c-jarrulevyt"},"modified":"2021-02-21T14:04:21","modified_gmt":"2021-02-21T14:04:21","slug":"metelli-23-0835c-jarrulevyt","status":"publish","type":"product","link":"https:\/\/www.autonvaraosahaku.fi\/?product=metelli-23-0835c-jarrulevyt","title":{"rendered":"METELLI 23-0835C Jarrulevyt"},"content":{"rendered":"<p>T\u00e4ytt\u00e4\u00e4 ECE-normin: Approved; Reikien m\u00e4\u00e4r\u00e4: 6; V\u00e4himm\u00e4ispaksuus (mm): 20,0; Korkeus (mm): 41,5; Jarrulevyn paksuus (mm): 22,0; Pinta: Lakattu; Ulkol\u00e4pimitta [mm]: 256,0; Reik\u00e4ympyr\u00e4-\u00d8 [mm]: 59,6; Jarrulevytyyppi: Tuuletettu; Tarkistuskilpi: ECE R90 APPROVED; Asennuspuoli: Vorderachse; ABARTH: PUNTO 199_,PUNTO EVO 199_; OPEL: CORSA D,ADAM,CORSA D Van,CORSA E,CORSA E Van; FIAT: GRANDE PUNTO 199,PUNTO EVO 199,PUNTO 199,PUNTO Van 199,GRANDE PUNTO Van 199_,PUNTO EVO Van 199_; VAUXHALL: CORSA Mk III D L_8,ADAM,CORSAVAN Mk III D,CORSA Mk IV E; 55700920, 55700921, 55700920, 55700921, 569024, 569065, 93188917, 93197241; Jarrulevy<\/p>\n","protected":false},"excerpt":{"rendered":"<p>METELLI Jarrulevyt 23-0835C Jarrulevy ABARTH,OPEL,FIAT,PUNTO 199_,PUNTO EVO 199_,CORSA D,ADAM,CORSA D Van,CORSA E,CORSA E Van,GRANDE PUNTO 199<\/p>\n","protected":false},"featured_media":0,"template":"","meta":{"site-sidebar-layout":"default","site-content-layout":"default","ast-global-header-display":"","ast-main-header-display":"","ast-hfb-above-header-display":"","ast-hfb-below-header-display":"","ast-hfb-mobile-header-display":"","site-post-title":"","ast-breadcrumbs-content":"","ast-featured-img":"","footer-sml-layout":"","theme-transparent-header-meta":"","adv-header-id-meta":"","stick-header-meta":"","header-above-stick-meta":"","header-main-stick-meta":"","header-below-stick-meta":""},"pwb-brand":[251],"product_cat":[66],"product_tag":[],"class_list":{"0":"post-8890","1":"product","2":"type-product","3":"status-publish","5":"pwb-brand-metelli","6":"product_cat-jarrulevyt","7":"desktop-align-left","8":"tablet-align-left","9":"mobile-align-left","11":"first","12":"instock","13":"product-type-external"},"brands":[{"id":251,"name":"METELLI","slug":"metelli"}],"_links":{"self":[{"href":"https:\/\/www.autonvaraosahaku.fi\/index.php?rest_route=\/wp\/v2\/product\/8890","targetHints":{"allow":["GET"]}}],"collection":[{"href":"https:\/\/www.autonvaraosahaku.fi\/index.php?rest_route=\/wp\/v2\/product"}],"about":[{"href":"https:\/\/www.autonvaraosahaku.fi\/index.php?rest_route=\/wp\/v2\/types\/product"}],"wp:attachment":[{"href":"https:\/\/www.autonvaraosahaku.fi\/index.php?rest_route=%2Fwp%2Fv2%2Fmedia&parent=8890"}],"wp:term":[{"taxonomy":"pwb-brand","embeddable":true,"href":"https:\/\/www.autonvaraosahaku.fi\/index.php?rest_route=%2Fwp%2Fv2%2Fpwb-brand&post=8890"},{"taxonomy":"product_cat","embeddable":true,"href":"https:\/\/www.autonvaraosahaku.fi\/index.php?rest_route=%2Fwp%2Fv2%2Fproduct_cat&post=8890"},{"taxonomy":"product_tag","embeddable":true,"href":"https:\/\/www.autonvaraosahaku.fi\/index.php?rest_route=%2Fwp%2Fv2%2Fproduct_tag&post=8890"}],"curies":[{"name":"wp","href":"https:\/\/api.w.org\/{rel}","templated":true}]}}