{"id":88914,"date":"2021-02-21T21:07:12","date_gmt":"2021-02-21T21:07:12","guid":{"rendered":"https:\/\/www.autonvaraosahaku.fi\/?product=textar-2358202-jarrupalat"},"modified":"2021-02-21T21:07:15","modified_gmt":"2021-02-21T21:07:15","slug":"textar-2358202-jarrupalat","status":"publish","type":"product","link":"https:\/\/www.autonvaraosahaku.fi\/?product=textar-2358202-jarrupalat","title":{"rendered":"TEXTAR 2358202 Jarrupalat"},"content":{"rendered":"<p>Leveys 1 (mm): 111,3; Leveys 2 (mm): 91; Korkeus 1 (mm): 44,9; Korkeus 2 (mm): 44,9; Paksuus [mm]: 15,5; Kulumisenilmaisimen liitos: akustisella kulumavaroittimella; Kulumisvaroittimia [pro Achse]: 2; WVA-numero: 23582; Jarruj\u00e4rjestelm\u00e4: Akebono; Pakkauspituus [cm]: 12,5; Pakkausleveys [cm]: 8,1; Pakkauskorkeus [mm]: 8; Teknisten tietojen numero: 23582 155  1 5; M\u00e4\u00e4r\u00e4yksikk\u00f6: Akselisarja; Asennuspuoli: Hinterachse; JEEP: COMPASS MK49,PATRIOT MK74; HYUNDAI: H-1 Cargo TQ; CHRYSLER: SEBRING JS,SEBRING Cabriolet JS; LANCIA: FLAVIA Cabriolet JS; CITRO\u00cbN: C-CROSSER EP_,C4 AIRCROSS,C-CROSSER ENTERPRISE; PEUGEOT: 4007 GP_,4008; MITSUBISHI: ASX GA_W_,OUTLANDER XL II CW_W,OUTLANDER III GG_W, GF_W, ZJ,GRANDIS NA_W,LANCER SPORTBACK CX_A,LANCER Stufenheck CY\/Z_A,PAJERO III V7_W, V6_W,PAJERO IV V8_W, V9_W,PAJERO II V3_W, V2_W, V4_W,PAJERO IV Van V90, V80,PAJERO CLASSIC V2_W,ASX Van GA_W_,PAJERO II V3_W,PAJERO III Gel\u00e4ndewagen offen V6_W, V7_W,PAJERO II Canvas Top V2_W, V4_W; DODGE: CALIBER,AVENGER; 068020256AA, 68020256AA, K68028671AA, 1606294580, 425390, 425391, 425448, 68028671AA, K68033078AA, V2018671AB, K68028671AA, 1606294580, 4605A265, 4605A447, 4605A448, 4605A487, 4605A502, MN102628, MR510544, MZ690183, MZ690346, MZ690574, 425390, 425391, 425448; Jarrupalasarja,Jarrupala, Levyjarru<\/p>\n","protected":false},"excerpt":{"rendered":"<p>TEXTAR Jarrupalat 2358202 Jarrupalasarja,Jarrupala, Levyjarru JEEP,HYUNDAI,CHRYSLER,COMPASS MK49,PATRIOT MK74,H-1 Cargo TQ,SEBRING JS<\/p>\n","protected":false},"featured_media":0,"template":"","meta":{"site-sidebar-layout":"default","site-content-layout":"default","ast-global-header-display":"","ast-main-header-display":"","ast-hfb-above-header-display":"","ast-hfb-below-header-display":"","ast-hfb-mobile-header-display":"","site-post-title":"","ast-breadcrumbs-content":"","ast-featured-img":"","footer-sml-layout":"","theme-transparent-header-meta":"","adv-header-id-meta":"","stick-header-meta":"","header-above-stick-meta":"","header-main-stick-meta":"","header-below-stick-meta":""},"pwb-brand":[288],"product_cat":[100],"product_tag":[],"class_list":{"0":"post-88914","1":"product","2":"type-product","3":"status-publish","5":"pwb-brand-textar","6":"product_cat-jarrupalat","7":"desktop-align-left","8":"tablet-align-left","9":"mobile-align-left","11":"first","12":"instock","13":"product-type-external"},"brands":[{"id":288,"name":"TEXTAR","slug":"textar"}],"_links":{"self":[{"href":"https:\/\/www.autonvaraosahaku.fi\/index.php?rest_route=\/wp\/v2\/product\/88914","targetHints":{"allow":["GET"]}}],"collection":[{"href":"https:\/\/www.autonvaraosahaku.fi\/index.php?rest_route=\/wp\/v2\/product"}],"about":[{"href":"https:\/\/www.autonvaraosahaku.fi\/index.php?rest_route=\/wp\/v2\/types\/product"}],"wp:attachment":[{"href":"https:\/\/www.autonvaraosahaku.fi\/index.php?rest_route=%2Fwp%2Fv2%2Fmedia&parent=88914"}],"wp:term":[{"taxonomy":"pwb-brand","embeddable":true,"href":"https:\/\/www.autonvaraosahaku.fi\/index.php?rest_route=%2Fwp%2Fv2%2Fpwb-brand&post=88914"},{"taxonomy":"product_cat","embeddable":true,"href":"https:\/\/www.autonvaraosahaku.fi\/index.php?rest_route=%2Fwp%2Fv2%2Fproduct_cat&post=88914"},{"taxonomy":"product_tag","embeddable":true,"href":"https:\/\/www.autonvaraosahaku.fi\/index.php?rest_route=%2Fwp%2Fv2%2Fproduct_tag&post=88914"}],"curies":[{"name":"wp","href":"https:\/\/api.w.org\/{rel}","templated":true}]}}