{"id":88916,"date":"2021-02-21T21:07:12","date_gmt":"2021-02-21T21:07:12","guid":{"rendered":"https:\/\/www.autonvaraosahaku.fi\/?product=textar-2191901-jarrupalat"},"modified":"2021-02-21T21:07:16","modified_gmt":"2021-02-21T21:07:16","slug":"textar-2191901-jarrupalat","status":"publish","type":"product","link":"https:\/\/www.autonvaraosahaku.fi\/?product=textar-2191901-jarrupalat","title":{"rendered":"TEXTAR 2191901 Jarrupalat"},"content":{"rendered":"<p>Leveys (mm): 63,6; Korkeus (mm): 72,9; Paksuus [mm]: 15,3; Kulumisenilmaisimen liitos: Ei kulumisenilmaisimelle; WVA-numero: 21919; Jarruj\u00e4rjestelm\u00e4: Teves; Pakkauspituus [cm]: 9,5; Pakkausleveys [cm]: 8,2; Pakkauskorkeus [mm]: 7,3; Teknisten tietojen numero: 21919 153  0 4; M\u00e4\u00e4r\u00e4yksikk\u00f6: Akselisarja; Asennuspuoli: Hinterachse; MERCEDES-BENZ: C-CLASS W203,C-CLASS Coupe CL203,SLK R171,CLK C209,CLC-CLASS CL203; 0034202720, 00342027200090, 003420272037, A0034202720, A00342027200090, A003420272037; Jarrupalasarja,Jarrupala, Levyjarru<\/p>\n","protected":false},"excerpt":{"rendered":"<p>TEXTAR Jarrupalat Q+ 2191901 Jarrupalasarja,Jarrupala, Levyjarru MERCEDES-BENZ,C-CLASS W203,C-CLASS Coupe CL203,SLK R171,CLK C209,CLC-CLASS CL203<\/p>\n","protected":false},"featured_media":0,"template":"","meta":{"site-sidebar-layout":"default","site-content-layout":"default","ast-global-header-display":"","ast-main-header-display":"","ast-hfb-above-header-display":"","ast-hfb-below-header-display":"","ast-hfb-mobile-header-display":"","site-post-title":"","ast-breadcrumbs-content":"","ast-featured-img":"","footer-sml-layout":"","theme-transparent-header-meta":"","adv-header-id-meta":"","stick-header-meta":"","header-above-stick-meta":"","header-main-stick-meta":"","header-below-stick-meta":""},"pwb-brand":[288],"product_cat":[100],"product_tag":[],"class_list":{"0":"post-88916","1":"product","2":"type-product","3":"status-publish","5":"pwb-brand-textar","6":"product_cat-jarrupalat","7":"desktop-align-left","8":"tablet-align-left","9":"mobile-align-left","11":"first","12":"instock","13":"product-type-external"},"brands":[{"id":288,"name":"TEXTAR","slug":"textar"}],"_links":{"self":[{"href":"https:\/\/www.autonvaraosahaku.fi\/index.php?rest_route=\/wp\/v2\/product\/88916","targetHints":{"allow":["GET"]}}],"collection":[{"href":"https:\/\/www.autonvaraosahaku.fi\/index.php?rest_route=\/wp\/v2\/product"}],"about":[{"href":"https:\/\/www.autonvaraosahaku.fi\/index.php?rest_route=\/wp\/v2\/types\/product"}],"wp:attachment":[{"href":"https:\/\/www.autonvaraosahaku.fi\/index.php?rest_route=%2Fwp%2Fv2%2Fmedia&parent=88916"}],"wp:term":[{"taxonomy":"pwb-brand","embeddable":true,"href":"https:\/\/www.autonvaraosahaku.fi\/index.php?rest_route=%2Fwp%2Fv2%2Fpwb-brand&post=88916"},{"taxonomy":"product_cat","embeddable":true,"href":"https:\/\/www.autonvaraosahaku.fi\/index.php?rest_route=%2Fwp%2Fv2%2Fproduct_cat&post=88916"},{"taxonomy":"product_tag","embeddable":true,"href":"https:\/\/www.autonvaraosahaku.fi\/index.php?rest_route=%2Fwp%2Fv2%2Fproduct_tag&post=88916"}],"curies":[{"name":"wp","href":"https:\/\/api.w.org\/{rel}","templated":true}]}}