{"id":88920,"date":"2021-02-21T21:07:12","date_gmt":"2021-02-21T21:07:12","guid":{"rendered":"https:\/\/www.autonvaraosahaku.fi\/?product=topran-722-623-lambda-anturi"},"modified":"2021-02-21T21:07:18","modified_gmt":"2021-02-21T21:07:18","slug":"topran-722-623-lambda-anturi","status":"publish","type":"product","link":"https:\/\/www.autonvaraosahaku.fi\/?product=topran-722-623-lambda-anturi","title":{"rendered":"TOPRAN 722 623 Lambda anturi"},"content":{"rendered":"<p>Lambdatunnistin: S\u00e4\u00e4t\u00f6anturi, Planarsondi; Pakoputkisto: ennen katalysaattoria; Napojen m\u00e4\u00e4r\u00e4: 4; Pituus (mm): 610; Vaihteistomalli: Automatikgetriebe; PEUGEOT: 206 Schr\u00e4gheck 2A\/C,206 CC 2D,307 SW 3H,307 CC 3B,407 SW 6E_,307 3A\/C,206 SW 2E\/K,807 E,106 II 1,307 Break 3E,306 Schr\u00e4gheck 7A, 7C, N3, N5,607 9D, 9U,306 Cabriolet 7D, N3, N5,407 6D_,406 Break 8E\/F,PARTNER Combispace 5F,PARTNER Kasten 5,306 Break 7E, N3, N5,406 8B,BOXER Kasten 244,306 7B, N3, N5,BOXER Bus 244, Z_; CITRO\u00cbN: BERLINGO MF,XSARA PICASSO N68,C2 JM_,C3 I FC_,C5 III Break TD_,C8 EA_, EB_,SAXO S0, S1,BERLINGO Kasten M_,C5 II Break RE_,C5 I DC_,C5 I Break DE_,C5 III RD_,XSARA N1,C3 Pluriel HB_,C5 II RC_,XSARA Break N2,JUMPER Kasten 244,C6 TD_,JUMPER Bus 244, Z_; 1628HN, 1628HN; Lambdatunnistin,Happianturi<\/p>\n","protected":false},"excerpt":{"rendered":"<p>TOPRAN Lambda Anturi 722 623 Lambdatunnistin,Happianturi PEUGEOT,CITRO\u00cbN,206 Schr\u00e4gheck 2A\/C,206 CC 2D,307 SW 3H,307 CC 3B,407 SW 6E_,307 3A\/C<\/p>\n","protected":false},"featured_media":0,"template":"","meta":{"site-sidebar-layout":"default","site-content-layout":"default","ast-global-header-display":"","ast-main-header-display":"","ast-hfb-above-header-display":"","ast-hfb-below-header-display":"","ast-hfb-mobile-header-display":"","site-post-title":"","ast-breadcrumbs-content":"","ast-featured-img":"","footer-sml-layout":"","theme-transparent-header-meta":"","adv-header-id-meta":"","stick-header-meta":"","header-above-stick-meta":"","header-main-stick-meta":"","header-below-stick-meta":""},"pwb-brand":[18],"product_cat":[264],"product_tag":[],"class_list":{"0":"post-88920","1":"product","2":"type-product","3":"status-publish","5":"pwb-brand-topran","6":"product_cat-lambda-anturi","7":"desktop-align-left","8":"tablet-align-left","9":"mobile-align-left","11":"first","12":"instock","13":"product-type-external"},"brands":[{"id":18,"name":"TOPRAN","slug":"topran"}],"_links":{"self":[{"href":"https:\/\/www.autonvaraosahaku.fi\/index.php?rest_route=\/wp\/v2\/product\/88920","targetHints":{"allow":["GET"]}}],"collection":[{"href":"https:\/\/www.autonvaraosahaku.fi\/index.php?rest_route=\/wp\/v2\/product"}],"about":[{"href":"https:\/\/www.autonvaraosahaku.fi\/index.php?rest_route=\/wp\/v2\/types\/product"}],"wp:attachment":[{"href":"https:\/\/www.autonvaraosahaku.fi\/index.php?rest_route=%2Fwp%2Fv2%2Fmedia&parent=88920"}],"wp:term":[{"taxonomy":"pwb-brand","embeddable":true,"href":"https:\/\/www.autonvaraosahaku.fi\/index.php?rest_route=%2Fwp%2Fv2%2Fpwb-brand&post=88920"},{"taxonomy":"product_cat","embeddable":true,"href":"https:\/\/www.autonvaraosahaku.fi\/index.php?rest_route=%2Fwp%2Fv2%2Fproduct_cat&post=88920"},{"taxonomy":"product_tag","embeddable":true,"href":"https:\/\/www.autonvaraosahaku.fi\/index.php?rest_route=%2Fwp%2Fv2%2Fproduct_tag&post=88920"}],"curies":[{"name":"wp","href":"https:\/\/api.w.org\/{rel}","templated":true}]}}