{"id":88926,"date":"2021-02-21T21:07:12","date_gmt":"2021-02-21T21:07:12","guid":{"rendered":"https:\/\/www.autonvaraosahaku.fi\/?product=skf-vkjp-2142-hammastangon-suojakumi"},"modified":"2021-02-21T21:07:22","modified_gmt":"2021-02-21T21:07:22","slug":"skf-vkjp-2142-hammastangon-suojakumi","status":"publish","type":"product","link":"https:\/\/www.autonvaraosahaku.fi\/?product=skf-vkjp-2142-hammastangon-suojakumi","title":{"rendered":"SKF VKJP 2142 Hammastangon suojakumi"},"content":{"rendered":"<p>Korkeus (mm): 195; Materiaali: Thermoplast; Sis\u00e4l\u00e4pimitta 1 [mm]: 15,5; Sis\u00e4l\u00e4pimitta 2 [mm]: 66; Asennuspuoli: Vorderachse; VW: TOUAREG 7P5,AMAROK 2H_, S1B,AMAROK Pritsche\/Fahrgestell S1B; AUDI: Q7 4L; BMW: 5 E60,5 Touring E61,X3 E83,5 Touring F11,6 E63,6 Cabriolet E64,6 Coupe F13; PORSCHE: CAYENNE 955; 7L0422831A, 32102454428, 32106765782, 32106785993, 95534719110, 7L0422831A<\/p>\n","protected":false},"excerpt":{"rendered":"<p>SKF Paljekumisarja, Ohjaus VKJP 2142  VW,AUDI,BMW,TOUAREG 7P5,AMAROK 2H_, S1B,AMAROK Pritsche\/Fahrgestell S1B,Q7 4L,5 E60,5 Touring E61,X3 E83<\/p>\n","protected":false},"featured_media":0,"template":"","meta":{"site-sidebar-layout":"default","site-content-layout":"default","ast-global-header-display":"","ast-main-header-display":"","ast-hfb-above-header-display":"","ast-hfb-below-header-display":"","ast-hfb-mobile-header-display":"","site-post-title":"","ast-breadcrumbs-content":"","ast-featured-img":"","footer-sml-layout":"","theme-transparent-header-meta":"","adv-header-id-meta":"","stick-header-meta":"","header-above-stick-meta":"","header-main-stick-meta":"","header-below-stick-meta":""},"pwb-brand":[237],"product_cat":[81],"product_tag":[],"class_list":{"0":"post-88926","1":"product","2":"type-product","3":"status-publish","5":"pwb-brand-skf","6":"product_cat-hammastangon-suojakumi","7":"desktop-align-left","8":"tablet-align-left","9":"mobile-align-left","11":"first","12":"instock","13":"product-type-external"},"brands":[{"id":237,"name":"SKF","slug":"skf"}],"_links":{"self":[{"href":"https:\/\/www.autonvaraosahaku.fi\/index.php?rest_route=\/wp\/v2\/product\/88926","targetHints":{"allow":["GET"]}}],"collection":[{"href":"https:\/\/www.autonvaraosahaku.fi\/index.php?rest_route=\/wp\/v2\/product"}],"about":[{"href":"https:\/\/www.autonvaraosahaku.fi\/index.php?rest_route=\/wp\/v2\/types\/product"}],"wp:attachment":[{"href":"https:\/\/www.autonvaraosahaku.fi\/index.php?rest_route=%2Fwp%2Fv2%2Fmedia&parent=88926"}],"wp:term":[{"taxonomy":"pwb-brand","embeddable":true,"href":"https:\/\/www.autonvaraosahaku.fi\/index.php?rest_route=%2Fwp%2Fv2%2Fpwb-brand&post=88926"},{"taxonomy":"product_cat","embeddable":true,"href":"https:\/\/www.autonvaraosahaku.fi\/index.php?rest_route=%2Fwp%2Fv2%2Fproduct_cat&post=88926"},{"taxonomy":"product_tag","embeddable":true,"href":"https:\/\/www.autonvaraosahaku.fi\/index.php?rest_route=%2Fwp%2Fv2%2Fproduct_tag&post=88926"}],"curies":[{"name":"wp","href":"https:\/\/api.w.org\/{rel}","templated":true}]}}