{"id":88934,"date":"2021-02-21T21:07:25","date_gmt":"2021-02-21T21:07:25","guid":{"rendered":"https:\/\/www.autonvaraosahaku.fi\/?product=aisin-ds-009u-kytkinlevy"},"modified":"2021-02-21T21:07:28","modified_gmt":"2021-02-21T21:07:28","slug":"aisin-ds-009u-kytkinlevy","status":"publish","type":"product","link":"https:\/\/www.autonvaraosahaku.fi\/?product=aisin-ds-009u-kytkinlevy","title":{"rendered":"AISIN DS-009U Kytkinlevy"},"content":{"rendered":"<p>L\u00e4pimitta [mm]: 190; Ulkol\u00e4pimitta [mm]: 190; Sis\u00e4l\u00e4pimitta [mm]: 134; Hammasluku: 20; Napaprofiili: 22.4; Valmistusvuoteen: 07\/1992; SUZUKI: JIMNY FJ,SAMURAI SJ,SJ 413,CARRY Kasten FD,JIMNY Gel\u00e4ndewagen offen SN,SAMURAI Gel\u00e4ndewagen offen SJ; 2240076A00, 2240076A01, 2240081A00, 2240083020, 2240083021, 2240083022, 2240083023, 2240083030, 2240083050, 2240083051<\/p>\n","protected":false},"excerpt":{"rendered":"<p>AISIN Kytkinlevy DS-009U  SUZUKI,JIMNY FJ,SAMURAI SJ,SJ 413,CARRY Kasten FD,JIMNY Gel\u00e4ndewagen offen SN,SAMURAI Gel\u00e4ndewagen offen SJ<\/p>\n","protected":false},"featured_media":0,"template":"","meta":{"site-sidebar-layout":"default","site-content-layout":"default","ast-global-header-display":"","ast-main-header-display":"","ast-hfb-above-header-display":"","ast-hfb-below-header-display":"","ast-hfb-mobile-header-display":"","site-post-title":"","ast-breadcrumbs-content":"","ast-featured-img":"","footer-sml-layout":"","theme-transparent-header-meta":"","adv-header-id-meta":"","stick-header-meta":"","header-above-stick-meta":"","header-main-stick-meta":"","header-below-stick-meta":""},"pwb-brand":[399],"product_cat":[323],"product_tag":[],"class_list":{"0":"post-88934","1":"product","2":"type-product","3":"status-publish","5":"pwb-brand-aisin","6":"product_cat-kytkinlevy","7":"desktop-align-left","8":"tablet-align-left","9":"mobile-align-left","11":"first","12":"instock","13":"product-type-external"},"brands":[{"id":399,"name":"AISIN","slug":"aisin"}],"_links":{"self":[{"href":"https:\/\/www.autonvaraosahaku.fi\/index.php?rest_route=\/wp\/v2\/product\/88934","targetHints":{"allow":["GET"]}}],"collection":[{"href":"https:\/\/www.autonvaraosahaku.fi\/index.php?rest_route=\/wp\/v2\/product"}],"about":[{"href":"https:\/\/www.autonvaraosahaku.fi\/index.php?rest_route=\/wp\/v2\/types\/product"}],"wp:attachment":[{"href":"https:\/\/www.autonvaraosahaku.fi\/index.php?rest_route=%2Fwp%2Fv2%2Fmedia&parent=88934"}],"wp:term":[{"taxonomy":"pwb-brand","embeddable":true,"href":"https:\/\/www.autonvaraosahaku.fi\/index.php?rest_route=%2Fwp%2Fv2%2Fpwb-brand&post=88934"},{"taxonomy":"product_cat","embeddable":true,"href":"https:\/\/www.autonvaraosahaku.fi\/index.php?rest_route=%2Fwp%2Fv2%2Fproduct_cat&post=88934"},{"taxonomy":"product_tag","embeddable":true,"href":"https:\/\/www.autonvaraosahaku.fi\/index.php?rest_route=%2Fwp%2Fv2%2Fproduct_tag&post=88934"}],"curies":[{"name":"wp","href":"https:\/\/api.w.org\/{rel}","templated":true}]}}