{"id":88939,"date":"2021-02-21T21:07:25","date_gmt":"2021-02-21T21:07:25","guid":{"rendered":"https:\/\/www.autonvaraosahaku.fi\/?product=topran-112-139-kallistuksenvakaajan-puslat"},"modified":"2021-02-21T21:07:30","modified_gmt":"2021-02-21T21:07:30","slug":"topran-112-139-kallistuksenvakaajan-puslat","status":"publish","type":"product","link":"https:\/\/www.autonvaraosahaku.fi\/?product=topran-112-139-kallistuksenvakaajan-puslat","title":{"rendered":"TOPRAN 112 139 Kallistuksenvakaajan puslat"},"content":{"rendered":"<p>Asennuspuoli: Taka-akseli, molemminpuolinen; Kiinnitysmalli: Kumilaakeri; Vaihdettava pareittain: ; Lukum\u00e4\u00e4r\u00e4 akselille: 2; Alustarakenne: f\u00fcr Fahrzeuge mit Sportfahrwerk; VW: GOLF IV 1J1,GOLF IV Variant 1J5; AUDI: A4 Avant 8ED, B7,A4 Avant 8E5, B6,A6 Avant 4B5, C5,A4 8E2, B6,A6 4B2, C5,A4 8EC, B7; 4B0511327, 4B0511327; Kallistuksenvakaajan Kumit,Vakaajan Hela<\/p>\n","protected":false},"excerpt":{"rendered":"<p>TOPRAN Kallistuksenvakaajan Puslat 112 139 Kallistuksenvakaajan Kumit,Vakaajan Hela VW,AUDI,GOLF IV 1J1,GOLF IV Variant 1J5,A4 Avant 8ED, B7<\/p>\n","protected":false},"featured_media":0,"template":"","meta":{"site-sidebar-layout":"default","site-content-layout":"default","ast-global-header-display":"","ast-main-header-display":"","ast-hfb-above-header-display":"","ast-hfb-below-header-display":"","ast-hfb-mobile-header-display":"","site-post-title":"","ast-breadcrumbs-content":"","ast-featured-img":"","footer-sml-layout":"","theme-transparent-header-meta":"","adv-header-id-meta":"","stick-header-meta":"","header-above-stick-meta":"","header-main-stick-meta":"","header-below-stick-meta":""},"pwb-brand":[18],"product_cat":[82],"product_tag":[],"class_list":{"0":"post-88939","1":"product","2":"type-product","3":"status-publish","5":"pwb-brand-topran","6":"product_cat-kallistuksenvakaajan-puslat","7":"desktop-align-left","8":"tablet-align-left","9":"mobile-align-left","11":"first","12":"instock","13":"product-type-external"},"brands":[{"id":18,"name":"TOPRAN","slug":"topran"}],"_links":{"self":[{"href":"https:\/\/www.autonvaraosahaku.fi\/index.php?rest_route=\/wp\/v2\/product\/88939","targetHints":{"allow":["GET"]}}],"collection":[{"href":"https:\/\/www.autonvaraosahaku.fi\/index.php?rest_route=\/wp\/v2\/product"}],"about":[{"href":"https:\/\/www.autonvaraosahaku.fi\/index.php?rest_route=\/wp\/v2\/types\/product"}],"wp:attachment":[{"href":"https:\/\/www.autonvaraosahaku.fi\/index.php?rest_route=%2Fwp%2Fv2%2Fmedia&parent=88939"}],"wp:term":[{"taxonomy":"pwb-brand","embeddable":true,"href":"https:\/\/www.autonvaraosahaku.fi\/index.php?rest_route=%2Fwp%2Fv2%2Fpwb-brand&post=88939"},{"taxonomy":"product_cat","embeddable":true,"href":"https:\/\/www.autonvaraosahaku.fi\/index.php?rest_route=%2Fwp%2Fv2%2Fproduct_cat&post=88939"},{"taxonomy":"product_tag","embeddable":true,"href":"https:\/\/www.autonvaraosahaku.fi\/index.php?rest_route=%2Fwp%2Fv2%2Fproduct_tag&post=88939"}],"curies":[{"name":"wp","href":"https:\/\/api.w.org\/{rel}","templated":true}]}}