{"id":88942,"date":"2021-02-21T21:07:25","date_gmt":"2021-02-21T21:07:25","guid":{"rendered":"https:\/\/www.autonvaraosahaku.fi\/?product=skf-vkda-35336-t-jousijalan-tukilaakeri"},"modified":"2021-02-21T21:07:31","modified_gmt":"2021-02-21T21:07:31","slug":"skf-vkda-35336-t-jousijalan-tukilaakeri","status":"publish","type":"product","link":"https:\/\/www.autonvaraosahaku.fi\/?product=skf-vkda-35336-t-jousijalan-tukilaakeri","title":{"rendered":"SKF VKDA 35336 T Jousijalan tukilaakeri"},"content":{"rendered":"<p>Lukum\u00e4\u00e4r\u00e4 akselille: 1; Korvaava tuote\/korvaava tiedote 2: laakerilla; OPEL: CROSSLAND X; PEUGEOT: 208,2008,301,208 Kasten; CITRO\u00cbN: DS3,C3 Picasso,C3 II,DS3 Cabriolet,C-ELYSEE,C4 CACTUS,C3 AIRCROSS II; DS: DS 3,DS 3 Cabriolet; VAUXHALL: CROSSLAND X; 503523, 503527, 503558, 503563, 5038G6, 5038H4, 91510633, 96261094, 546121G010, 546122C000, 546121G010, 546122C000, 3637222, 503523, 503527, 503558, 503563<\/p>\n","protected":false},"excerpt":{"rendered":"<p>SKF Korjaussarja, Jousijalan Tukilaakeri VKDA 35336 T  OPEL,PEUGEOT,CITRO\u00cbN,CROSSLAND X,208,2008,301,208 Kasten,DS3,C3 Picasso,C3 II,DS3 Cabriolet<\/p>\n","protected":false},"featured_media":0,"template":"","meta":{"site-sidebar-layout":"default","site-content-layout":"default","ast-global-header-display":"","ast-main-header-display":"","ast-hfb-above-header-display":"","ast-hfb-below-header-display":"","ast-hfb-mobile-header-display":"","site-post-title":"","ast-breadcrumbs-content":"","ast-featured-img":"","footer-sml-layout":"","theme-transparent-header-meta":"","adv-header-id-meta":"","stick-header-meta":"","header-above-stick-meta":"","header-main-stick-meta":"","header-below-stick-meta":""},"pwb-brand":[237],"product_cat":[45],"product_tag":[],"class_list":{"0":"post-88942","1":"product","2":"type-product","3":"status-publish","5":"pwb-brand-skf","6":"product_cat-jousijalan-tukilaakeri","7":"desktop-align-left","8":"tablet-align-left","9":"mobile-align-left","11":"first","12":"instock","13":"product-type-external"},"brands":[{"id":237,"name":"SKF","slug":"skf"}],"_links":{"self":[{"href":"https:\/\/www.autonvaraosahaku.fi\/index.php?rest_route=\/wp\/v2\/product\/88942","targetHints":{"allow":["GET"]}}],"collection":[{"href":"https:\/\/www.autonvaraosahaku.fi\/index.php?rest_route=\/wp\/v2\/product"}],"about":[{"href":"https:\/\/www.autonvaraosahaku.fi\/index.php?rest_route=\/wp\/v2\/types\/product"}],"wp:attachment":[{"href":"https:\/\/www.autonvaraosahaku.fi\/index.php?rest_route=%2Fwp%2Fv2%2Fmedia&parent=88942"}],"wp:term":[{"taxonomy":"pwb-brand","embeddable":true,"href":"https:\/\/www.autonvaraosahaku.fi\/index.php?rest_route=%2Fwp%2Fv2%2Fpwb-brand&post=88942"},{"taxonomy":"product_cat","embeddable":true,"href":"https:\/\/www.autonvaraosahaku.fi\/index.php?rest_route=%2Fwp%2Fv2%2Fproduct_cat&post=88942"},{"taxonomy":"product_tag","embeddable":true,"href":"https:\/\/www.autonvaraosahaku.fi\/index.php?rest_route=%2Fwp%2Fv2%2Fproduct_tag&post=88942"}],"curies":[{"name":"wp","href":"https:\/\/api.w.org\/{rel}","templated":true}]}}