{"id":88945,"date":"2021-02-21T21:07:25","date_gmt":"2021-02-21T21:07:25","guid":{"rendered":"https:\/\/www.autonvaraosahaku.fi\/?product=swag-62-93-9660-moottorin-kumityyny"},"modified":"2021-02-21T21:07:33","modified_gmt":"2021-02-21T21:07:33","slug":"swag-62-93-9660-moottorin-kumityyny","status":"publish","type":"product","link":"https:\/\/www.autonvaraosahaku.fi\/?product=swag-62-93-9660-moottorin-kumityyny","title":{"rendered":"SWAG 62 93 9660 Moottorin kumityyny"},"content":{"rendered":"<p>Pituus (mm): 53; Sis\u00e4l\u00e4pimitta [mm]: 10,5; Ulkol\u00e4pimitta [mm]: 70,3; Materiaali: Kumi-metalli; Asennuspuoli: Takana; Kiinnitysmalli: Kumimetallilaakeri; Paino [kg]: 0,28, 0,28; Huomioi tekniset tiedot: ; FIAT: SCUDO 270_,SCUDO Kasten 270_,SCUDO Pritsche\/Fahrgestell 270_; CITRO\u00cbN: BERLINGO MF,BERLINGO B9,C5 III Break TD_,C4 Picasso I UD_,C4 Grand Picasso I UA_,C4 I LC_,BERLINGO Kasten M_,C5 II Break RE_,C5 III RD_,XSARA N1,C4 Coupe LA_,C4 II B7,C5 II RC_,XSARA Break N2,JUMPY,BERLINGO Kasten B9,JUMPY Kasten,XSARA Coupe N0,C4 Stufenheck L,BERLINGO Pritsche\/Fahrgestell B9,JUMPY Pritsche\/Fahrgestell; PEUGEOT: 206 Schr\u00e4gheck 2A\/C,206 CC 2D,307 SW 3H,307 CC 3B,407 SW 6E_,307 3A\/C,308 SW,206 SW 2E\/K,308 4A_, 4C_,307 Break 3E,607 9D, 9U,407 6D_,3008,406 Break 8E\/F,PARTNER Tepee,308 CC,PARTNER Combispace 5F,PARTNER Kasten 5,406 Coupe 8C,406 8B,EXPERT Tepee VF3V_,EXPERT Kasten VF3A_, VF3U_, VF3X_,307 Stufenheck,EXPERT Pritsche\/Fahrgestell; 180930, 180933, 9639176847, 9639176880, 180633, 180930, 180933, 180935, 9639176847; Moottorin Tukikumit,Moottorin Tuki<\/p>\n","protected":false},"excerpt":{"rendered":"<p>SWAG Moottorin Kumityyny 62 93 9660 Moottorin Tukikumit,Moottorin Tuki FIAT,CITRO\u00cbN,PEUGEOT,SCUDO 270_,SCUDO Kasten 270_<\/p>\n","protected":false},"featured_media":0,"template":"","meta":{"site-sidebar-layout":"default","site-content-layout":"default","ast-global-header-display":"","ast-main-header-display":"","ast-hfb-above-header-display":"","ast-hfb-below-header-display":"","ast-hfb-mobile-header-display":"","site-post-title":"","ast-breadcrumbs-content":"","ast-featured-img":"","footer-sml-layout":"","theme-transparent-header-meta":"","adv-header-id-meta":"","stick-header-meta":"","header-above-stick-meta":"","header-main-stick-meta":"","header-below-stick-meta":""},"pwb-brand":[103],"product_cat":[74],"product_tag":[],"class_list":{"0":"post-88945","1":"product","2":"type-product","3":"status-publish","5":"pwb-brand-swag","6":"product_cat-moottorin-kumityyny","7":"desktop-align-left","8":"tablet-align-left","9":"mobile-align-left","11":"first","12":"instock","13":"product-type-external"},"brands":[{"id":103,"name":"SWAG","slug":"swag"}],"_links":{"self":[{"href":"https:\/\/www.autonvaraosahaku.fi\/index.php?rest_route=\/wp\/v2\/product\/88945","targetHints":{"allow":["GET"]}}],"collection":[{"href":"https:\/\/www.autonvaraosahaku.fi\/index.php?rest_route=\/wp\/v2\/product"}],"about":[{"href":"https:\/\/www.autonvaraosahaku.fi\/index.php?rest_route=\/wp\/v2\/types\/product"}],"wp:attachment":[{"href":"https:\/\/www.autonvaraosahaku.fi\/index.php?rest_route=%2Fwp%2Fv2%2Fmedia&parent=88945"}],"wp:term":[{"taxonomy":"pwb-brand","embeddable":true,"href":"https:\/\/www.autonvaraosahaku.fi\/index.php?rest_route=%2Fwp%2Fv2%2Fpwb-brand&post=88945"},{"taxonomy":"product_cat","embeddable":true,"href":"https:\/\/www.autonvaraosahaku.fi\/index.php?rest_route=%2Fwp%2Fv2%2Fproduct_cat&post=88945"},{"taxonomy":"product_tag","embeddable":true,"href":"https:\/\/www.autonvaraosahaku.fi\/index.php?rest_route=%2Fwp%2Fv2%2Fproduct_tag&post=88945"}],"curies":[{"name":"wp","href":"https:\/\/api.w.org\/{rel}","templated":true}]}}