{"id":88964,"date":"2021-02-21T21:07:37","date_gmt":"2021-02-21T21:07:37","guid":{"rendered":"https:\/\/www.autonvaraosahaku.fi\/?product=topran-207-968-alatukivarsi"},"modified":"2021-02-21T21:07:45","modified_gmt":"2021-02-21T21:07:45","slug":"topran-207-968-alatukivarsi","status":"publish","type":"product","link":"https:\/\/www.autonvaraosahaku.fi\/?product=topran-207-968-alatukivarsi","title":{"rendered":"TOPRAN 207 968 Alatukivarsi"},"content":{"rendered":"<p>Ohjausmalli: Poikittaistukivarsi; Asennuspuoli: Etuakseli, oikea; Materiaali: Alumiini; Korvaava tuote\/korvaava tiedote 2: Kumilaakerilla, Alapallo-\/pallonivelell\u00e4; parilliset tuotenumerot: 207 967; Tukivarren muoto: Kolmiotukivarsi; Lis\u00e4tarvike\/lis\u00e4tieto: Pidikkeell\u00e4; Alustarakenne: f\u00fcr Fahrzeuge mit Standard Fahrwerk; OPEL: INSIGNIA Caravan,INSIGNIA,INSIGNIA Stufenheck; VAUXHALL: INSIGNIA Mk I A,INSIGNIA Mk I A Estate,INSIGNIA Mk I A Sedan; 0352071, 0352870, 352071, 352870, 13273605, 13318885; Tukivarsi,Tukivarsi, Py\u00f6r\u00e4ntuenta<\/p>\n","protected":false},"excerpt":{"rendered":"<p>TOPRAN Alatukivarsi 207 968 Tukivarsi,Tukivarsi, Py\u00f6r\u00e4ntuenta OPEL,VAUXHALL,INSIGNIA Caravan,INSIGNIA,INSIGNIA Stufenheck,INSIGNIA Mk I A<\/p>\n","protected":false},"featured_media":0,"template":"","meta":{"site-sidebar-layout":"default","site-content-layout":"default","ast-global-header-display":"","ast-main-header-display":"","ast-hfb-above-header-display":"","ast-hfb-below-header-display":"","ast-hfb-mobile-header-display":"","site-post-title":"","ast-breadcrumbs-content":"","ast-featured-img":"","footer-sml-layout":"","theme-transparent-header-meta":"","adv-header-id-meta":"","stick-header-meta":"","header-above-stick-meta":"","header-main-stick-meta":"","header-below-stick-meta":""},"pwb-brand":[18],"product_cat":[62],"product_tag":[],"class_list":{"0":"post-88964","1":"product","2":"type-product","3":"status-publish","5":"pwb-brand-topran","6":"product_cat-alatukivarsi","7":"desktop-align-left","8":"tablet-align-left","9":"mobile-align-left","11":"first","12":"instock","13":"product-type-external"},"brands":[{"id":18,"name":"TOPRAN","slug":"topran"}],"_links":{"self":[{"href":"https:\/\/www.autonvaraosahaku.fi\/index.php?rest_route=\/wp\/v2\/product\/88964","targetHints":{"allow":["GET"]}}],"collection":[{"href":"https:\/\/www.autonvaraosahaku.fi\/index.php?rest_route=\/wp\/v2\/product"}],"about":[{"href":"https:\/\/www.autonvaraosahaku.fi\/index.php?rest_route=\/wp\/v2\/types\/product"}],"wp:attachment":[{"href":"https:\/\/www.autonvaraosahaku.fi\/index.php?rest_route=%2Fwp%2Fv2%2Fmedia&parent=88964"}],"wp:term":[{"taxonomy":"pwb-brand","embeddable":true,"href":"https:\/\/www.autonvaraosahaku.fi\/index.php?rest_route=%2Fwp%2Fv2%2Fpwb-brand&post=88964"},{"taxonomy":"product_cat","embeddable":true,"href":"https:\/\/www.autonvaraosahaku.fi\/index.php?rest_route=%2Fwp%2Fv2%2Fproduct_cat&post=88964"},{"taxonomy":"product_tag","embeddable":true,"href":"https:\/\/www.autonvaraosahaku.fi\/index.php?rest_route=%2Fwp%2Fv2%2Fproduct_tag&post=88964"}],"curies":[{"name":"wp","href":"https:\/\/api.w.org\/{rel}","templated":true}]}}