{"id":88972,"date":"2021-02-21T21:07:49","date_gmt":"2021-02-21T21:07:49","guid":{"rendered":"https:\/\/www.autonvaraosahaku.fi\/?product=topran-720-421-raidetangon-paa"},"modified":"2021-02-21T21:07:50","modified_gmt":"2021-02-21T21:07:50","slug":"topran-720-421-raidetangon-paa","status":"publish","type":"product","link":"https:\/\/www.autonvaraosahaku.fi\/?product=topran-720-421-raidetangon-paa","title":{"rendered":"TOPRAN 720 421 Raidetangon p\u00e4\u00e4"},"content":{"rendered":"<p>Asennuspuoli: Etuakseli, vasen; Kierremitta: M 10 x 1,25 mm; Kierremitta raidetanko: M 14 x 1,5 mm; parilliset tuotenumerot: 720 422; Korvaava tuote\/korvaava tiedote 2: mutterilla; Moottorinumero: TU5JP4 \/ NFU; CITRO\u00cbN: C2 JM_,C3 I FC_,C3 II,C3 Pluriel HB_; PEUGEOT: 1007 KM_; 381755, 381755<\/p>\n","protected":false},"excerpt":{"rendered":"<p>TOPRAN Raidetangon P\u00e4\u00e4 720 421  CITRO\u00cbN,PEUGEOT,C2 JM_,C3 I FC_,C3 II,C3 Pluriel HB_,1007 KM_<\/p>\n","protected":false},"featured_media":0,"template":"","meta":{"site-sidebar-layout":"default","site-content-layout":"default","ast-global-header-display":"","ast-main-header-display":"","ast-hfb-above-header-display":"","ast-hfb-below-header-display":"","ast-hfb-mobile-header-display":"","site-post-title":"","ast-breadcrumbs-content":"","ast-featured-img":"","footer-sml-layout":"","theme-transparent-header-meta":"","adv-header-id-meta":"","stick-header-meta":"","header-above-stick-meta":"","header-main-stick-meta":"","header-below-stick-meta":""},"pwb-brand":[18],"product_cat":[96],"product_tag":[],"class_list":{"0":"post-88972","1":"product","2":"type-product","3":"status-publish","5":"pwb-brand-topran","6":"product_cat-raidetangon-paa","7":"desktop-align-left","8":"tablet-align-left","9":"mobile-align-left","11":"first","12":"instock","13":"product-type-external"},"brands":[{"id":18,"name":"TOPRAN","slug":"topran"}],"_links":{"self":[{"href":"https:\/\/www.autonvaraosahaku.fi\/index.php?rest_route=\/wp\/v2\/product\/88972","targetHints":{"allow":["GET"]}}],"collection":[{"href":"https:\/\/www.autonvaraosahaku.fi\/index.php?rest_route=\/wp\/v2\/product"}],"about":[{"href":"https:\/\/www.autonvaraosahaku.fi\/index.php?rest_route=\/wp\/v2\/types\/product"}],"wp:attachment":[{"href":"https:\/\/www.autonvaraosahaku.fi\/index.php?rest_route=%2Fwp%2Fv2%2Fmedia&parent=88972"}],"wp:term":[{"taxonomy":"pwb-brand","embeddable":true,"href":"https:\/\/www.autonvaraosahaku.fi\/index.php?rest_route=%2Fwp%2Fv2%2Fpwb-brand&post=88972"},{"taxonomy":"product_cat","embeddable":true,"href":"https:\/\/www.autonvaraosahaku.fi\/index.php?rest_route=%2Fwp%2Fv2%2Fproduct_cat&post=88972"},{"taxonomy":"product_tag","embeddable":true,"href":"https:\/\/www.autonvaraosahaku.fi\/index.php?rest_route=%2Fwp%2Fv2%2Fproduct_tag&post=88972"}],"curies":[{"name":"wp","href":"https:\/\/api.w.org\/{rel}","templated":true}]}}