{"id":8902,"date":"2021-02-21T14:04:23","date_gmt":"2021-02-21T14:04:23","guid":{"rendered":"https:\/\/www.autonvaraosahaku.fi\/?product=maxgear-39-0003-pyyhkijansulat"},"modified":"2021-02-21T14:04:24","modified_gmt":"2021-02-21T14:04:24","slug":"maxgear-39-0003-pyyhkijansulat","status":"publish","type":"product","link":"https:\/\/www.autonvaraosahaku.fi\/?product=maxgear-39-0003-pyyhkijansulat","title":{"rendered":"MAXGEAR 39-0003 Pyyhkij\u00e4nsulat"},"content":{"rendered":"<p>Pituus (mm): 400; Asennuspuoli: Edess\u00e4, beifahrerseitig; Pyyhkij\u00e4nsulkatyyppi: Flatblade-pyyhinsulka (rungoton); Pituus (tuumaa): 16; VW: POLO 6R, 6C,UP,GOLF I Cabriolet 155,SHARAN 7N1, 7N2,POLO 86C, 80,POLO Coupe 86C, 80,GOLF I 17,CADDY I 14,POLO CLASSIC 86C, 80,TRANSPORTER II Bus,POLO 86,JETTA I 16,POLO Kasten 86CF,DERBY 86,TRANSPORTER II Kasten,GOLF SPORTSVAN AM1,TRANSPORTER II Pritsche\/Fahrgestell; AUDI: A1 8X1, 8XF,A1 Sportback 8XA, 8XK; MERCEDES-BENZ: G-CLASS W463,G-CLASS W460,G-CLASS W461; BMW: 3 Coupe E92,3 Cabriolet E93,X1 F48; OPEL: CORSA D,ADAM,ANTARA,COMBO Kasten\/Kombi,AGILA B H08,CORSA D Van,CORSA A CC 93_, 94_, 98_, 99_,GT Cabriolet,COMBO Kasten\/Kombi X12,COMBO Tour X12,CORSA A TR 91_, 92_, 96_, 97_,CORSA A Kasten; FORD: FIESTA V JH_, JD_,FIESTA VI,KUGA I,FUSION JU_,RANGER TKE,ECOSPORT,FIESTA V Van,FIESTA VI Van,FIESTA I GFBT,FIESTA II FBD; RENAULT: CLIO III BR0\/1, CR0\/1,TWINGO II CN0_,MEGANE III Grandtour KZ0\/1,SC\u00c9NIC I JA0\/1_,LAGUNA III Grandtour KT0\/1,MEGANE Scenic JA0\/1_,MEGANE III Schr\u00e4gheck BZ0_,MEGANE III Coupe DZ0\/1_,CLIO Grandtour KR0\/1_,LAGUNA III BT0\/1,MEGANE CC EZ0\/1_,LAGUNA Coupe DT0\/1,FLUENCE L30_,9 L42_,11 B\/C37_,18 134_,18 Variable 135_,THALIA II LU1\/2_; FIAT: PANDA 169,PUNTO 176,DOBLO Kasten\/Kombi 263,PANDA Van 169,PANDA 141A_,DOBLO Gro\u00dfraumlimousine 152, 263,PUNTO Cabriolet 176C,DOBLO Pritsche\/Fahrgestell 263,PANDA Van 141_,RITMO I 138A,PUNTO Van 176L,REGATA 138,RITMO Cabriolet,TIPO Schr\u00e4gheck 356_,TIPO Kombi 356_,REGATA Weekend 138,TIPO Stufenheck 356_; SKODA: CITIGO,RAPID Spaceback NH1,RAPID NH3; PEUGEOT: 206 Schr\u00e4gheck 2A\/C,206 CC 2D,206 SW 2E\/K,208,206+ T3E,PARTNER Tepee,2008,PARTNER Kasten,206 Stufenheck,206 Van,305 II 581M,301,305 II Break 581E,305 I 581A,305 I Break 581D; Tuulilasinpyyhkimet,Pyyhkij\u00e4t,Pyyhkij\u00e4nsulka<\/p>\n","protected":false},"excerpt":{"rendered":"<p>MAXGEAR Pyyhkij\u00e4nsulat 39-0003 Tuulilasinpyyhkimet,Pyyhkij\u00e4t VW,AUDI,MERCEDES-BENZ,POLO 6R, 6C,UP,GOLF I Cabriolet 155,SHARAN 7N1, 7N2,POLO 86C, 80<\/p>\n","protected":false},"featured_media":0,"template":"","meta":{"site-sidebar-layout":"default","site-content-layout":"default","ast-global-header-display":"","ast-main-header-display":"","ast-hfb-above-header-display":"","ast-hfb-below-header-display":"","ast-hfb-mobile-header-display":"","site-post-title":"","ast-breadcrumbs-content":"","ast-featured-img":"","footer-sml-layout":"","theme-transparent-header-meta":"","adv-header-id-meta":"","stick-header-meta":"","header-above-stick-meta":"","header-main-stick-meta":"","header-below-stick-meta":""},"pwb-brand":[48],"product_cat":[33],"product_tag":[],"class_list":{"0":"post-8902","1":"product","2":"type-product","3":"status-publish","5":"pwb-brand-maxgear","6":"product_cat-pyyhkijansulat","7":"desktop-align-left","8":"tablet-align-left","9":"mobile-align-left","11":"first","12":"instock","13":"product-type-external"},"brands":[{"id":48,"name":"MAXGEAR","slug":"maxgear"}],"_links":{"self":[{"href":"https:\/\/www.autonvaraosahaku.fi\/index.php?rest_route=\/wp\/v2\/product\/8902","targetHints":{"allow":["GET"]}}],"collection":[{"href":"https:\/\/www.autonvaraosahaku.fi\/index.php?rest_route=\/wp\/v2\/product"}],"about":[{"href":"https:\/\/www.autonvaraosahaku.fi\/index.php?rest_route=\/wp\/v2\/types\/product"}],"wp:attachment":[{"href":"https:\/\/www.autonvaraosahaku.fi\/index.php?rest_route=%2Fwp%2Fv2%2Fmedia&parent=8902"}],"wp:term":[{"taxonomy":"pwb-brand","embeddable":true,"href":"https:\/\/www.autonvaraosahaku.fi\/index.php?rest_route=%2Fwp%2Fv2%2Fpwb-brand&post=8902"},{"taxonomy":"product_cat","embeddable":true,"href":"https:\/\/www.autonvaraosahaku.fi\/index.php?rest_route=%2Fwp%2Fv2%2Fproduct_cat&post=8902"},{"taxonomy":"product_tag","embeddable":true,"href":"https:\/\/www.autonvaraosahaku.fi\/index.php?rest_route=%2Fwp%2Fv2%2Fproduct_tag&post=8902"}],"curies":[{"name":"wp","href":"https:\/\/api.w.org\/{rel}","templated":true}]}}