{"id":89029,"date":"2021-02-21T21:08:14","date_gmt":"2021-02-21T21:08:14","guid":{"rendered":"https:\/\/www.autonvaraosahaku.fi\/?product=mapco-36660-4-muut-luokat"},"modified":"2021-02-21T21:08:25","modified_gmt":"2021-02-21T21:08:25","slug":"mapco-36660-4-muut-luokat","status":"publish","type":"product","link":"https:\/\/www.autonvaraosahaku.fi\/?product=mapco-36660-4-muut-luokat","title":{"rendered":"MAPCO 36660\/4 Muut luokat"},"content":{"rendered":"<p>M\u00e4\u00e4r\u00e4yksikk\u00f6: Sarja; Ohjausmalli: Poikittaistukivarrelle; Korvaava tuote\/korvaava tiedote 2: varmistusruuvisarjalla; Asennuspuoli: Etuakseli, vasen, Etuakseli, oikea, Alla, Takana; Tarvittava kappalem\u00e4\u00e4r\u00e4: 1; BMW: 3 E46,3 Touring E46,3 Compact E46,3 Coupe E46,3 Cabriolet E46,Z4 E85,Z4 Coupe E86; 1096982, 1096983, 31111096982, 31121095277, 31121095278, 31121096982, 31121096983, 31121096984, 31124000612, 31124004359, 31124004360, 31126750057, 31126750057S1, 31126750221, 31126750222, 31126751372, 31126751435, 31126751436, 31126753058, 31126753059, 31126753060, 31126754547, 31126754899, 31126754900, 31126757622, 31126757623, 31126777849, 31126777850, 31126783375, 31129071663, 31129071952, 31129071963, 31129754900, 4000612, 4004359, 6750057, 6750221, 6753058, 6753059, 6754547, 6754899, 6777849, 6777850, 6783375, 6783376, 9071952; Korjaussarja, Poikittaistukivarsi<\/p>\n","protected":false},"excerpt":{"rendered":"<p>MAPCO Alatukivarren Korjaussarja 36660\/4 Korjaussarja, Poikittaistukivarsi BMW,3 E46,3 Touring E46,3 Compact E46,3 Coupe E46,3 Cabriolet E46,Z4 E85<\/p>\n","protected":false},"featured_media":0,"template":"","meta":{"site-sidebar-layout":"default","site-content-layout":"default","ast-global-header-display":"","ast-main-header-display":"","ast-hfb-above-header-display":"","ast-hfb-below-header-display":"","ast-hfb-mobile-header-display":"","site-post-title":"","ast-breadcrumbs-content":"","ast-featured-img":"","footer-sml-layout":"","theme-transparent-header-meta":"","adv-header-id-meta":"","stick-header-meta":"","header-above-stick-meta":"","header-main-stick-meta":"","header-below-stick-meta":""},"pwb-brand":[36],"product_cat":[37],"product_tag":[],"class_list":{"0":"post-89029","1":"product","2":"type-product","3":"status-publish","5":"pwb-brand-mapco","6":"product_cat-muut-luokat","7":"desktop-align-left","8":"tablet-align-left","9":"mobile-align-left","11":"first","12":"instock","13":"product-type-external"},"brands":[{"id":36,"name":"MAPCO","slug":"mapco"}],"_links":{"self":[{"href":"https:\/\/www.autonvaraosahaku.fi\/index.php?rest_route=\/wp\/v2\/product\/89029","targetHints":{"allow":["GET"]}}],"collection":[{"href":"https:\/\/www.autonvaraosahaku.fi\/index.php?rest_route=\/wp\/v2\/product"}],"about":[{"href":"https:\/\/www.autonvaraosahaku.fi\/index.php?rest_route=\/wp\/v2\/types\/product"}],"wp:attachment":[{"href":"https:\/\/www.autonvaraosahaku.fi\/index.php?rest_route=%2Fwp%2Fv2%2Fmedia&parent=89029"}],"wp:term":[{"taxonomy":"pwb-brand","embeddable":true,"href":"https:\/\/www.autonvaraosahaku.fi\/index.php?rest_route=%2Fwp%2Fv2%2Fpwb-brand&post=89029"},{"taxonomy":"product_cat","embeddable":true,"href":"https:\/\/www.autonvaraosahaku.fi\/index.php?rest_route=%2Fwp%2Fv2%2Fproduct_cat&post=89029"},{"taxonomy":"product_tag","embeddable":true,"href":"https:\/\/www.autonvaraosahaku.fi\/index.php?rest_route=%2Fwp%2Fv2%2Fproduct_tag&post=89029"}],"curies":[{"name":"wp","href":"https:\/\/api.w.org\/{rel}","templated":true}]}}