{"id":8904,"date":"2021-02-21T14:04:23","date_gmt":"2021-02-21T14:04:23","guid":{"rendered":"https:\/\/www.autonvaraosahaku.fi\/?product=mapco-38653-moottorin-kumityyny"},"modified":"2021-02-21T14:04:24","modified_gmt":"2021-02-21T14:04:24","slug":"mapco-38653-moottorin-kumityyny","status":"publish","type":"product","link":"https:\/\/www.autonvaraosahaku.fi\/?product=mapco-38653-moottorin-kumityyny","title":{"rendered":"MAPCO 38653 Moottorin kumityyny"},"content":{"rendered":"<p>Kiinnitysmalli: Kumimetallilaakeri; Asennuspuoli: Molemminpuolin; Ulkol\u00e4pimitta [mm]: 36, 50; Korkeus (mm): 34; Tarvittava kappalem\u00e4\u00e4r\u00e4: 2; Vaihteistomalli: f\u00fcr Schaltgetriebe; BMW: 3 E46,3 Touring E91,3 E90,5 E39,3 Touring E46,5 Touring E39,3 Compact E46,3 Coupe E46,1 E81,3 Compact E36,3 E36,3 Coupe E92,3 Cabriolet E46,3 Coupe E36,Z3 E36,Z4 E85,3 Cabriolet E93,3 Cabriolet E36,3 Touring E36,1 Cabriolet E88,1 Coupe E82,Z3 Coupe E36,Z4 Coupe E86; 22316771219, 22316799331, 23711137817<\/p>\n","protected":false},"excerpt":{"rendered":"<p>MAPCO Vaihteiston Ripustus 38653  BMW,3 E46,3 Touring E91,3 E90,5 E39,3 Touring E46,5 Touring E39,3 Compact E46,3 Coupe E46,1 E81,3 Compact E36,3 E36<\/p>\n","protected":false},"featured_media":0,"template":"","meta":{"site-sidebar-layout":"default","site-content-layout":"default","ast-global-header-display":"","ast-main-header-display":"","ast-hfb-above-header-display":"","ast-hfb-below-header-display":"","ast-hfb-mobile-header-display":"","site-post-title":"","ast-breadcrumbs-content":"","ast-featured-img":"","footer-sml-layout":"","theme-transparent-header-meta":"","adv-header-id-meta":"","stick-header-meta":"","header-above-stick-meta":"","header-main-stick-meta":"","header-below-stick-meta":""},"pwb-brand":[36],"product_cat":[74],"product_tag":[],"class_list":{"0":"post-8904","1":"product","2":"type-product","3":"status-publish","5":"pwb-brand-mapco","6":"product_cat-moottorin-kumityyny","7":"desktop-align-left","8":"tablet-align-left","9":"mobile-align-left","11":"first","12":"instock","13":"product-type-external"},"brands":[{"id":36,"name":"MAPCO","slug":"mapco"}],"_links":{"self":[{"href":"https:\/\/www.autonvaraosahaku.fi\/index.php?rest_route=\/wp\/v2\/product\/8904","targetHints":{"allow":["GET"]}}],"collection":[{"href":"https:\/\/www.autonvaraosahaku.fi\/index.php?rest_route=\/wp\/v2\/product"}],"about":[{"href":"https:\/\/www.autonvaraosahaku.fi\/index.php?rest_route=\/wp\/v2\/types\/product"}],"wp:attachment":[{"href":"https:\/\/www.autonvaraosahaku.fi\/index.php?rest_route=%2Fwp%2Fv2%2Fmedia&parent=8904"}],"wp:term":[{"taxonomy":"pwb-brand","embeddable":true,"href":"https:\/\/www.autonvaraosahaku.fi\/index.php?rest_route=%2Fwp%2Fv2%2Fpwb-brand&post=8904"},{"taxonomy":"product_cat","embeddable":true,"href":"https:\/\/www.autonvaraosahaku.fi\/index.php?rest_route=%2Fwp%2Fv2%2Fproduct_cat&post=8904"},{"taxonomy":"product_tag","embeddable":true,"href":"https:\/\/www.autonvaraosahaku.fi\/index.php?rest_route=%2Fwp%2Fv2%2Fproduct_tag&post=8904"}],"curies":[{"name":"wp","href":"https:\/\/api.w.org\/{rel}","templated":true}]}}