{"id":89040,"date":"2021-02-21T21:08:26","date_gmt":"2021-02-21T21:08:26","guid":{"rendered":"https:\/\/www.autonvaraosahaku.fi\/?product=mapco-59792-alapallonivel"},"modified":"2021-02-21T21:08:30","modified_gmt":"2021-02-21T21:08:30","slug":"mapco-59792-alapallonivel","status":"publish","type":"product","link":"https:\/\/www.autonvaraosahaku.fi\/?product=mapco-59792-alapallonivel","title":{"rendered":"MAPCO 59792 Alapallonivel"},"content":{"rendered":"<p>Asennuspuoli: etuakseli molemminpuoleinen, Yl\u00e4puolella; Kartionousu: 1:8; Kierremitta: M14x1,5; Korvaava tuote\/korvaava tiedote 2: Kiinnitysmateriaalilla; Tarvittava kappalem\u00e4\u00e4r\u00e4: 2; Alustanumerosta: SV720103; OPEL: FRONTERA B 6B_,FRONTERA A Sport 5_SUD2,FRONTERA A 5_MWL4,MONTEREY A UBS_,MONTEREY B; VAUXHALL: FRONTERA Mk II B,FRONTERA Mk I A,MONTEREY,FRONTERA Mk I A Sport; ISUZU: TROOPER,TROOPER UB,TROOPER Soft Top,TROOPER Soft Top UB; 8943744240, 310823, 94374424; Pallonivel<\/p>\n","protected":false},"excerpt":{"rendered":"<p>MAPCO Alapallonivel 59792 Pallonivel OPEL,VAUXHALL,ISUZU,FRONTERA B 6B_,FRONTERA A Sport 5_SUD2,FRONTERA A 5_MWL4,MONTEREY A UBS_,MONTEREY B<\/p>\n","protected":false},"featured_media":0,"template":"","meta":{"site-sidebar-layout":"default","site-content-layout":"default","ast-global-header-display":"","ast-main-header-display":"","ast-hfb-above-header-display":"","ast-hfb-below-header-display":"","ast-hfb-mobile-header-display":"","site-post-title":"","ast-breadcrumbs-content":"","ast-featured-img":"","footer-sml-layout":"","theme-transparent-header-meta":"","adv-header-id-meta":"","stick-header-meta":"","header-above-stick-meta":"","header-main-stick-meta":"","header-below-stick-meta":""},"pwb-brand":[36],"product_cat":[93],"product_tag":[],"class_list":{"0":"post-89040","1":"product","2":"type-product","3":"status-publish","5":"pwb-brand-mapco","6":"product_cat-alapallonivel","7":"desktop-align-left","8":"tablet-align-left","9":"mobile-align-left","11":"first","12":"instock","13":"product-type-external"},"brands":[{"id":36,"name":"MAPCO","slug":"mapco"}],"_links":{"self":[{"href":"https:\/\/www.autonvaraosahaku.fi\/index.php?rest_route=\/wp\/v2\/product\/89040","targetHints":{"allow":["GET"]}}],"collection":[{"href":"https:\/\/www.autonvaraosahaku.fi\/index.php?rest_route=\/wp\/v2\/product"}],"about":[{"href":"https:\/\/www.autonvaraosahaku.fi\/index.php?rest_route=\/wp\/v2\/types\/product"}],"wp:attachment":[{"href":"https:\/\/www.autonvaraosahaku.fi\/index.php?rest_route=%2Fwp%2Fv2%2Fmedia&parent=89040"}],"wp:term":[{"taxonomy":"pwb-brand","embeddable":true,"href":"https:\/\/www.autonvaraosahaku.fi\/index.php?rest_route=%2Fwp%2Fv2%2Fpwb-brand&post=89040"},{"taxonomy":"product_cat","embeddable":true,"href":"https:\/\/www.autonvaraosahaku.fi\/index.php?rest_route=%2Fwp%2Fv2%2Fproduct_cat&post=89040"},{"taxonomy":"product_tag","embeddable":true,"href":"https:\/\/www.autonvaraosahaku.fi\/index.php?rest_route=%2Fwp%2Fv2%2Fproduct_tag&post=89040"}],"curies":[{"name":"wp","href":"https:\/\/api.w.org\/{rel}","templated":true}]}}