{"id":89041,"date":"2021-02-21T21:08:26","date_gmt":"2021-02-21T21:08:26","guid":{"rendered":"https:\/\/www.autonvaraosahaku.fi\/?product=optimal-aq-1468-vesipumppu"},"modified":"2021-02-21T21:08:30","modified_gmt":"2021-02-21T21:08:30","slug":"optimal-aq-1468-vesipumppu","status":"publish","type":"product","link":"https:\/\/www.autonvaraosahaku.fi\/?product=optimal-aq-1468-vesipumppu","title":{"rendered":"OPTIMAL AQ-1468 Vesipumppu"},"content":{"rendered":"<p>Vahvistettu malli: ; Lis\u00e4tarvike\/lis\u00e4tieto: Tiivisteill\u00e4; Impellerdiameter [mm]: 82; Kierremitta: M8; kierrereiki\u00e4 [kpl]: 4; Alustanumeroon: D1000028; OPEL: MANTA B 58_, 59_,MONZA A 22_,OPEL,ASCONA B 81_, 86_, 87_, 88_,REKORD E 17_-19_, 11_, 14_, 16_,SENATOR A 29_,MANTA A 58_, 59_,REKORD C,DIPLOMAT B,ADMIRAL B,ADMIRAL A,KADETT B Coupe,REKORD D,COMMODORE A,COMMODORE A Coupe,ASCONA A 81_, 86_, 87_, 88_,MANTA B CC 53_, 55_,COMMODORE B Coupe,COMMODORE C 14_, 19_,COMMODORE B,REKORD C Coupe,REKORD B,REKORD E Caravan 61_, 66_, 67_,REKORD D Coupe,REKORD C Caravan,COMMODORE C Caravan 61,REKORD D Caravan,REKORD B Coupe,ASCONA A Voyage 84_, 89_,REKORD B Caravan,OLYMPIA A Coupe,OLYMPIA A; 1334032, 1334035, 1334072, 1334081, 2898355, 90108735, 90136224<\/p>\n","protected":false},"excerpt":{"rendered":"<p>OPTIMAL Vesipumppu AQ-1468  OPEL,MANTA B 58_, 59_,MONZA A 22_,OPEL,ASCONA B 81_, 86_, 87_, 88_,REKORD E 17_-19_, 11_, 14_, 16_,SENATOR A 29_<\/p>\n","protected":false},"featured_media":0,"template":"","meta":{"site-sidebar-layout":"default","site-content-layout":"default","ast-global-header-display":"","ast-main-header-display":"","ast-hfb-above-header-display":"","ast-hfb-below-header-display":"","ast-hfb-mobile-header-display":"","site-post-title":"","ast-breadcrumbs-content":"","ast-featured-img":"","footer-sml-layout":"","theme-transparent-header-meta":"","adv-header-id-meta":"","stick-header-meta":"","header-above-stick-meta":"","header-main-stick-meta":"","header-below-stick-meta":""},"pwb-brand":[307],"product_cat":[279],"product_tag":[],"class_list":{"0":"post-89041","1":"product","2":"type-product","3":"status-publish","5":"pwb-brand-optimal","6":"product_cat-vesipumppu","7":"desktop-align-left","8":"tablet-align-left","9":"mobile-align-left","11":"first","12":"instock","13":"product-type-external"},"brands":[{"id":307,"name":"OPTIMAL","slug":"optimal"}],"_links":{"self":[{"href":"https:\/\/www.autonvaraosahaku.fi\/index.php?rest_route=\/wp\/v2\/product\/89041","targetHints":{"allow":["GET"]}}],"collection":[{"href":"https:\/\/www.autonvaraosahaku.fi\/index.php?rest_route=\/wp\/v2\/product"}],"about":[{"href":"https:\/\/www.autonvaraosahaku.fi\/index.php?rest_route=\/wp\/v2\/types\/product"}],"wp:attachment":[{"href":"https:\/\/www.autonvaraosahaku.fi\/index.php?rest_route=%2Fwp%2Fv2%2Fmedia&parent=89041"}],"wp:term":[{"taxonomy":"pwb-brand","embeddable":true,"href":"https:\/\/www.autonvaraosahaku.fi\/index.php?rest_route=%2Fwp%2Fv2%2Fpwb-brand&post=89041"},{"taxonomy":"product_cat","embeddable":true,"href":"https:\/\/www.autonvaraosahaku.fi\/index.php?rest_route=%2Fwp%2Fv2%2Fproduct_cat&post=89041"},{"taxonomy":"product_tag","embeddable":true,"href":"https:\/\/www.autonvaraosahaku.fi\/index.php?rest_route=%2Fwp%2Fv2%2Fproduct_tag&post=89041"}],"curies":[{"name":"wp","href":"https:\/\/api.w.org\/{rel}","templated":true}]}}