{"id":89060,"date":"2021-02-21T21:08:34","date_gmt":"2021-02-21T21:08:34","guid":{"rendered":"https:\/\/www.autonvaraosahaku.fi\/?product=skf-vkjp-3300-vetonivelen-suojakumi"},"modified":"2021-02-21T21:08:39","modified_gmt":"2021-02-21T21:08:39","slug":"skf-vkjp-3300-vetonivelen-suojakumi","status":"publish","type":"product","link":"https:\/\/www.autonvaraosahaku.fi\/?product=skf-vkjp-3300-vetonivelen-suojakumi","title":{"rendered":"SKF VKJP 3300 Vetonivelen suojakumi"},"content":{"rendered":"<p>Korkeus (mm): 79; Sis\u00e4l\u00e4pimitta 1 [mm]: 24; Sis\u00e4l\u00e4pimitta 2 [mm]: 92; Asennuspuoli: radseitig; MERCEDES-BENZ: G-CLASS W463,G-CLASS W460,G-CLASS W461,G-CLASS Cabrio W463<\/p>\n","protected":false},"excerpt":{"rendered":"<p>SKF Paljekumisarja, Vetoakseli VKJP 3300  MERCEDES-BENZ,G-CLASS W463,G-CLASS W460,G-CLASS W461,G-CLASS Cabrio W463<\/p>\n","protected":false},"featured_media":0,"template":"","meta":{"site-sidebar-layout":"default","site-content-layout":"default","ast-global-header-display":"","ast-main-header-display":"","ast-hfb-above-header-display":"","ast-hfb-below-header-display":"","ast-hfb-mobile-header-display":"","site-post-title":"","ast-breadcrumbs-content":"","ast-featured-img":"","footer-sml-layout":"","theme-transparent-header-meta":"","adv-header-id-meta":"","stick-header-meta":"","header-above-stick-meta":"","header-main-stick-meta":"","header-below-stick-meta":""},"pwb-brand":[237],"product_cat":[42],"product_tag":[],"class_list":{"0":"post-89060","1":"product","2":"type-product","3":"status-publish","5":"pwb-brand-skf","6":"product_cat-vetonivelen-suojakumi","7":"desktop-align-left","8":"tablet-align-left","9":"mobile-align-left","11":"first","12":"instock","13":"product-type-external"},"brands":[{"id":237,"name":"SKF","slug":"skf"}],"_links":{"self":[{"href":"https:\/\/www.autonvaraosahaku.fi\/index.php?rest_route=\/wp\/v2\/product\/89060","targetHints":{"allow":["GET"]}}],"collection":[{"href":"https:\/\/www.autonvaraosahaku.fi\/index.php?rest_route=\/wp\/v2\/product"}],"about":[{"href":"https:\/\/www.autonvaraosahaku.fi\/index.php?rest_route=\/wp\/v2\/types\/product"}],"wp:attachment":[{"href":"https:\/\/www.autonvaraosahaku.fi\/index.php?rest_route=%2Fwp%2Fv2%2Fmedia&parent=89060"}],"wp:term":[{"taxonomy":"pwb-brand","embeddable":true,"href":"https:\/\/www.autonvaraosahaku.fi\/index.php?rest_route=%2Fwp%2Fv2%2Fpwb-brand&post=89060"},{"taxonomy":"product_cat","embeddable":true,"href":"https:\/\/www.autonvaraosahaku.fi\/index.php?rest_route=%2Fwp%2Fv2%2Fproduct_cat&post=89060"},{"taxonomy":"product_tag","embeddable":true,"href":"https:\/\/www.autonvaraosahaku.fi\/index.php?rest_route=%2Fwp%2Fv2%2Fproduct_tag&post=89060"}],"curies":[{"name":"wp","href":"https:\/\/api.w.org\/{rel}","templated":true}]}}