{"id":89074,"date":"2021-02-21T21:08:43","date_gmt":"2021-02-21T21:08:43","guid":{"rendered":"https:\/\/www.autonvaraosahaku.fi\/?product=valeo-585603-ilmansuodatin"},"modified":"2021-02-21T21:08:45","modified_gmt":"2021-02-21T21:08:45","slug":"valeo-585603-ilmansuodatin","status":"publish","type":"product","link":"https:\/\/www.autonvaraosahaku.fi\/?product=valeo-585603-ilmansuodatin","title":{"rendered":"VALEO 585603 Ilmansuodatin"},"content":{"rendered":"<p>Ulkol\u00e4pimitta [mm]: 155; Ulkol\u00e4pimitta 1 [mm]: 187; Ulkol\u00e4pimitta 2 [mm]: 137; Sis\u00e4l\u00e4pimitta 1 [mm]: 68; Sis\u00e4l\u00e4pimitta 2 [mm]: 130; Korkeus (mm): 193,5; Muoto: Py\u00f6re\u00e4; Paino [kg]: 0,581; Moottorinumero: TU9; PEUGEOT: 106 II 1,106 I 1A, 1C,205 II 20A\/C,205 I Cabriolet 741B, 20D,309 II 3C, 3A,205 I 741A\/C,405 I 15B,309 I 10C, 10A,405 I Break 15E,205 Kasten; CITRO\u00cbN: SAXO S0, S1,AX ZA-_,ZX N2,BX XB-_,BX Break XB-_,C15 VD-_,C15 Kombi,SAXO Hatchback van S3_; TALBOT: MURENA,HORIZON,SIMCA 1100 Schr\u00e4gheck,SAMBA 51A,RANCHO,TAGORA,1307-1510; 1444SY, 95619441, 5004262, 5009229, 5011879, 5017016, 860X9601BAA, A780X9601AA, A810X9601TA, A830X9601DEA, 144402, 1444SY, 144502, 0013870900, 0017576700, 0017689700, 0043258500, 138709, 13870900, 144402, 1444SY, 17576700, 176897, 17689700, 43258500, 44964, 44964U<\/p>\n","protected":false},"excerpt":{"rendered":"<p>VALEO Ilmansuodatin 585603  PEUGEOT,CITRO\u00cbN,TALBOT,106 II 1,106 I 1A, 1C,205 II 20A\/C,205 I Cabriolet 741B, 20D,309 II 3C, 3A,205 I 741A\/C,405 I 15B<\/p>\n","protected":false},"featured_media":0,"template":"","meta":{"site-sidebar-layout":"default","site-content-layout":"default","ast-global-header-display":"","ast-main-header-display":"","ast-hfb-above-header-display":"","ast-hfb-below-header-display":"","ast-hfb-mobile-header-display":"","site-post-title":"","ast-breadcrumbs-content":"","ast-featured-img":"","footer-sml-layout":"","theme-transparent-header-meta":"","adv-header-id-meta":"","stick-header-meta":"","header-above-stick-meta":"","header-main-stick-meta":"","header-below-stick-meta":""},"pwb-brand":[28],"product_cat":[31],"product_tag":[],"class_list":{"0":"post-89074","1":"product","2":"type-product","3":"status-publish","5":"pwb-brand-valeo","6":"product_cat-ilmansuodatin","7":"desktop-align-left","8":"tablet-align-left","9":"mobile-align-left","11":"first","12":"instock","13":"product-type-external"},"brands":[{"id":28,"name":"VALEO","slug":"valeo"}],"_links":{"self":[{"href":"https:\/\/www.autonvaraosahaku.fi\/index.php?rest_route=\/wp\/v2\/product\/89074","targetHints":{"allow":["GET"]}}],"collection":[{"href":"https:\/\/www.autonvaraosahaku.fi\/index.php?rest_route=\/wp\/v2\/product"}],"about":[{"href":"https:\/\/www.autonvaraosahaku.fi\/index.php?rest_route=\/wp\/v2\/types\/product"}],"wp:attachment":[{"href":"https:\/\/www.autonvaraosahaku.fi\/index.php?rest_route=%2Fwp%2Fv2%2Fmedia&parent=89074"}],"wp:term":[{"taxonomy":"pwb-brand","embeddable":true,"href":"https:\/\/www.autonvaraosahaku.fi\/index.php?rest_route=%2Fwp%2Fv2%2Fpwb-brand&post=89074"},{"taxonomy":"product_cat","embeddable":true,"href":"https:\/\/www.autonvaraosahaku.fi\/index.php?rest_route=%2Fwp%2Fv2%2Fproduct_cat&post=89074"},{"taxonomy":"product_tag","embeddable":true,"href":"https:\/\/www.autonvaraosahaku.fi\/index.php?rest_route=%2Fwp%2Fv2%2Fproduct_tag&post=89074"}],"curies":[{"name":"wp","href":"https:\/\/api.w.org\/{rel}","templated":true}]}}