{"id":8911,"date":"2021-02-21T14:04:23","date_gmt":"2021-02-21T14:04:23","guid":{"rendered":"https:\/\/www.autonvaraosahaku.fi\/?product=febi-bilstein-172010-muut-luokat"},"modified":"2021-02-21T14:04:25","modified_gmt":"2021-02-21T14:04:25","slug":"febi-bilstein-172010-muut-luokat","status":"publish","type":"product","link":"https:\/\/www.autonvaraosahaku.fi\/?product=febi-bilstein-172010-muut-luokat","title":{"rendered":"FEBI BILSTEIN 172010 Muut luokat"},"content":{"rendered":"<p>V\u00e4ri: Lila; Tilavuus (litra): 5; Erittely: G12+ (-35\u00b0C); Paino [kg]: 5,3; Huomioi huolto-ohjeet: ; VW: GOLF I Cabriolet 155,CORRADO 53I,SCIROCCO 53B,GOLF I 17,CADDY I 14,LT 28-46 II Kasten 2DA, 2DD, 2DH,LT 28-35 II Bus 2DB, 2DE, 2DK,LT 28-46 II Pritsche\/Fahrgestell 2DC, 2DF, 2DG, 2DL, 2DM; AUDI: A4 8D2, B5,A4 Avant 8ED, B7,A4 Avant 8E5, B6,A6 Avant 4B5, C5,A4 Avant 8D5, B5,A6 4B2, C5,80 81, 85, B2; MAZDA: 2 DY; SKODA: OCTAVIA Combi 1U5; SEAT: IBIZA V 6J5, 6P5,LEON 1M1,EXEO ST 3R5,IBIZA V SPORTCOUPE 6J1, 6P1,EXEO 3R2,INCA 6K9; FORD USA: EDGE; LAND ROVER: RANGE ROVER SPORT LS,DISCOVERY IV LA; VOLVO: S40 II MS; JAGUAR: S-TYPE CCX,XF _J05_, CC9,XJ X350, X358,XF SPORTBRAKE CC9,XK 8 Convertible QDV,XK 8 Coupe QEV,XK Coupe QQ6_, _J43_,XK Cabriolet _J43_,XJ X35_, _J12_, _J24_,F-TYPE Cabriolet,XE X760,F-TYPE Coupe,XF X260,F-PACE X761_,XF SPORTBRAKE X260; FORD: FIESTA V JH_, JD_,MONDEO III Kombi BWY,FOCUS II Kombi DA_,FIESTA VI,MONDEO IV Turnier BA7,FOCUS Kombi DNW,FOCUS II DA_,FOCUS DAW, DBW,S-MAX WA6,FOCUS III Turnier,GALAXY WGR,FOCUS C-MAX,FIESTA IV JA_, JB_,GALAXY WA6,KUGA I,FUSION JU_,KA RB_,MONDEO III B5Y,KA RU8,C-MAX DM2,FOCUS III,TRANSIT MK-7 Kasten,C-MAX II,RANGER TKE,MONDEO IV BA7,MONDEO III Stufenheck B4Y,KUGA II DM2,GRAND C-MAX,FOCUS Stufenheck DFW,TRANSIT MK-7 Bus,STREET KA RL2,TRANSIT Kasten FA_ _,TRANSIT CONNECT P65_, P70_, P80_,FOCUS II Stufenheck DA_,TRANSIT Bus FD_ _, FB_ _, FS_ _, FZ_ _, FC_ _,B-MAX JK,FOCUS II Cabriolet,TOURNEO CONNECT,RANGER ES, ET,ECOSPORT,TRANSIT MK-7 Pritsche\/Fahrgestell,PUMA EC_,TRANSIT Pritsche\/Fahrgestell FM_ _, FN_ _,FOCUS III Stufenheck,TRANSIT CUSTOM Kasten,TOURNEO CUSTOM Bus,MONDEO IV Stufenheck BA7,ESCORT IV Cabriolet ALF,TRANSIT TOURNEO FB,SIERRA GBG, GB4,TRANSIT CUSTOM Bus,TOURNEO CONNECT \/ GRAND TOURNEO CONNECT Kombi,FIESTA V Van,FIESTA VI Van,SIERRA Schr\u00e4gheck; G012A8FA1, G012A8FA1S2; J\u00e4\u00e4hdytysneste,Pakkasneste,J\u00e4\u00e4tymissuoja<\/p>\n","protected":false},"excerpt":{"rendered":"<p>FEBI BILSTEIN J\u00e4\u00e4hdytinneste 172010 J\u00e4\u00e4hdytysneste,Pakkasneste VW,AUDI,MAZDA,GOLF I Cabriolet 155,CORRADO 53I,SCIROCCO 53B,GOLF I 17,CADDY I 14<\/p>\n","protected":false},"featured_media":0,"template":"","meta":{"site-sidebar-layout":"default","site-content-layout":"default","ast-global-header-display":"","ast-main-header-display":"","ast-hfb-above-header-display":"","ast-hfb-below-header-display":"","ast-hfb-mobile-header-display":"","site-post-title":"","ast-breadcrumbs-content":"","ast-featured-img":"","footer-sml-layout":"","theme-transparent-header-meta":"","adv-header-id-meta":"","stick-header-meta":"","header-above-stick-meta":"","header-main-stick-meta":"","header-below-stick-meta":""},"pwb-brand":[50],"product_cat":[37],"product_tag":[],"class_list":{"0":"post-8911","1":"product","2":"type-product","3":"status-publish","5":"pwb-brand-febi-bilstein","6":"product_cat-muut-luokat","7":"desktop-align-left","8":"tablet-align-left","9":"mobile-align-left","11":"first","12":"instock","13":"product-type-external"},"brands":[{"id":50,"name":"FEBI BILSTEIN","slug":"febi-bilstein"}],"_links":{"self":[{"href":"https:\/\/www.autonvaraosahaku.fi\/index.php?rest_route=\/wp\/v2\/product\/8911","targetHints":{"allow":["GET"]}}],"collection":[{"href":"https:\/\/www.autonvaraosahaku.fi\/index.php?rest_route=\/wp\/v2\/product"}],"about":[{"href":"https:\/\/www.autonvaraosahaku.fi\/index.php?rest_route=\/wp\/v2\/types\/product"}],"wp:attachment":[{"href":"https:\/\/www.autonvaraosahaku.fi\/index.php?rest_route=%2Fwp%2Fv2%2Fmedia&parent=8911"}],"wp:term":[{"taxonomy":"pwb-brand","embeddable":true,"href":"https:\/\/www.autonvaraosahaku.fi\/index.php?rest_route=%2Fwp%2Fv2%2Fpwb-brand&post=8911"},{"taxonomy":"product_cat","embeddable":true,"href":"https:\/\/www.autonvaraosahaku.fi\/index.php?rest_route=%2Fwp%2Fv2%2Fproduct_cat&post=8911"},{"taxonomy":"product_tag","embeddable":true,"href":"https:\/\/www.autonvaraosahaku.fi\/index.php?rest_route=%2Fwp%2Fv2%2Fproduct_tag&post=8911"}],"curies":[{"name":"wp","href":"https:\/\/api.w.org\/{rel}","templated":true}]}}