{"id":89132,"date":"2021-02-21T21:09:08","date_gmt":"2021-02-21T21:09:08","guid":{"rendered":"https:\/\/www.autonvaraosahaku.fi\/?product=kolbenschmidt-77803600-muut-luokat"},"modified":"2021-02-21T21:09:09","modified_gmt":"2021-02-21T21:09:09","slug":"kolbenschmidt-77803600-muut-luokat","status":"publish","type":"product","link":"https:\/\/www.autonvaraosahaku.fi\/?product=kolbenschmidt-77803600-muut-luokat","title":{"rendered":"KOLBENSCHMIDT 77803600 Muut luokat"},"content":{"rendered":"<p>Vakiomitta (STD): ; Komponenttinumero: 71939600, 71940600; M\u00e4\u00e4r\u00e4: 10; M\u00e4\u00e4r\u00e4yksikk\u00f6: Sarja; TECDOC-moottorinumero: 16855; VW: TRANSPORTER V Bus 7HB, 7HJ, 7EB, 7EJ, 7EF,TOUAREG 7LA, 7L6, 7L7,MULTIVAN V 7HM, 7HN, 7HF, 7EF, 7EM, 7EN,TRANSPORTER V Kasten 7HA, 7HH, 7EA, 7EH,CRAFTER 30-50 Kasten 2E_,CRAFTER 30-35 Bus 2E_,TRANSPORTER V Pritsche\/Fahrgestell 7JD, 7JE, 7JL, 7JY, 7JZ,,CRAFTER 30-50 Pritsche\/Fahrgestell 2F_; 038105701A, 038105701B, 038105701C, 038105701D, 038105701J, 038105701K<\/p>\n","protected":false},"excerpt":{"rendered":"<p>KOLBENSCHMIDT Kiertokankilaakerisarja 77803600  VW,TRANSPORTER V Bus 7HB, 7HJ, 7EB, 7EJ, 7EF,TOUAREG 7LA, 7L6, 7L7<\/p>\n","protected":false},"featured_media":0,"template":"","meta":{"site-sidebar-layout":"default","site-content-layout":"default","ast-global-header-display":"","ast-main-header-display":"","ast-hfb-above-header-display":"","ast-hfb-below-header-display":"","ast-hfb-mobile-header-display":"","site-post-title":"","ast-breadcrumbs-content":"","ast-featured-img":"","footer-sml-layout":"","theme-transparent-header-meta":"","adv-header-id-meta":"","stick-header-meta":"","header-above-stick-meta":"","header-main-stick-meta":"","header-below-stick-meta":""},"pwb-brand":[293],"product_cat":[37],"product_tag":[],"class_list":{"0":"post-89132","1":"product","2":"type-product","3":"status-publish","5":"pwb-brand-kolbenschmidt","6":"product_cat-muut-luokat","7":"desktop-align-left","8":"tablet-align-left","9":"mobile-align-left","11":"first","12":"instock","13":"product-type-external"},"brands":[{"id":293,"name":"KOLBENSCHMIDT","slug":"kolbenschmidt"}],"_links":{"self":[{"href":"https:\/\/www.autonvaraosahaku.fi\/index.php?rest_route=\/wp\/v2\/product\/89132","targetHints":{"allow":["GET"]}}],"collection":[{"href":"https:\/\/www.autonvaraosahaku.fi\/index.php?rest_route=\/wp\/v2\/product"}],"about":[{"href":"https:\/\/www.autonvaraosahaku.fi\/index.php?rest_route=\/wp\/v2\/types\/product"}],"wp:attachment":[{"href":"https:\/\/www.autonvaraosahaku.fi\/index.php?rest_route=%2Fwp%2Fv2%2Fmedia&parent=89132"}],"wp:term":[{"taxonomy":"pwb-brand","embeddable":true,"href":"https:\/\/www.autonvaraosahaku.fi\/index.php?rest_route=%2Fwp%2Fv2%2Fpwb-brand&post=89132"},{"taxonomy":"product_cat","embeddable":true,"href":"https:\/\/www.autonvaraosahaku.fi\/index.php?rest_route=%2Fwp%2Fv2%2Fproduct_cat&post=89132"},{"taxonomy":"product_tag","embeddable":true,"href":"https:\/\/www.autonvaraosahaku.fi\/index.php?rest_route=%2Fwp%2Fv2%2Fproduct_tag&post=89132"}],"curies":[{"name":"wp","href":"https:\/\/api.w.org\/{rel}","templated":true}]}}