{"id":89136,"date":"2021-02-21T21:09:08","date_gmt":"2021-02-21T21:09:08","guid":{"rendered":"https:\/\/www.autonvaraosahaku.fi\/?product=kolbenschmidt-cb-2404a-std-muut-luokat"},"modified":"2021-02-21T21:09:10","modified_gmt":"2021-02-21T21:09:10","slug":"kolbenschmidt-cb-2404a-std-muut-luokat","status":"publish","type":"product","link":"https:\/\/www.autonvaraosahaku.fi\/?product=kolbenschmidt-cb-2404a-std-muut-luokat","title":{"rendered":"KOLBENSCHMIDT CB-2404A STD Muut luokat"},"content":{"rendered":"<p>Vakiomitta (STD): ; Komponenttinumero: GL1263; M\u00e4\u00e4r\u00e4: 8; M\u00e4\u00e4r\u00e4yksikk\u00f6: Sarja; TECDOC-moottorinumero: 4915; SUZUKI: JIMNY FJ,GRAND VITARA II JT,SAMURAI SJ,WAGON R+ MM,SWIFT II Schr\u00e4gheck EA, MA,VITARA ET, TA,SJ 413,WAGON R+ EM,BALENO Kombi EG,BALENO EG,BALENO Schr\u00e4gheck EG,ALTO HA12, HA23,JIMNY SJ, JA, JB,SWIFT I AA,SWIFT Cabriolet SF413,SWIFT II Stufenheck AH, AJ,CARRY Kasten FD,JIMNY Gel\u00e4ndewagen offen SN,SAMURAI Gel\u00e4ndewagen offen SJ,CARRY Pick-up FD; SUBARU: JUSTY II JMA, MS<\/p>\n","protected":false},"excerpt":{"rendered":"<p>KOLBENSCHMIDT Kiertokankilaakerisarja CB-2404A STD  SUZUKI,SUBARU,JIMNY FJ,GRAND VITARA II JT,SAMURAI SJ,WAGON R+ MM,SWIFT II Schr\u00e4gheck EA, MA<\/p>\n","protected":false},"featured_media":0,"template":"","meta":{"site-sidebar-layout":"default","site-content-layout":"default","ast-global-header-display":"","ast-main-header-display":"","ast-hfb-above-header-display":"","ast-hfb-below-header-display":"","ast-hfb-mobile-header-display":"","site-post-title":"","ast-breadcrumbs-content":"","ast-featured-img":"","footer-sml-layout":"","theme-transparent-header-meta":"","adv-header-id-meta":"","stick-header-meta":"","header-above-stick-meta":"","header-main-stick-meta":"","header-below-stick-meta":""},"pwb-brand":[293],"product_cat":[37],"product_tag":[],"class_list":{"0":"post-89136","1":"product","2":"type-product","3":"status-publish","5":"pwb-brand-kolbenschmidt","6":"product_cat-muut-luokat","7":"desktop-align-left","8":"tablet-align-left","9":"mobile-align-left","11":"first","12":"instock","13":"product-type-external"},"brands":[{"id":293,"name":"KOLBENSCHMIDT","slug":"kolbenschmidt"}],"_links":{"self":[{"href":"https:\/\/www.autonvaraosahaku.fi\/index.php?rest_route=\/wp\/v2\/product\/89136","targetHints":{"allow":["GET"]}}],"collection":[{"href":"https:\/\/www.autonvaraosahaku.fi\/index.php?rest_route=\/wp\/v2\/product"}],"about":[{"href":"https:\/\/www.autonvaraosahaku.fi\/index.php?rest_route=\/wp\/v2\/types\/product"}],"wp:attachment":[{"href":"https:\/\/www.autonvaraosahaku.fi\/index.php?rest_route=%2Fwp%2Fv2%2Fmedia&parent=89136"}],"wp:term":[{"taxonomy":"pwb-brand","embeddable":true,"href":"https:\/\/www.autonvaraosahaku.fi\/index.php?rest_route=%2Fwp%2Fv2%2Fpwb-brand&post=89136"},{"taxonomy":"product_cat","embeddable":true,"href":"https:\/\/www.autonvaraosahaku.fi\/index.php?rest_route=%2Fwp%2Fv2%2Fproduct_cat&post=89136"},{"taxonomy":"product_tag","embeddable":true,"href":"https:\/\/www.autonvaraosahaku.fi\/index.php?rest_route=%2Fwp%2Fv2%2Fproduct_tag&post=89136"}],"curies":[{"name":"wp","href":"https:\/\/api.w.org\/{rel}","templated":true}]}}