{"id":89157,"date":"2021-02-21T21:09:15","date_gmt":"2021-02-21T21:09:15","guid":{"rendered":"https:\/\/www.autonvaraosahaku.fi\/?product=luk-600-0148-00-kytkinpaketti"},"modified":"2021-02-21T21:09:18","modified_gmt":"2021-02-21T21:09:18","slug":"luk-600-0148-00-kytkinpaketti","status":"publish","type":"product","link":"https:\/\/www.autonvaraosahaku.fi\/?product=luk-600-0148-00-kytkinpaketti","title":{"rendered":"LuK 600 0148 00 Kytkinpaketti"},"content":{"rendered":"<p>Lis\u00e4tarvike\/lis\u00e4tieto: Irroitusmekanismilla, ilman ohjauslaakeria; Korvaava tuote\/korvaava tiedote 2: Vauhtipy\u00f6r\u00e4ll\u00e4, Ruuvisarjalla, Erikoisty\u00f6kalu tarpeen asennuksessa, Kaksoismassavauhtipy\u00f6r\u00e4 kitka-ohjauslevyll\u00e4; J\u00e4lkis\u00e4\u00e4t\u00f6: Automaattisella s\u00e4\u00e4d\u00f6ll\u00e4; Kiinnitysreikien lukum\u00e4\u00e4r\u00e4: 6, 6; suurin p\u00e4\u00e4st\u00f6kulma [Grad]: 17; Hammaslukum\u00e4\u00e4r\u00e4 (suurimman p\u00e4\u00e4st\u00f6kulman ilmoitus): 6; suurin heitto [mm]: 2,9; Tuotelinja: BR 0241; Moottorinumero: AXX; VW: GOLF V 1K1,PASSAT Variant 3C5,PASSAT 3C2,GOLF V Variant 1K5,EOS 1F7, 1F8,JETTA III 1K2; AUDI: A3 8P1,A3 Sportback 8PA,TT 8J3,TT Roadster 8J9; SKODA: OCTAVIA Combi 1Z5,OCTAVIA 1Z3; SEAT: LEON 1P1,ALTEA 5P1,ALTEA XL 5P5, 5P8,TOLEDO III 5P2; 022141015R, 02M141671A, 02M141671B, 06F105266K, 06F141015C, 0A5141671, 0A5141671A, 0A5141671E, 0A5141671F, 0A5141671P, 02M141671A, 02M141671B, 0A5141671A, 0A5141671E, 0A5141671F, 0A5141671P, 06F105266K, 06F141015C, 0A5141671, 0A5141671A, 0A5141671E, 0A5141671F, 0A5141671P, 022141015R, 02M141671A, 02M141671B, 06F105266K, 06F141015C, 0A5141671, 0A5141671A, 0A5141671E, 0A5141671F, 0A5141671G, 0A5141671K, 0A5141671M, 0A5141671P; Kytkinsarja<\/p>\n","protected":false},"excerpt":{"rendered":"<p>LuK Kytkinpaketti 600 0148 00 Kytkinsarja VW,AUDI,SKODA,GOLF V 1K1,PASSAT Variant 3C5,PASSAT 3C2,GOLF V Variant 1K5,EOS 1F7, 1F8,JETTA III 1K2,A3 8P1<\/p>\n","protected":false},"featured_media":0,"template":"","meta":{"site-sidebar-layout":"default","site-content-layout":"default","ast-global-header-display":"","ast-main-header-display":"","ast-hfb-above-header-display":"","ast-hfb-below-header-display":"","ast-hfb-mobile-header-display":"","site-post-title":"","ast-breadcrumbs-content":"","ast-featured-img":"","footer-sml-layout":"","theme-transparent-header-meta":"","adv-header-id-meta":"","stick-header-meta":"","header-above-stick-meta":"","header-main-stick-meta":"","header-below-stick-meta":""},"pwb-brand":[20],"product_cat":[21],"product_tag":[],"class_list":{"0":"post-89157","1":"product","2":"type-product","3":"status-publish","5":"pwb-brand-luk","6":"product_cat-kytkinpaketti","7":"desktop-align-left","8":"tablet-align-left","9":"mobile-align-left","11":"first","12":"instock","13":"product-type-external"},"brands":[{"id":20,"name":"LuK","slug":"luk"}],"_links":{"self":[{"href":"https:\/\/www.autonvaraosahaku.fi\/index.php?rest_route=\/wp\/v2\/product\/89157","targetHints":{"allow":["GET"]}}],"collection":[{"href":"https:\/\/www.autonvaraosahaku.fi\/index.php?rest_route=\/wp\/v2\/product"}],"about":[{"href":"https:\/\/www.autonvaraosahaku.fi\/index.php?rest_route=\/wp\/v2\/types\/product"}],"wp:attachment":[{"href":"https:\/\/www.autonvaraosahaku.fi\/index.php?rest_route=%2Fwp%2Fv2%2Fmedia&parent=89157"}],"wp:term":[{"taxonomy":"pwb-brand","embeddable":true,"href":"https:\/\/www.autonvaraosahaku.fi\/index.php?rest_route=%2Fwp%2Fv2%2Fpwb-brand&post=89157"},{"taxonomy":"product_cat","embeddable":true,"href":"https:\/\/www.autonvaraosahaku.fi\/index.php?rest_route=%2Fwp%2Fv2%2Fproduct_cat&post=89157"},{"taxonomy":"product_tag","embeddable":true,"href":"https:\/\/www.autonvaraosahaku.fi\/index.php?rest_route=%2Fwp%2Fv2%2Fproduct_tag&post=89157"}],"curies":[{"name":"wp","href":"https:\/\/api.w.org\/{rel}","templated":true}]}}