{"id":89178,"date":"2021-02-21T21:09:25","date_gmt":"2021-02-21T21:09:25","guid":{"rendered":"https:\/\/www.autonvaraosahaku.fi\/?product=febi-bilstein-37116-vetonivelen-suojakumi"},"modified":"2021-02-21T21:09:28","modified_gmt":"2021-02-21T21:09:28","slug":"febi-bilstein-37116-vetonivelen-suojakumi","status":"publish","type":"product","link":"https:\/\/www.autonvaraosahaku.fi\/?product=febi-bilstein-37116-vetonivelen-suojakumi","title":{"rendered":"FEBI BILSTEIN 37116 Vetonivelen suojakumi"},"content":{"rendered":"<p>Pituus (mm): 109; Materiaali: Thermoplast; Paino [kg]: 0,110; Sis\u00e4l\u00e4pimitta 1 [mm]: 27,8; Sis\u00e4l\u00e4pimitta 2 [mm]: 93,5; Huomioi huolto-ohjeet: , ; Vaihteistomalli: Schaltgetriebe 5 Gang; VW: GOLF IV 1J1,GOLF V 1K1,POLO 9N_,GOLF VI 5K1,GOLF PLUS 5M1, 521,LUPO 6X1, 6E1,POLO 6R, 6C,GOLF IV Variant 1J5,GOLF VII 5G1, BE1,POLO 6N2,POLO 6N1,FOX 5Z1, 5Z3,GOLF VI Variant AJ5,GOLF V Variant 1K5,BORA 1J2,GOLF VII Kombi BA5,NEW BEETLE 9C1, 1C1,BORA Kombi 1J6,NEW BEETLE Cabriolet 1Y7,POLO Kasten 6NF,POLO Stufenheck 9A4,POLO VIVO Schr\u00e4gheck,POLO VIVO Stufenheck,PASSAT Variant 3G5,TIGUAN AD1,PASSAT 3G2,PASSAT ALLTRACK 3G5,T-ROC A11,AMAROK Pritsche\/Fahrgestell S1B,ARTEON 3H7,TIGUAN ALLSPACE BW2,GOLF ALLTRACK BA5; AUDI: A3 8L1,A2 8Z0,A3 Sportback 8VA,A1 8X1, 8XF,A1 Sportback 8XA, 8XK,A3 Limousine 8VS,A3 8V1,A3 Cabriolet 8V7,TT FV3,Q2 GA,TT Roadster FV9; SKODA: OCTAVIA Combi 1Z5,FABIA Combi 6Y5,FABIA,FABIA 6Y2,OCTAVIA Combi 1U5,OCTAVIA Combi 5E5,FABIA Combi,ROOMSTER 5J,OCTAVIA 1Z3,OCTAVIA 1U2,RAPID Spaceback NH1,FABIA Stufenheck 6Y3,OCTAVIA 5E3,ROOMSTER Praktik 5J,RAPID NH3,FABIA Praktik,SUPERB Kombi 3V5,KODIAQ NS7,SUPERB 3V3,KAROQ NU7; SEAT: IBIZA IV 6L1,LEON 1P1,IBIZA V 6J5, 6P5,LEON 1M1,ALTEA 5P1,AROSA 6H,ALTEA XL 5P5, 5P8,LEON ST 5F8,IBIZA V ST 6J8, 6P8,TOLEDO II 1M2,IBIZA V SPORTCOUPE 6J1, 6P1,CORDOBA 6L2,TOLEDO III 5P2,TOLEDO IV KG3,ATECA KH7; 1H0407283B, 1H0407283D, 1J0407283A, 1K0498201B, 1K0498201BSK, 6N0498201, 6N0498201A, 6Q0498201, 6Q0498201A, 8V0598201, 8V0598201, 1H0407283B, 1H0407283D, 1J0407283A, 1K0498201B, 1K0498201BSK, 6N0498201, 6N0498201A, 6Q0498201, 6Q0498201A, 8V0598201, 1H0407283B, 1H0407283D, 1J0407283A, 1K0498201B, 1K0498201BSK, 6N0498201, 6N0498201A, 6Q0498201, 6Q0498201A, 8V0598201, 1H0407282, 1H0407283B, 1H0407283D, 1J0407283A, 1K0498201B, 1K0498201BSK, 6N0498201, 6N0498201A, 6Q0498201, 6Q0498201A, 6QE498201A, 823498201, 8V0598201<\/p>\n","protected":false},"excerpt":{"rendered":"<p>FEBI BILSTEIN Paljekumisarja, Vetoakseli 37116  VW,AUDI,SKODA,GOLF IV 1J1,GOLF V 1K1,POLO 9N_,GOLF VI 5K1,GOLF PLUS 5M1, 521,LUPO 6X1, 6E1,POLO 6R, 6C<\/p>\n","protected":false},"featured_media":0,"template":"","meta":{"site-sidebar-layout":"default","site-content-layout":"default","ast-global-header-display":"","ast-main-header-display":"","ast-hfb-above-header-display":"","ast-hfb-below-header-display":"","ast-hfb-mobile-header-display":"","site-post-title":"","ast-breadcrumbs-content":"","ast-featured-img":"","footer-sml-layout":"","theme-transparent-header-meta":"","adv-header-id-meta":"","stick-header-meta":"","header-above-stick-meta":"","header-main-stick-meta":"","header-below-stick-meta":""},"pwb-brand":[50],"product_cat":[42],"product_tag":[],"class_list":{"0":"post-89178","1":"product","2":"type-product","3":"status-publish","5":"pwb-brand-febi-bilstein","6":"product_cat-vetonivelen-suojakumi","7":"desktop-align-left","8":"tablet-align-left","9":"mobile-align-left","11":"first","12":"instock","13":"product-type-external"},"brands":[{"id":50,"name":"FEBI BILSTEIN","slug":"febi-bilstein"}],"_links":{"self":[{"href":"https:\/\/www.autonvaraosahaku.fi\/index.php?rest_route=\/wp\/v2\/product\/89178","targetHints":{"allow":["GET"]}}],"collection":[{"href":"https:\/\/www.autonvaraosahaku.fi\/index.php?rest_route=\/wp\/v2\/product"}],"about":[{"href":"https:\/\/www.autonvaraosahaku.fi\/index.php?rest_route=\/wp\/v2\/types\/product"}],"wp:attachment":[{"href":"https:\/\/www.autonvaraosahaku.fi\/index.php?rest_route=%2Fwp%2Fv2%2Fmedia&parent=89178"}],"wp:term":[{"taxonomy":"pwb-brand","embeddable":true,"href":"https:\/\/www.autonvaraosahaku.fi\/index.php?rest_route=%2Fwp%2Fv2%2Fpwb-brand&post=89178"},{"taxonomy":"product_cat","embeddable":true,"href":"https:\/\/www.autonvaraosahaku.fi\/index.php?rest_route=%2Fwp%2Fv2%2Fproduct_cat&post=89178"},{"taxonomy":"product_tag","embeddable":true,"href":"https:\/\/www.autonvaraosahaku.fi\/index.php?rest_route=%2Fwp%2Fv2%2Fproduct_tag&post=89178"}],"curies":[{"name":"wp","href":"https:\/\/api.w.org\/{rel}","templated":true}]}}