{"id":89188,"date":"2021-02-21T21:09:25","date_gmt":"2021-02-21T21:09:25","guid":{"rendered":"https:\/\/www.autonvaraosahaku.fi\/?product=tyc-15-0061-05-2-takavalot"},"modified":"2021-02-21T21:09:32","modified_gmt":"2021-02-21T21:09:32","slug":"tyc-15-0061-05-2-takavalot","status":"publish","type":"product","link":"https:\/\/www.autonvaraosahaku.fi\/?product=tyc-15-0061-05-2-takavalot","title":{"rendered":"TYC 15-0061-05-2 Takavalot"},"content":{"rendered":"<p>Asennuspuoli: Keskell\u00e4; Rekister\u00f6ity tyyppi: E-hyv\u00e4ksytty; Lamppumalli: P21W; OPEL: MOVANO Kasten F9,MOVANO Combi J9; RENAULT: MASTER II Kasten FD,MASTER II Bus JD; FIAT: SCUDO 270_,SCUDO Kasten 270_,SCUDO Kasten 220L,SCUDO Combinato 220P; PEUGEOT: EXPERT Tepee VF3V_,EXPERT Kasten VF3A_, VF3U_, VF3X_,EXPERT Kasten 222,EXPERT 224; CITRO\u00cbN: JUMPY,JUMPY Kasten,JUMPY U6U,JUMPY Kasten BS_, BT_, BY_, BZ_; NISSAN: INTERSTAR Kasten X70,INTERSTAR Bus X70; 6351AR, 6351L2, 6351N6, 9637189680, 2654000QAA, 09160832, 4500532, 6351AR, 6351L2, 6351N6, 7700352940<\/p>\n","protected":false},"excerpt":{"rendered":"<p>TYC lis\u00e4jarruvalo 15-0061-05-2  OPEL,RENAULT,FIAT,MOVANO Kasten F9,MOVANO Combi J9,MASTER II Kasten FD,MASTER II Bus JD,SCUDO 270_,SCUDO Kasten 270_<\/p>\n","protected":false},"featured_media":0,"template":"","meta":{"site-sidebar-layout":"default","site-content-layout":"default","ast-global-header-display":"","ast-main-header-display":"","ast-hfb-above-header-display":"","ast-hfb-below-header-display":"","ast-hfb-mobile-header-display":"","site-post-title":"","ast-breadcrumbs-content":"","ast-featured-img":"","footer-sml-layout":"","theme-transparent-header-meta":"","adv-header-id-meta":"","stick-header-meta":"","header-above-stick-meta":"","header-main-stick-meta":"","header-below-stick-meta":""},"pwb-brand":[124],"product_cat":[159],"product_tag":[],"class_list":{"0":"post-89188","1":"product","2":"type-product","3":"status-publish","5":"pwb-brand-tyc","6":"product_cat-takavalot","7":"desktop-align-left","8":"tablet-align-left","9":"mobile-align-left","11":"first","12":"instock","13":"product-type-external"},"brands":[{"id":124,"name":"TYC","slug":"tyc"}],"_links":{"self":[{"href":"https:\/\/www.autonvaraosahaku.fi\/index.php?rest_route=\/wp\/v2\/product\/89188","targetHints":{"allow":["GET"]}}],"collection":[{"href":"https:\/\/www.autonvaraosahaku.fi\/index.php?rest_route=\/wp\/v2\/product"}],"about":[{"href":"https:\/\/www.autonvaraosahaku.fi\/index.php?rest_route=\/wp\/v2\/types\/product"}],"wp:attachment":[{"href":"https:\/\/www.autonvaraosahaku.fi\/index.php?rest_route=%2Fwp%2Fv2%2Fmedia&parent=89188"}],"wp:term":[{"taxonomy":"pwb-brand","embeddable":true,"href":"https:\/\/www.autonvaraosahaku.fi\/index.php?rest_route=%2Fwp%2Fv2%2Fpwb-brand&post=89188"},{"taxonomy":"product_cat","embeddable":true,"href":"https:\/\/www.autonvaraosahaku.fi\/index.php?rest_route=%2Fwp%2Fv2%2Fproduct_cat&post=89188"},{"taxonomy":"product_tag","embeddable":true,"href":"https:\/\/www.autonvaraosahaku.fi\/index.php?rest_route=%2Fwp%2Fv2%2Fproduct_tag&post=89188"}],"curies":[{"name":"wp","href":"https:\/\/api.w.org\/{rel}","templated":true}]}}