{"id":89189,"date":"2021-02-21T21:09:25","date_gmt":"2021-02-21T21:09:25","guid":{"rendered":"https:\/\/www.autonvaraosahaku.fi\/?product=textar-2573601-jarrupalat"},"modified":"2021-02-21T21:09:33","modified_gmt":"2021-02-21T21:09:33","slug":"textar-2573601-jarrupalat","status":"publish","type":"product","link":"https:\/\/www.autonvaraosahaku.fi\/?product=textar-2573601-jarrupalat","title":{"rendered":"TEXTAR 2573601 Jarrupalat"},"content":{"rendered":"<p>Leveys (mm): 180,1; Korkeus (mm): 65,4; Paksuus [mm]: 17,9; Kulumisenilmaisimen liitos: Ei kulumisenilmaisimelle; WVA-numero: 25736; Jarruj\u00e4rjestelm\u00e4: Teves; Pakkauspituus [cm]: 17; Pakkausleveys [cm]: 12; Pakkauskorkeus [mm]: 8,3; Teknisten tietojen numero: 25736 179  0 5; M\u00e4\u00e4r\u00e4yksikk\u00f6: Akselisarja; Asennuspuoli: Vorderachse; FORD: FOCUS III Turnier,FOCUS III,KUGA II DM2,FOCUS III Stufenheck,TOURNEO CONNECT \/ GRAND TOURNEO CONNECT Kombi,TRANSIT CONNECT Kasten,TRANSIT CONNECT Kombi,KUGA II Van,FOCUS III Kasten\/Schr\u00e4gheck,KA,KA + Stufenheck; 1775091, 2039733, 2286735, BV612K021AC, BV612K021AD, FU2Z2V001C, MEBV6J2K021AA, BRF1496, BRF1556, CV6Z2001N, EJ7Z2001A, EJ7Z2001B; Jarrupalasarja,Jarrupala, Levyjarru<\/p>\n","protected":false},"excerpt":{"rendered":"<p>TEXTAR Jarrupalat Q+ 2573601 Jarrupalasarja,Jarrupala, Levyjarru FORD,FOCUS III Turnier,FOCUS III,KUGA II DM2,FOCUS III Stufenheck<\/p>\n","protected":false},"featured_media":0,"template":"","meta":{"site-sidebar-layout":"default","site-content-layout":"default","ast-global-header-display":"","ast-main-header-display":"","ast-hfb-above-header-display":"","ast-hfb-below-header-display":"","ast-hfb-mobile-header-display":"","site-post-title":"","ast-breadcrumbs-content":"","ast-featured-img":"","footer-sml-layout":"","theme-transparent-header-meta":"","adv-header-id-meta":"","stick-header-meta":"","header-above-stick-meta":"","header-main-stick-meta":"","header-below-stick-meta":""},"pwb-brand":[288],"product_cat":[100],"product_tag":[],"class_list":{"0":"post-89189","1":"product","2":"type-product","3":"status-publish","5":"pwb-brand-textar","6":"product_cat-jarrupalat","7":"desktop-align-left","8":"tablet-align-left","9":"mobile-align-left","11":"first","12":"instock","13":"product-type-external"},"brands":[{"id":288,"name":"TEXTAR","slug":"textar"}],"_links":{"self":[{"href":"https:\/\/www.autonvaraosahaku.fi\/index.php?rest_route=\/wp\/v2\/product\/89189","targetHints":{"allow":["GET"]}}],"collection":[{"href":"https:\/\/www.autonvaraosahaku.fi\/index.php?rest_route=\/wp\/v2\/product"}],"about":[{"href":"https:\/\/www.autonvaraosahaku.fi\/index.php?rest_route=\/wp\/v2\/types\/product"}],"wp:attachment":[{"href":"https:\/\/www.autonvaraosahaku.fi\/index.php?rest_route=%2Fwp%2Fv2%2Fmedia&parent=89189"}],"wp:term":[{"taxonomy":"pwb-brand","embeddable":true,"href":"https:\/\/www.autonvaraosahaku.fi\/index.php?rest_route=%2Fwp%2Fv2%2Fpwb-brand&post=89189"},{"taxonomy":"product_cat","embeddable":true,"href":"https:\/\/www.autonvaraosahaku.fi\/index.php?rest_route=%2Fwp%2Fv2%2Fproduct_cat&post=89189"},{"taxonomy":"product_tag","embeddable":true,"href":"https:\/\/www.autonvaraosahaku.fi\/index.php?rest_route=%2Fwp%2Fv2%2Fproduct_tag&post=89189"}],"curies":[{"name":"wp","href":"https:\/\/api.w.org\/{rel}","templated":true}]}}