{"id":8921,"date":"2021-02-21T14:04:27","date_gmt":"2021-02-21T14:04:27","guid":{"rendered":"https:\/\/www.autonvaraosahaku.fi\/?product=master-sport-36800-set-ms-alatukivarsi"},"modified":"2021-02-21T14:04:27","modified_gmt":"2021-02-21T14:04:27","slug":"master-sport-36800-set-ms-alatukivarsi","status":"publish","type":"product","link":"https:\/\/www.autonvaraosahaku.fi\/?product=master-sport-36800-set-ms-alatukivarsi","title":{"rendered":"MASTER-SPORT 36800-SET-MS Alatukivarsi"},"content":{"rendered":"<p>Asennuspuoli: etuakseli molemminpuoleinen; M\u00e4\u00e4r\u00e4yksikk\u00f6: Sarja; Tarvittava kappalem\u00e4\u00e4r\u00e4: 1; Nettopaino [kg]: 7,26; Bruttopaino [kg]: 7,85; Valmistusvuoteen: 09\/1998; BMW: 5 E39,5 Touring E39,Z8 E52; ALPINA: B10 E39,D10 E39,B10 Kombi E39; 092024, 1091767, 1091768, 1091855, 1091856, 1092023, 1093449, 1093450, 1093769, 1093770, 1093771, 1094233, 1094234, 1094673, 1094674, 1095661, 1095662, 1141717, 1141718, 31121092023, 31121092023S1, 31121092024, 31121093449, 31121093450, 31121094233, 31121094234, 31121141717, 31121141718, 31351091855, 31351091856, 31351095661, 31351095662, 32111091767, 32111091768, 32111093769, 32111093770, 32111093771, 32111094673, 32111094674<\/p>\n","protected":false},"excerpt":{"rendered":"<p>MASTER-SPORT Tukivarsisarja, Py\u00f6rien Tuenta 36800-SET-MS  BMW,ALPINA,5 E39,5 Touring E39,Z8 E52,B10 E39,D10 E39,B10 Kombi E39<\/p>\n","protected":false},"featured_media":0,"template":"","meta":{"site-sidebar-layout":"default","site-content-layout":"default","ast-global-header-display":"","ast-main-header-display":"","ast-hfb-above-header-display":"","ast-hfb-below-header-display":"","ast-hfb-mobile-header-display":"","site-post-title":"","ast-breadcrumbs-content":"","ast-featured-img":"","footer-sml-layout":"","theme-transparent-header-meta":"","adv-header-id-meta":"","stick-header-meta":"","header-above-stick-meta":"","header-main-stick-meta":"","header-below-stick-meta":""},"pwb-brand":[61],"product_cat":[62],"product_tag":[],"class_list":{"0":"post-8921","1":"product","2":"type-product","3":"status-publish","5":"pwb-brand-master-sport","6":"product_cat-alatukivarsi","7":"desktop-align-left","8":"tablet-align-left","9":"mobile-align-left","11":"first","12":"instock","13":"product-type-external"},"brands":[{"id":61,"name":"MASTER-SPORT","slug":"master-sport"}],"_links":{"self":[{"href":"https:\/\/www.autonvaraosahaku.fi\/index.php?rest_route=\/wp\/v2\/product\/8921","targetHints":{"allow":["GET"]}}],"collection":[{"href":"https:\/\/www.autonvaraosahaku.fi\/index.php?rest_route=\/wp\/v2\/product"}],"about":[{"href":"https:\/\/www.autonvaraosahaku.fi\/index.php?rest_route=\/wp\/v2\/types\/product"}],"wp:attachment":[{"href":"https:\/\/www.autonvaraosahaku.fi\/index.php?rest_route=%2Fwp%2Fv2%2Fmedia&parent=8921"}],"wp:term":[{"taxonomy":"pwb-brand","embeddable":true,"href":"https:\/\/www.autonvaraosahaku.fi\/index.php?rest_route=%2Fwp%2Fv2%2Fpwb-brand&post=8921"},{"taxonomy":"product_cat","embeddable":true,"href":"https:\/\/www.autonvaraosahaku.fi\/index.php?rest_route=%2Fwp%2Fv2%2Fproduct_cat&post=8921"},{"taxonomy":"product_tag","embeddable":true,"href":"https:\/\/www.autonvaraosahaku.fi\/index.php?rest_route=%2Fwp%2Fv2%2Fproduct_tag&post=8921"}],"curies":[{"name":"wp","href":"https:\/\/api.w.org\/{rel}","templated":true}]}}