{"id":89214,"date":"2021-02-21T21:09:42","date_gmt":"2021-02-21T21:09:42","guid":{"rendered":"https:\/\/www.autonvaraosahaku.fi\/?product=prasco-ft0301250-muut-luokat"},"modified":"2021-02-21T21:09:44","modified_gmt":"2021-02-21T21:09:44","slug":"prasco-ft0301250-muut-luokat","status":"publish","type":"product","link":"https:\/\/www.autonvaraosahaku.fi\/?product=prasco-ft0301250-muut-luokat","title":{"rendered":"PRASCO FT0301250 Muut luokat"},"content":{"rendered":"<p>Laatu: Premium; Asennuspuoli: Takana; V\u00e4ri: Musta; Pinta: Kromattu; M\u00e4\u00e4r\u00e4: 2; ABARTH: 500 \/ 595 312_; FIAT: 500 312<\/p>\n","protected":false},"excerpt":{"rendered":"<p>PRASCO Puskurin Lista Premium FT0301250  ABARTH,FIAT,500 \/ 595 312_,500 312<\/p>\n","protected":false},"featured_media":0,"template":"","meta":{"site-sidebar-layout":"default","site-content-layout":"default","ast-global-header-display":"","ast-main-header-display":"","ast-hfb-above-header-display":"","ast-hfb-below-header-display":"","ast-hfb-mobile-header-display":"","site-post-title":"","ast-breadcrumbs-content":"","ast-featured-img":"","footer-sml-layout":"","theme-transparent-header-meta":"","adv-header-id-meta":"","stick-header-meta":"","header-above-stick-meta":"","header-main-stick-meta":"","header-below-stick-meta":""},"pwb-brand":[406],"product_cat":[37],"product_tag":[],"class_list":{"0":"post-89214","1":"product","2":"type-product","3":"status-publish","5":"pwb-brand-prasco","6":"product_cat-muut-luokat","7":"desktop-align-left","8":"tablet-align-left","9":"mobile-align-left","11":"first","12":"instock","13":"product-type-external"},"brands":[{"id":406,"name":"PRASCO","slug":"prasco"}],"_links":{"self":[{"href":"https:\/\/www.autonvaraosahaku.fi\/index.php?rest_route=\/wp\/v2\/product\/89214","targetHints":{"allow":["GET"]}}],"collection":[{"href":"https:\/\/www.autonvaraosahaku.fi\/index.php?rest_route=\/wp\/v2\/product"}],"about":[{"href":"https:\/\/www.autonvaraosahaku.fi\/index.php?rest_route=\/wp\/v2\/types\/product"}],"wp:attachment":[{"href":"https:\/\/www.autonvaraosahaku.fi\/index.php?rest_route=%2Fwp%2Fv2%2Fmedia&parent=89214"}],"wp:term":[{"taxonomy":"pwb-brand","embeddable":true,"href":"https:\/\/www.autonvaraosahaku.fi\/index.php?rest_route=%2Fwp%2Fv2%2Fpwb-brand&post=89214"},{"taxonomy":"product_cat","embeddable":true,"href":"https:\/\/www.autonvaraosahaku.fi\/index.php?rest_route=%2Fwp%2Fv2%2Fproduct_cat&post=89214"},{"taxonomy":"product_tag","embeddable":true,"href":"https:\/\/www.autonvaraosahaku.fi\/index.php?rest_route=%2Fwp%2Fv2%2Fproduct_tag&post=89214"}],"curies":[{"name":"wp","href":"https:\/\/api.w.org\/{rel}","templated":true}]}}