{"id":89221,"date":"2021-02-21T21:09:42","date_gmt":"2021-02-21T21:09:42","guid":{"rendered":"https:\/\/www.autonvaraosahaku.fi\/?product=swag-70-92-4483-hehkutulppa"},"modified":"2021-02-21T21:09:47","modified_gmt":"2021-02-21T21:09:47","slug":"swag-70-92-4483-hehkutulppa","status":"publish","type":"product","link":"https:\/\/www.autonvaraosahaku.fi\/?product=swag-70-92-4483-hehkutulppa","title":{"rendered":"SWAG 70 92 4483 Hehkutulppa"},"content":{"rendered":"<p>Pituus (mm): 152, 30; Ulkokierre [mm]: M9 x 1; Avainv\u00e4li: 9; J\u00e4nnite (V): 11; Paino [kg]: 0,030; Hehkutulppatyyppi: j\u00e4lkihehkutuksenkest\u00e4v\u00e4, j\u00e4lkihehkutuksenkest\u00e4v\u00e4; Huomioi tekniset tiedot: ; LANCIA: THESIS 841AX; OPEL: ZAFIRA B A05,ASTRA H Caravan L35,ASTRA H L48,VECTRA C Caravan,ASTRA H GTC L08,SIGNUM,VECTRA C,VECTRA C GTS,ASTRA H TwinTop L67,ASTRA H Kasten L70; SAAB: 9-3 YS3F,9-3 Kombi YS3F; ALFA ROMEO: 147 937,159 Sportwagon 939,156 Sportwagon 932,156 932,159 939,GT 937,166 936,BRERA,SPIDER 939; FIAT: STILO 192,BRAVO II 198,STILO Multi Wagon 192,CROMA 194; VAUXHALL: ZAFIRA Mk II B M75,ASTRA Mk V H CC,VECTRA Mk II C CC,ASTRA Mk V H Estate,VECTRA Mk II C Estate,ASTRA Mk V H Convertible,VECTRA Mk II C,SIGNUM; 46792355, 93178411, 46792355, 46792355, 1214034, 93178411, 093178411, 93178411<\/p>\n","protected":false},"excerpt":{"rendered":"<p>SWAG Hehkutulppa 70 92 4483  LANCIA,OPEL,SAAB,THESIS 841AX,ZAFIRA B A05,ASTRA H Caravan L35,ASTRA H L48,VECTRA C Caravan,ASTRA H GTC L08,SIGNUM<\/p>\n","protected":false},"featured_media":0,"template":"","meta":{"site-sidebar-layout":"default","site-content-layout":"default","ast-global-header-display":"","ast-main-header-display":"","ast-hfb-above-header-display":"","ast-hfb-below-header-display":"","ast-hfb-mobile-header-display":"","site-post-title":"","ast-breadcrumbs-content":"","ast-featured-img":"","footer-sml-layout":"","theme-transparent-header-meta":"","adv-header-id-meta":"","stick-header-meta":"","header-above-stick-meta":"","header-main-stick-meta":"","header-below-stick-meta":""},"pwb-brand":[103],"product_cat":[52],"product_tag":[],"class_list":{"0":"post-89221","1":"product","2":"type-product","3":"status-publish","5":"pwb-brand-swag","6":"product_cat-hehkutulppa","7":"desktop-align-left","8":"tablet-align-left","9":"mobile-align-left","11":"first","12":"instock","13":"product-type-external"},"brands":[{"id":103,"name":"SWAG","slug":"swag"}],"_links":{"self":[{"href":"https:\/\/www.autonvaraosahaku.fi\/index.php?rest_route=\/wp\/v2\/product\/89221","targetHints":{"allow":["GET"]}}],"collection":[{"href":"https:\/\/www.autonvaraosahaku.fi\/index.php?rest_route=\/wp\/v2\/product"}],"about":[{"href":"https:\/\/www.autonvaraosahaku.fi\/index.php?rest_route=\/wp\/v2\/types\/product"}],"wp:attachment":[{"href":"https:\/\/www.autonvaraosahaku.fi\/index.php?rest_route=%2Fwp%2Fv2%2Fmedia&parent=89221"}],"wp:term":[{"taxonomy":"pwb-brand","embeddable":true,"href":"https:\/\/www.autonvaraosahaku.fi\/index.php?rest_route=%2Fwp%2Fv2%2Fpwb-brand&post=89221"},{"taxonomy":"product_cat","embeddable":true,"href":"https:\/\/www.autonvaraosahaku.fi\/index.php?rest_route=%2Fwp%2Fv2%2Fproduct_cat&post=89221"},{"taxonomy":"product_tag","embeddable":true,"href":"https:\/\/www.autonvaraosahaku.fi\/index.php?rest_route=%2Fwp%2Fv2%2Fproduct_tag&post=89221"}],"curies":[{"name":"wp","href":"https:\/\/api.w.org\/{rel}","templated":true}]}}