{"id":89227,"date":"2021-02-21T21:09:42","date_gmt":"2021-02-21T21:09:42","guid":{"rendered":"https:\/\/www.autonvaraosahaku.fi\/?product=magneti-marelli-313011300006-polttoainepumppu"},"modified":"2021-02-21T21:09:50","modified_gmt":"2021-02-21T21:09:50","slug":"magneti-marelli-313011300006-polttoainepumppu","status":"publish","type":"product","link":"https:\/\/www.autonvaraosahaku.fi\/?product=magneti-marelli-313011300006-polttoainepumppu","title":{"rendered":"MAGNETI MARELLI 313011300006 Polttoainepumppu"},"content":{"rendered":"<p>Siirtom\u00e4\u00e4r\u00e4 (l\/h): 85; K\u00e4ytt\u00f6: S\u00e4hk\u00f6inen; J\u00e4nnite sis\u00e4\u00e4n [V]: 12; K\u00e4ytt\u00f6paine (bar): 3; NISSAN: MAXIMA QX A33; JEEP: CHEROKEE XJ; HONDA: CR-V I RD,PRELUDE V BB,S2000 AP,CIVIC V Coupe EJ,CIVIC V Stufenheck EG, EH; SUBARU: OUTBACK BE, BH; HYUNDAI: GETZ TB,SANTA F\u00c9 I SM,MATRIX FC,ACCENT II LC,ACCENT III MC; ISUZU: TROOPER; 7789626<\/p>\n","protected":false},"excerpt":{"rendered":"<p>MAGNETI MARELLI Polttoainepumppu 313011300006  NISSAN,JEEP,HONDA,MAXIMA QX A33,CHEROKEE XJ,CR-V I RD,PRELUDE V BB,S2000 AP,CIVIC V Coupe EJ<\/p>\n","protected":false},"featured_media":0,"template":"","meta":{"site-sidebar-layout":"default","site-content-layout":"default","ast-global-header-display":"","ast-main-header-display":"","ast-hfb-above-header-display":"","ast-hfb-below-header-display":"","ast-hfb-mobile-header-display":"","site-post-title":"","ast-breadcrumbs-content":"","ast-featured-img":"","footer-sml-layout":"","theme-transparent-header-meta":"","adv-header-id-meta":"","stick-header-meta":"","header-above-stick-meta":"","header-main-stick-meta":"","header-below-stick-meta":""},"pwb-brand":[34],"product_cat":[73],"product_tag":[],"class_list":{"0":"post-89227","1":"product","2":"type-product","3":"status-publish","5":"pwb-brand-magneti-marelli","6":"product_cat-polttoainepumppu","7":"desktop-align-left","8":"tablet-align-left","9":"mobile-align-left","11":"first","12":"instock","13":"product-type-external"},"brands":[{"id":34,"name":"MAGNETI MARELLI","slug":"magneti-marelli"}],"_links":{"self":[{"href":"https:\/\/www.autonvaraosahaku.fi\/index.php?rest_route=\/wp\/v2\/product\/89227","targetHints":{"allow":["GET"]}}],"collection":[{"href":"https:\/\/www.autonvaraosahaku.fi\/index.php?rest_route=\/wp\/v2\/product"}],"about":[{"href":"https:\/\/www.autonvaraosahaku.fi\/index.php?rest_route=\/wp\/v2\/types\/product"}],"wp:attachment":[{"href":"https:\/\/www.autonvaraosahaku.fi\/index.php?rest_route=%2Fwp%2Fv2%2Fmedia&parent=89227"}],"wp:term":[{"taxonomy":"pwb-brand","embeddable":true,"href":"https:\/\/www.autonvaraosahaku.fi\/index.php?rest_route=%2Fwp%2Fv2%2Fpwb-brand&post=89227"},{"taxonomy":"product_cat","embeddable":true,"href":"https:\/\/www.autonvaraosahaku.fi\/index.php?rest_route=%2Fwp%2Fv2%2Fproduct_cat&post=89227"},{"taxonomy":"product_tag","embeddable":true,"href":"https:\/\/www.autonvaraosahaku.fi\/index.php?rest_route=%2Fwp%2Fv2%2Fproduct_tag&post=89227"}],"curies":[{"name":"wp","href":"https:\/\/api.w.org\/{rel}","templated":true}]}}