{"id":89228,"date":"2021-02-21T21:09:42","date_gmt":"2021-02-21T21:09:42","guid":{"rendered":"https:\/\/www.autonvaraosahaku.fi\/?product=gates-t38001-ohjainrulla"},"modified":"2021-02-21T21:09:50","modified_gmt":"2021-02-21T21:09:50","slug":"gates-t38001-ohjainrulla","status":"publish","type":"product","link":"https:\/\/www.autonvaraosahaku.fi\/?product=gates-t38001-ohjainrulla","title":{"rendered":"GATES T38001 Ohjainrulla"},"content":{"rendered":"<p>Materiaali: Metalli; Rihloja (kpl): 0; Ulkol\u00e4pimitta [mm]: 91; Sis\u00e4l\u00e4pimitta [mm]: 17; Leveys (mm): 30; lis\u00e4tieto: PowerGrip\u00ae; Apulaitteet: angetr. Agg.: Generator; HONDA: ACCORD VI CG, CK,ACCORD VI Coupe CG; CHEVROLET: BLAZER S10,CAMARO F,C1500 Pick-up; LAND ROVER: DISCOVERY III TAA; FORD USA: EXPLORER U2,MUSTANG Coupe,WINDSTAR A3,MUSTANG Convertible,EXPLORER UN46,F-150,EXPLORER,RANGER,EXPLORER U251,F-250,E SERIES Kasten,TAURUS Wagon P5_; HUMMER: HUMMER H1; LINCOLN: LS; CADILLAC: ELDORADO Coupe,ESCALADE GMT 400; BUICK: ROADMASTER Stufenheck,REGAL 4WF_; PONTIAC: FIREBIRD Cabriolet,TRANS SPORT,FIREBIRD; GMC: S15 JIMMY Gel\u00e4ndewagen geschlossen; 12564510, 12555244, 1029558, 1L2Z8678AB, 4481774, 1L2E19A216AC, 1L2Z8678AB, 4747158, 5L3Z8678BA, 6L2E6C348AA, 6L2Z6C348A, F7CZ6C348AA, 8101419970, 8125578190, 8141026450, 4481774, LR000737, PQR000221, 1L2Z8678AB, 10141997; Ohjainrulla, Moniurahihna<\/p>\n","protected":false},"excerpt":{"rendered":"<p>GATES Ohjainrulla T38001 Ohjainrulla, Moniurahihna HONDA,CHEVROLET,LAND ROVER,ACCORD VI CG, CK,ACCORD VI Coupe CG,BLAZER S10,CAMARO F,C1500 Pick-up<\/p>\n","protected":false},"featured_media":0,"template":"","meta":{"site-sidebar-layout":"default","site-content-layout":"default","ast-global-header-display":"","ast-main-header-display":"","ast-hfb-above-header-display":"","ast-hfb-below-header-display":"","ast-hfb-mobile-header-display":"","site-post-title":"","ast-breadcrumbs-content":"","ast-featured-img":"","footer-sml-layout":"","theme-transparent-header-meta":"","adv-header-id-meta":"","stick-header-meta":"","header-above-stick-meta":"","header-main-stick-meta":"","header-below-stick-meta":""},"pwb-brand":[22],"product_cat":[308],"product_tag":[],"class_list":{"0":"post-89228","1":"product","2":"type-product","3":"status-publish","5":"pwb-brand-gates","6":"product_cat-ohjainrulla","7":"desktop-align-left","8":"tablet-align-left","9":"mobile-align-left","11":"first","12":"instock","13":"product-type-external"},"brands":[{"id":22,"name":"GATES","slug":"gates"}],"_links":{"self":[{"href":"https:\/\/www.autonvaraosahaku.fi\/index.php?rest_route=\/wp\/v2\/product\/89228","targetHints":{"allow":["GET"]}}],"collection":[{"href":"https:\/\/www.autonvaraosahaku.fi\/index.php?rest_route=\/wp\/v2\/product"}],"about":[{"href":"https:\/\/www.autonvaraosahaku.fi\/index.php?rest_route=\/wp\/v2\/types\/product"}],"wp:attachment":[{"href":"https:\/\/www.autonvaraosahaku.fi\/index.php?rest_route=%2Fwp%2Fv2%2Fmedia&parent=89228"}],"wp:term":[{"taxonomy":"pwb-brand","embeddable":true,"href":"https:\/\/www.autonvaraosahaku.fi\/index.php?rest_route=%2Fwp%2Fv2%2Fpwb-brand&post=89228"},{"taxonomy":"product_cat","embeddable":true,"href":"https:\/\/www.autonvaraosahaku.fi\/index.php?rest_route=%2Fwp%2Fv2%2Fproduct_cat&post=89228"},{"taxonomy":"product_tag","embeddable":true,"href":"https:\/\/www.autonvaraosahaku.fi\/index.php?rest_route=%2Fwp%2Fv2%2Fproduct_tag&post=89228"}],"curies":[{"name":"wp","href":"https:\/\/api.w.org\/{rel}","templated":true}]}}