{"id":89233,"date":"2021-02-21T21:09:51","date_gmt":"2021-02-21T21:09:51","guid":{"rendered":"https:\/\/www.autonvaraosahaku.fi\/?product=metelli-15-1019-vetonivel"},"modified":"2021-02-21T21:09:53","modified_gmt":"2021-02-21T21:09:53","slug":"metelli-15-1019-vetonivel","status":"publish","type":"product","link":"https:\/\/www.autonvaraosahaku.fi\/?product=metelli-15-1019-vetonivel","title":{"rendered":"METELLI 15-1019 Vetonivel"},"content":{"rendered":"<p>Materiaali: Kumi; Kierremitta: M20 x 1,5, M20x1,5; Mekaanisesti ty\u00f6stetty: Ilman sokkauraa sis\u00e4osassa, Ilman sokkauraa sis\u00e4osassa; Ulkohammastus, py\u00f6r\u00e4npuoli: 20; Sis\u00e4hammastus, py\u00f6r\u00e4npuoli: 20; Tiivisteen l\u00e4pimitta [mm]: 43,1; Ulkol\u00e4pimitta [mm]: 80, 80; Suojavaippa: ohne Staubschutz; SEAT: MARBELLA 28,127 127A,MARBELLA Kasten 028A,TERRA 24,128,PANDA 141A,FURA 025A; LANCIA: Y10 156; FIAT: PANDA 141A_,UNO 146A\/E,127,FIORINO Kasten 146,128,PANDA Van 141_,FIORINO Pick up 146,FIORINO 147,127 Panorama,128 Familiare; AUTOBIANCHI: A 112,Y10; 5944689, 5959385, 5998706, 5944689, 5959385, 5998706, 5944689, 5959385, 5998706, 5944689, 5959385, 5998706; Nivelsarja, Vetoakseli<\/p>\n","protected":false},"excerpt":{"rendered":"<p>METELLI Vetonivel 15-1019 Nivelsarja, Vetoakseli SEAT,LANCIA,FIAT,MARBELLA 28,127 127A,MARBELLA Kasten 028A,TERRA 24,128,PANDA 141A,FURA 025A,Y10 156<\/p>\n","protected":false},"featured_media":0,"template":"","meta":{"site-sidebar-layout":"default","site-content-layout":"default","ast-global-header-display":"","ast-main-header-display":"","ast-hfb-above-header-display":"","ast-hfb-below-header-display":"","ast-hfb-mobile-header-display":"","site-post-title":"","ast-breadcrumbs-content":"","ast-featured-img":"","footer-sml-layout":"","theme-transparent-header-meta":"","adv-header-id-meta":"","stick-header-meta":"","header-above-stick-meta":"","header-main-stick-meta":"","header-below-stick-meta":""},"pwb-brand":[251],"product_cat":[175],"product_tag":[],"class_list":{"0":"post-89233","1":"product","2":"type-product","3":"status-publish","5":"pwb-brand-metelli","6":"product_cat-vetonivel","7":"desktop-align-left","8":"tablet-align-left","9":"mobile-align-left","11":"first","12":"instock","13":"product-type-external"},"brands":[{"id":251,"name":"METELLI","slug":"metelli"}],"_links":{"self":[{"href":"https:\/\/www.autonvaraosahaku.fi\/index.php?rest_route=\/wp\/v2\/product\/89233","targetHints":{"allow":["GET"]}}],"collection":[{"href":"https:\/\/www.autonvaraosahaku.fi\/index.php?rest_route=\/wp\/v2\/product"}],"about":[{"href":"https:\/\/www.autonvaraosahaku.fi\/index.php?rest_route=\/wp\/v2\/types\/product"}],"wp:attachment":[{"href":"https:\/\/www.autonvaraosahaku.fi\/index.php?rest_route=%2Fwp%2Fv2%2Fmedia&parent=89233"}],"wp:term":[{"taxonomy":"pwb-brand","embeddable":true,"href":"https:\/\/www.autonvaraosahaku.fi\/index.php?rest_route=%2Fwp%2Fv2%2Fpwb-brand&post=89233"},{"taxonomy":"product_cat","embeddable":true,"href":"https:\/\/www.autonvaraosahaku.fi\/index.php?rest_route=%2Fwp%2Fv2%2Fproduct_cat&post=89233"},{"taxonomy":"product_tag","embeddable":true,"href":"https:\/\/www.autonvaraosahaku.fi\/index.php?rest_route=%2Fwp%2Fv2%2Fproduct_tag&post=89233"}],"curies":[{"name":"wp","href":"https:\/\/api.w.org\/{rel}","templated":true}]}}