{"id":89242,"date":"2021-02-21T21:09:51","date_gmt":"2021-02-21T21:09:51","guid":{"rendered":"https:\/\/www.autonvaraosahaku.fi\/?product=era-330723-jarruvalokytkin"},"modified":"2021-02-21T21:09:56","modified_gmt":"2021-02-21T21:09:56","slug":"era-330723-jarruvalokytkin","status":"publish","type":"product","link":"https:\/\/www.autonvaraosahaku.fi\/?product=era-330723-jarruvalokytkin","title":{"rendered":"ERA 330723 Jarruvalokytkin"},"content":{"rendered":"<p>K\u00e4ytt\u00f6: Mekaaninen; Liittimi\u00e4: 4; Teknisten tietojen numero: circuit N.O., circuit N.C.; SUZUKI: SWIFT III MZ, EZ,JIMNY FJ,SWIFT IV FZ, NZ,GRAND VITARA II JT,SX4 EY, GY,GRAND VITARA I FT,IGNIS FH,SPLASH,IGNIS II,LIANA Schr\u00e4gheck,SX4 S-Cross,LIANA ER,KIZASHI FR,SX4 Stufenheck GY,CARRY Kasten FD,VITARA LY,JIMNY Gel\u00e4ndewagen offen SN,IGNIS MF,SWIFT V AZ; LEXUS: GX _J12_,ES GSV4_, ACV4_; SUBARU: TREZIA; OPEL: AGILA B H08; TOYOTA: YARIS SCP9_, NSP9_, KSP9_, NCP9_, ZSP9_,AVENSIS Kombi T25,COROLLA Verso ZER_, ZZE12_, R1_,AYGO WNB1_, KGB1_,AURIS NRE15_, ZZE15_, ADE15_, ZRE15_, NDE15_,RAV 4 III ACA3_, ACE_, ALA3_, GSA3_, ZSA3_,AVENSIS T25_,YARIS NHP13_, NSP13_, NCP13_, KSP13_, NLP13_,AURIS NZE18_, ZRE18_,AVENSIS Stufenheck T25,AURIS TOURING SPORTS ADE18_, ZWE18_, ZRE18_,IQ KPJ1_, NGJ1_, KGJ1_, NUJ1_,COROLLA Verso ZDE12_, CDE12_,CELICA ZZT23_,RAV 4 IV ZSA4_, ALA4_,PREVIA MCR3_, ACR3_, CLR3_,LAND CRUISER KDJ12_, GRJ12_,HILUX III Pick-up TGN1_, GGN2_, GGN1_, KUN2_, KUN1_,AVENSIS VERSO _CLM2_, _ACM2_,VIOS\/YARIS Stufenheck ZSP9_, NCP9_,URBAN CRUISER NSP1_, NLP1_, ZSP1_, NCP11_,LAND CRUISER 150 KDJ15_, GRJ15_,HIACE IV Bus LH1_,COROLLA Stufenheck E15_,COROLLA Stufenheck NRE18_, ZRE17_, ZRE18_, NDE18_,FJ CRUISER GSJ1_,HIACE IV Kasten TRH2_, KDH2_,SIENNA ASL3_, GSL3_,CAMRY Stufenheck _XV4_,HIACE \/ COMMUTER IV TRH2_, KDH2_,AURIS VAN Kasten ZRE18_, NZE18_,CAMRY Stufenheck AVV5_, XV5_,AYGO PAB4_, KGB4_,PREVIA III ACR5_; FIAT: SEDICI; CITRO\u00cbN: C1 PM_, PN_,C1 II; PEUGEOT: 107,108; ASTON MARTIN: CYGNET; VAUXHALL: AGILA Mk II B; 453454, 71742588, 4710280, 453454, 3774073H10000, 3774075H10000, 8434009020, 8434009040, 8434009070, 8434019025, 8434049025, 8434049045, 8434069015, 8434069025; Jarruvalokatkaisin<\/p>\n","protected":false},"excerpt":{"rendered":"<p>ERA Jarruvalokytkin 330723 Jarruvalokatkaisin SUZUKI,LEXUS,SUBARU,SWIFT III MZ, EZ,JIMNY FJ,SWIFT IV FZ, NZ,GRAND VITARA II JT,SX4 EY, GY<\/p>\n","protected":false},"featured_media":0,"template":"","meta":{"site-sidebar-layout":"default","site-content-layout":"default","ast-global-header-display":"","ast-main-header-display":"","ast-hfb-above-header-display":"","ast-hfb-below-header-display":"","ast-hfb-mobile-header-display":"","site-post-title":"","ast-breadcrumbs-content":"","ast-featured-img":"","footer-sml-layout":"","theme-transparent-header-meta":"","adv-header-id-meta":"","stick-header-meta":"","header-above-stick-meta":"","header-main-stick-meta":"","header-below-stick-meta":""},"pwb-brand":[64],"product_cat":[117],"product_tag":[],"class_list":{"0":"post-89242","1":"product","2":"type-product","3":"status-publish","5":"pwb-brand-era","6":"product_cat-jarruvalokytkin","7":"desktop-align-left","8":"tablet-align-left","9":"mobile-align-left","11":"first","12":"instock","13":"product-type-external"},"brands":[{"id":64,"name":"ERA","slug":"era"}],"_links":{"self":[{"href":"https:\/\/www.autonvaraosahaku.fi\/index.php?rest_route=\/wp\/v2\/product\/89242","targetHints":{"allow":["GET"]}}],"collection":[{"href":"https:\/\/www.autonvaraosahaku.fi\/index.php?rest_route=\/wp\/v2\/product"}],"about":[{"href":"https:\/\/www.autonvaraosahaku.fi\/index.php?rest_route=\/wp\/v2\/types\/product"}],"wp:attachment":[{"href":"https:\/\/www.autonvaraosahaku.fi\/index.php?rest_route=%2Fwp%2Fv2%2Fmedia&parent=89242"}],"wp:term":[{"taxonomy":"pwb-brand","embeddable":true,"href":"https:\/\/www.autonvaraosahaku.fi\/index.php?rest_route=%2Fwp%2Fv2%2Fpwb-brand&post=89242"},{"taxonomy":"product_cat","embeddable":true,"href":"https:\/\/www.autonvaraosahaku.fi\/index.php?rest_route=%2Fwp%2Fv2%2Fproduct_cat&post=89242"},{"taxonomy":"product_tag","embeddable":true,"href":"https:\/\/www.autonvaraosahaku.fi\/index.php?rest_route=%2Fwp%2Fv2%2Fproduct_tag&post=89242"}],"curies":[{"name":"wp","href":"https:\/\/api.w.org\/{rel}","templated":true}]}}