{"id":89298,"date":"2021-02-21T21:10:26","date_gmt":"2021-02-21T21:10:26","guid":{"rendered":"https:\/\/www.autonvaraosahaku.fi\/?product=topran-109-246-vetonivelen-suojakumi"},"modified":"2021-02-21T21:10:31","modified_gmt":"2021-02-21T21:10:31","slug":"topran-109-246-vetonivelen-suojakumi","status":"publish","type":"product","link":"https:\/\/www.autonvaraosahaku.fi\/?product=topran-109-246-vetonivelen-suojakumi","title":{"rendered":"TOPRAN 109 246 Vetonivelen suojakumi"},"content":{"rendered":"<p>Sis\u00e4l\u00e4pimitta 1 [mm]: 18; Sis\u00e4l\u00e4pimitta 2 [mm]: 100; Korkeus (mm): 114; Paljekumin materiaali: Kumi-metalli; Asennuspuoli: Vorderachse links; VW: GOLF IV 1J1,GOLF III 1H1,GOLF IV Variant 1J5,GOLF II 19E, 1G1,PASSAT Variant 3A5, 35I,BORA 1J2,NEW BEETLE 9C1, 1C1,BORA Kombi 1J6,PASSAT 3A2, 35I,VENTO 1H2,JETTA II 19E, 1G2, 165,PASSAT 32B; AUDI: A3 8L1; SKODA: OCTAVIA Combi 1U5; SEAT: IBIZA II 6K1,CORDOBA 6K1, 6K2,TOLEDO I 1L; 1J0407283, 321407283A, 1J0407283, 321407283A, 1J0407283, 321407283A, 1J0407283, 321407283A; Vetoakselin Suojakumi,Paljekumi, Vetoakseli<\/p>\n","protected":false},"excerpt":{"rendered":"<p>TOPRAN Vetonivelen Suojakumi 109 246 Vetoakselin Suojakumi,Paljekumi, Vetoakseli VW,AUDI,SKODA,GOLF IV 1J1,GOLF III 1H1,GOLF IV Variant 1J5<\/p>\n","protected":false},"featured_media":0,"template":"","meta":{"site-sidebar-layout":"default","site-content-layout":"default","ast-global-header-display":"","ast-main-header-display":"","ast-hfb-above-header-display":"","ast-hfb-below-header-display":"","ast-hfb-mobile-header-display":"","site-post-title":"","ast-breadcrumbs-content":"","ast-featured-img":"","footer-sml-layout":"","theme-transparent-header-meta":"","adv-header-id-meta":"","stick-header-meta":"","header-above-stick-meta":"","header-main-stick-meta":"","header-below-stick-meta":""},"pwb-brand":[18],"product_cat":[42],"product_tag":[],"class_list":{"0":"post-89298","1":"product","2":"type-product","3":"status-publish","5":"pwb-brand-topran","6":"product_cat-vetonivelen-suojakumi","7":"desktop-align-left","8":"tablet-align-left","9":"mobile-align-left","11":"first","12":"instock","13":"product-type-external"},"brands":[{"id":18,"name":"TOPRAN","slug":"topran"}],"_links":{"self":[{"href":"https:\/\/www.autonvaraosahaku.fi\/index.php?rest_route=\/wp\/v2\/product\/89298","targetHints":{"allow":["GET"]}}],"collection":[{"href":"https:\/\/www.autonvaraosahaku.fi\/index.php?rest_route=\/wp\/v2\/product"}],"about":[{"href":"https:\/\/www.autonvaraosahaku.fi\/index.php?rest_route=\/wp\/v2\/types\/product"}],"wp:attachment":[{"href":"https:\/\/www.autonvaraosahaku.fi\/index.php?rest_route=%2Fwp%2Fv2%2Fmedia&parent=89298"}],"wp:term":[{"taxonomy":"pwb-brand","embeddable":true,"href":"https:\/\/www.autonvaraosahaku.fi\/index.php?rest_route=%2Fwp%2Fv2%2Fpwb-brand&post=89298"},{"taxonomy":"product_cat","embeddable":true,"href":"https:\/\/www.autonvaraosahaku.fi\/index.php?rest_route=%2Fwp%2Fv2%2Fproduct_cat&post=89298"},{"taxonomy":"product_tag","embeddable":true,"href":"https:\/\/www.autonvaraosahaku.fi\/index.php?rest_route=%2Fwp%2Fv2%2Fproduct_tag&post=89298"}],"curies":[{"name":"wp","href":"https:\/\/api.w.org\/{rel}","templated":true}]}}