{"id":89302,"date":"2021-02-21T21:10:26","date_gmt":"2021-02-21T21:10:26","guid":{"rendered":"https:\/\/www.autonvaraosahaku.fi\/?product=topran-109-048-polttoainesuodatin"},"modified":"2021-02-21T21:10:33","modified_gmt":"2021-02-21T21:10:33","slug":"topran-109-048-polttoainesuodatin","status":"publish","type":"product","link":"https:\/\/www.autonvaraosahaku.fi\/?product=topran-109-048-polttoainesuodatin","title":{"rendered":"TOPRAN 109 048 Polttoainesuodatin"},"content":{"rendered":"<p>Suodatintyyppi: Letkusuodatin, Suodattimen l\u00e4mmitys; Polttoaineen saanti: f\u00fcr Fahrzeuge mit Kraftstoffr\u00fccklaufsystem; VW: PASSAT Variant 3B6,PASSAT 3B3; AUDI: A4 Avant 8ED, B7,A4 Avant 8E5, B6,A6 Avant 4B5, C5,A4 8E2, B6,A6 4B2, C5,A4 8EC, B7,A8 4D2, 4D8; SKODA: SUPERB 3U4; 057127401A, 057127435D, 059127401, 059127401E, 057127401A, 057127435D, 059127401, 059127401E, 057127401A, 057127435D, 059127401, 059127401E<\/p>\n","protected":false},"excerpt":{"rendered":"<p>TOPRAN Polttoainesuodatin 109 048  VW,AUDI,SKODA,PASSAT Variant 3B6,PASSAT 3B3,A4 Avant 8ED, B7,A4 Avant 8E5, B6,A6 Avant 4B5, C5,A4 8E2, B6<\/p>\n","protected":false},"featured_media":0,"template":"","meta":{"site-sidebar-layout":"default","site-content-layout":"default","ast-global-header-display":"","ast-main-header-display":"","ast-hfb-above-header-display":"","ast-hfb-below-header-display":"","ast-hfb-mobile-header-display":"","site-post-title":"","ast-breadcrumbs-content":"","ast-featured-img":"","footer-sml-layout":"","theme-transparent-header-meta":"","adv-header-id-meta":"","stick-header-meta":"","header-above-stick-meta":"","header-main-stick-meta":"","header-below-stick-meta":""},"pwb-brand":[18],"product_cat":[29],"product_tag":[],"class_list":{"0":"post-89302","1":"product","2":"type-product","3":"status-publish","5":"pwb-brand-topran","6":"product_cat-polttoainesuodatin","7":"desktop-align-left","8":"tablet-align-left","9":"mobile-align-left","11":"first","12":"instock","13":"product-type-external"},"brands":[{"id":18,"name":"TOPRAN","slug":"topran"}],"_links":{"self":[{"href":"https:\/\/www.autonvaraosahaku.fi\/index.php?rest_route=\/wp\/v2\/product\/89302","targetHints":{"allow":["GET"]}}],"collection":[{"href":"https:\/\/www.autonvaraosahaku.fi\/index.php?rest_route=\/wp\/v2\/product"}],"about":[{"href":"https:\/\/www.autonvaraosahaku.fi\/index.php?rest_route=\/wp\/v2\/types\/product"}],"wp:attachment":[{"href":"https:\/\/www.autonvaraosahaku.fi\/index.php?rest_route=%2Fwp%2Fv2%2Fmedia&parent=89302"}],"wp:term":[{"taxonomy":"pwb-brand","embeddable":true,"href":"https:\/\/www.autonvaraosahaku.fi\/index.php?rest_route=%2Fwp%2Fv2%2Fpwb-brand&post=89302"},{"taxonomy":"product_cat","embeddable":true,"href":"https:\/\/www.autonvaraosahaku.fi\/index.php?rest_route=%2Fwp%2Fv2%2Fproduct_cat&post=89302"},{"taxonomy":"product_tag","embeddable":true,"href":"https:\/\/www.autonvaraosahaku.fi\/index.php?rest_route=%2Fwp%2Fv2%2Fproduct_tag&post=89302"}],"curies":[{"name":"wp","href":"https:\/\/api.w.org\/{rel}","templated":true}]}}