{"id":89325,"date":"2021-02-21T21:10:39","date_gmt":"2021-02-21T21:10:39","guid":{"rendered":"https:\/\/www.autonvaraosahaku.fi\/?product=topran-107-722-jaahdyttimen-tuuletin"},"modified":"2021-02-21T21:10:48","modified_gmt":"2021-02-21T21:10:48","slug":"topran-107-722-jaahdyttimen-tuuletin","status":"publish","type":"product","link":"https:\/\/www.autonvaraosahaku.fi\/?product=topran-107-722-jaahdyttimen-tuuletin","title":{"rendered":"TOPRAN 107 722 J\u00e4\u00e4hdyttimen tuuletin"},"content":{"rendered":"<p>K\u00e4ytt\u00f6: S\u00e4hk\u00f6inen; L\u00e4mmityslaite \/ j\u00e4\u00e4hdytys: Tuuletin, yksinkertainen, Sis. tuulettimen siiven; Py\u00f6rimissuunta: Py\u00f6rimissuunta my\u00f6t\u00e4p\u00e4iv\u00e4\u00e4n; Nimellisteho (W): 300; Ulkol\u00e4pimitta [mm]: 280; Napojen m\u00e4\u00e4r\u00e4: 2; Puhallinsiipen lukum\u00e4\u00e4r\u00e4: 8; Alustanumerosta: 4D-S-004301; VW: SHARAN 7M8, 7M9, 7M6,PASSAT Variant 3B5,PASSAT 3B2; AUDI: A4 8D2, B5,A6 Avant 4B5, C5,A4 Avant 8D5, B5,A6 4B2, C5,A8 4D2, 4D8,A6 Avant 4A, C4,A6 4A, C4; SEAT: ALHAMBRA 7V8, 7V9; FORD: GALAXY WGR,ESCORT VII GAL, AAL, ABL,ESCORT VII Kombi GAL, ANL,ESCORT VII Stufenheck GAL, AFL; 4B0959455, 4B3959455B, 7M0959455G, 7M0959455M, 8D0959455C, 8D0959455L, 1009901, 1011638, 97VW15150BA, 97VW15150DA, 4B0959455, 4B3959455B, 7M0959455G, 7M0959455M, 8D0959455C, 8D0959455L, 4B0959455, 4B3959455B, 7M0959455G, 7M0959455M, 8D0959455C, 8D0959455L; Tuuletin, Moottorin J\u00e4\u00e4hdytys<\/p>\n","protected":false},"excerpt":{"rendered":"<p>TOPRAN J\u00e4\u00e4hdyttimen Tuuletin 107 722 Tuuletin, Moottorin J\u00e4\u00e4hdytys VW,AUDI,SEAT,SHARAN 7M8, 7M9, 7M6,PASSAT Variant 3B5,PASSAT 3B2,A4 8D2, B5<\/p>\n","protected":false},"featured_media":0,"template":"","meta":{"site-sidebar-layout":"default","site-content-layout":"default","ast-global-header-display":"","ast-main-header-display":"","ast-hfb-above-header-display":"","ast-hfb-below-header-display":"","ast-hfb-mobile-header-display":"","site-post-title":"","ast-breadcrumbs-content":"","ast-featured-img":"","footer-sml-layout":"","theme-transparent-header-meta":"","adv-header-id-meta":"","stick-header-meta":"","header-above-stick-meta":"","header-main-stick-meta":"","header-below-stick-meta":""},"pwb-brand":[18],"product_cat":[313],"product_tag":[],"class_list":{"0":"post-89325","1":"product","2":"type-product","3":"status-publish","5":"pwb-brand-topran","6":"product_cat-jaahdyttimen-tuuletin","7":"desktop-align-left","8":"tablet-align-left","9":"mobile-align-left","11":"first","12":"instock","13":"product-type-external"},"brands":[{"id":18,"name":"TOPRAN","slug":"topran"}],"_links":{"self":[{"href":"https:\/\/www.autonvaraosahaku.fi\/index.php?rest_route=\/wp\/v2\/product\/89325","targetHints":{"allow":["GET"]}}],"collection":[{"href":"https:\/\/www.autonvaraosahaku.fi\/index.php?rest_route=\/wp\/v2\/product"}],"about":[{"href":"https:\/\/www.autonvaraosahaku.fi\/index.php?rest_route=\/wp\/v2\/types\/product"}],"wp:attachment":[{"href":"https:\/\/www.autonvaraosahaku.fi\/index.php?rest_route=%2Fwp%2Fv2%2Fmedia&parent=89325"}],"wp:term":[{"taxonomy":"pwb-brand","embeddable":true,"href":"https:\/\/www.autonvaraosahaku.fi\/index.php?rest_route=%2Fwp%2Fv2%2Fpwb-brand&post=89325"},{"taxonomy":"product_cat","embeddable":true,"href":"https:\/\/www.autonvaraosahaku.fi\/index.php?rest_route=%2Fwp%2Fv2%2Fproduct_cat&post=89325"},{"taxonomy":"product_tag","embeddable":true,"href":"https:\/\/www.autonvaraosahaku.fi\/index.php?rest_route=%2Fwp%2Fv2%2Fproduct_tag&post=89325"}],"curies":[{"name":"wp","href":"https:\/\/api.w.org\/{rel}","templated":true}]}}