{"id":89333,"date":"2021-02-21T21:10:52","date_gmt":"2021-02-21T21:10:52","guid":{"rendered":"https:\/\/www.autonvaraosahaku.fi\/?product=topran-107-304-jaahdyttimen-letku"},"modified":"2021-02-21T21:10:54","modified_gmt":"2021-02-21T21:10:54","slug":"topran-107-304-jaahdyttimen-letku","status":"publish","type":"product","link":"https:\/\/www.autonvaraosahaku.fi\/?product=topran-107-304-jaahdyttimen-letku","title":{"rendered":"TOPRAN 107 304 J\u00e4\u00e4hdyttimen letku"},"content":{"rendered":"<p>Materiaali: Kumi kudosvahvikkeella; J\u00e4\u00e4hdytysjohto: \u00d6ljynj\u00e4\u00e4hdytt\u00e4j\u00e4st\u00e4 nesteputkeen; TECDOC-moottorinumero: 4139; VW: GOLF III 1H1,GOLF II 19E, 1G1,PASSAT Variant 3A5, 35I,GOLF III Variant 1H5,PASSAT 3A2, 35I,VENTO 1H2,JETTA II 19E, 1G2, 165; SEAT: TOLEDO I 1L; 037121058A, 037121058A<\/p>\n","protected":false},"excerpt":{"rendered":"<p>TOPRAN J\u00e4\u00e4hdyttimen Letku 107 304  VW,SEAT,GOLF III 1H1,GOLF II 19E, 1G1,PASSAT Variant 3A5, 35I,GOLF III Variant 1H5,PASSAT 3A2, 35I,VENTO 1H2<\/p>\n","protected":false},"featured_media":0,"template":"","meta":{"site-sidebar-layout":"default","site-content-layout":"default","ast-global-header-display":"","ast-main-header-display":"","ast-hfb-above-header-display":"","ast-hfb-below-header-display":"","ast-hfb-mobile-header-display":"","site-post-title":"","ast-breadcrumbs-content":"","ast-featured-img":"","footer-sml-layout":"","theme-transparent-header-meta":"","adv-header-id-meta":"","stick-header-meta":"","header-above-stick-meta":"","header-main-stick-meta":"","header-below-stick-meta":""},"pwb-brand":[18],"product_cat":[206],"product_tag":[],"class_list":{"0":"post-89333","1":"product","2":"type-product","3":"status-publish","5":"pwb-brand-topran","6":"product_cat-jaahdyttimen-letku","7":"desktop-align-left","8":"tablet-align-left","9":"mobile-align-left","11":"first","12":"instock","13":"product-type-external"},"brands":[{"id":18,"name":"TOPRAN","slug":"topran"}],"_links":{"self":[{"href":"https:\/\/www.autonvaraosahaku.fi\/index.php?rest_route=\/wp\/v2\/product\/89333","targetHints":{"allow":["GET"]}}],"collection":[{"href":"https:\/\/www.autonvaraosahaku.fi\/index.php?rest_route=\/wp\/v2\/product"}],"about":[{"href":"https:\/\/www.autonvaraosahaku.fi\/index.php?rest_route=\/wp\/v2\/types\/product"}],"wp:attachment":[{"href":"https:\/\/www.autonvaraosahaku.fi\/index.php?rest_route=%2Fwp%2Fv2%2Fmedia&parent=89333"}],"wp:term":[{"taxonomy":"pwb-brand","embeddable":true,"href":"https:\/\/www.autonvaraosahaku.fi\/index.php?rest_route=%2Fwp%2Fv2%2Fpwb-brand&post=89333"},{"taxonomy":"product_cat","embeddable":true,"href":"https:\/\/www.autonvaraosahaku.fi\/index.php?rest_route=%2Fwp%2Fv2%2Fproduct_cat&post=89333"},{"taxonomy":"product_tag","embeddable":true,"href":"https:\/\/www.autonvaraosahaku.fi\/index.php?rest_route=%2Fwp%2Fv2%2Fproduct_tag&post=89333"}],"curies":[{"name":"wp","href":"https:\/\/api.w.org\/{rel}","templated":true}]}}