{"id":89336,"date":"2021-02-21T21:10:52","date_gmt":"2021-02-21T21:10:52","guid":{"rendered":"https:\/\/www.autonvaraosahaku.fi\/?product=topran-104-353-kytkin-paasylinteri"},"modified":"2021-02-21T21:10:56","modified_gmt":"2021-02-21T21:10:56","slug":"topran-104-353-kytkin-paasylinteri","status":"publish","type":"product","link":"https:\/\/www.autonvaraosahaku.fi\/?product=topran-104-353-kytkin-paasylinteri","title":{"rendered":"TOPRAN 104 353 Kytkin p\u00e4\u00e4sylinteri"},"content":{"rendered":"<p>Vaihtoehtoinen korjaussarja: 103 763; Huomioi j\u00e4rjestelm\u00e4-t\u00e4ytt\u00f6m\u00e4\u00e4r\u00e4: ; Sylinterim\u00e4nn\u00e4n halkaisija [mm]: 19,05; Kotelomateriaali: Alumiini; Moottorinumero: JN; AUDI: 80 8C, B4,80 89, 89Q, 8A, B3,80 Avant 8C, B4,90 89, 89Q, 8A, B3; 893721401A, 893721401B, 893721401D; P\u00e4\u00e4sylinteri, Kytkin<\/p>\n","protected":false},"excerpt":{"rendered":"<p>TOPRAN Kytkin P\u00e4\u00e4sylinteri 104 353 P\u00e4\u00e4sylinteri, Kytkin AUDI,80 8C, B4,80 89, 89Q, 8A, B3,80 Avant 8C, B4,90 89, 89Q, 8A, B3<\/p>\n","protected":false},"featured_media":0,"template":"","meta":{"site-sidebar-layout":"default","site-content-layout":"default","ast-global-header-display":"","ast-main-header-display":"","ast-hfb-above-header-display":"","ast-hfb-below-header-display":"","ast-hfb-mobile-header-display":"","site-post-title":"","ast-breadcrumbs-content":"","ast-featured-img":"","footer-sml-layout":"","theme-transparent-header-meta":"","adv-header-id-meta":"","stick-header-meta":"","header-above-stick-meta":"","header-main-stick-meta":"","header-below-stick-meta":""},"pwb-brand":[18],"product_cat":[239],"product_tag":[],"class_list":{"0":"post-89336","1":"product","2":"type-product","3":"status-publish","5":"pwb-brand-topran","6":"product_cat-kytkin-paasylinteri","7":"desktop-align-left","8":"tablet-align-left","9":"mobile-align-left","11":"first","12":"instock","13":"product-type-external"},"brands":[{"id":18,"name":"TOPRAN","slug":"topran"}],"_links":{"self":[{"href":"https:\/\/www.autonvaraosahaku.fi\/index.php?rest_route=\/wp\/v2\/product\/89336","targetHints":{"allow":["GET"]}}],"collection":[{"href":"https:\/\/www.autonvaraosahaku.fi\/index.php?rest_route=\/wp\/v2\/product"}],"about":[{"href":"https:\/\/www.autonvaraosahaku.fi\/index.php?rest_route=\/wp\/v2\/types\/product"}],"wp:attachment":[{"href":"https:\/\/www.autonvaraosahaku.fi\/index.php?rest_route=%2Fwp%2Fv2%2Fmedia&parent=89336"}],"wp:term":[{"taxonomy":"pwb-brand","embeddable":true,"href":"https:\/\/www.autonvaraosahaku.fi\/index.php?rest_route=%2Fwp%2Fv2%2Fpwb-brand&post=89336"},{"taxonomy":"product_cat","embeddable":true,"href":"https:\/\/www.autonvaraosahaku.fi\/index.php?rest_route=%2Fwp%2Fv2%2Fproduct_cat&post=89336"},{"taxonomy":"product_tag","embeddable":true,"href":"https:\/\/www.autonvaraosahaku.fi\/index.php?rest_route=%2Fwp%2Fv2%2Fproduct_tag&post=89336"}],"curies":[{"name":"wp","href":"https:\/\/api.w.org\/{rel}","templated":true}]}}